{"id":8688,"date":"2024-08-19T10:43:28","date_gmt":"2024-08-19T10:43:28","guid":{"rendered":"http:\/\/www.hubertus-schuetzenverein.de\/?page_id=8688"},"modified":"2025-08-14T05:02:40","modified_gmt":"2025-08-14T05:02:40","slug":"pressebericht-schuetzenfest-2024","status":"publish","type":"page","link":"https:\/\/www.hubertus-schuetzenverein.de\/?page_id=8688","title":{"rendered":"2024"},"content":{"rendered":"\n<p id=\"E69\">Pascal Elling neuer K\u00f6nig bei den Hubertus Sch\u00fctzen<\/p>\n\n\n\n<p id=\"E72\">Der Hubertus Sch\u00fctzenverein Salzbergen e. V. feierte vom 10.-12. August sein 59. Sch\u00fctzenfest. Er\u00f6ffnet wurde das Sch\u00fctzenfest am Samstagabend wie \u00fcblich mit einem Wortgottesdienst durch Pastor Droste. Im Anschluss daran fand die gro\u00dfe Zeltparty mit dem DJ-Team \u201eXplosion\u201c statt, welches bis in die fr\u00fchen Morgenstunden f\u00fcr Stimmung auf dem Festzelt sorgte.<\/p>\n\n\n\n<p id=\"E106\">Folgende Sch\u00fctzenbr\u00fcder wurden am Sonntagmittag geehrt: F\u00fcr 50 Jahre Mitgliedschaft Karl-Heinz Bruns, Ludger Heckmann, Georg Kunk, Manfred Leschinski, Theo Metten und Hubert Wewel. F\u00fcr 25 Jahre Mitgliedschaft Matthias B\u00fcnker, Daniel Cichon, Thomas M\u00fclder, Ralf Sygulla, Daniel Thien, Thorsten Veerkamp und Bernd Wewel. F\u00fcr 20 Jahre Vorstand Daniel Thien. F\u00fcr 10 Jahre Vorstand Andr\u00e9 Elling. Moritz Focks erhielt eine Ehrung f\u00fcr den Wachek\u00f6nig 2023.<\/p>\n\n\n\n<p id=\"E160\">Am Sonntagnachmittag fand das Kindersch\u00fctzenfest statt. Hier gelang es Paul Wewel die Kinderk\u00f6nigsw\u00fcrde zu erringen, Pia K\u00fcnnemann wurde Kinderk\u00f6nigin. Beim K\u00f6nigschie\u00dfen am Montag gelang es Pascal Elling sich in einem Wettstreit mit weiteren Sch\u00fctzenbr\u00fcdern durchzusetzen und den Vogel abzuschie\u00dfen. Er \u00fcbernahm die Regentschaft von Jonas Thiel, zur K\u00f6nigin nahm er seine Freundin Helen. Beim Vogelschie\u00dfen gab es au\u00dferdem Orden f\u00fcr folgende treffsichere Sch\u00fctzen: Linker Fl\u00fcgel Henri Lammers, Rechter Fl\u00fcgel Mathis K\u00fcthe, Linke Kralle Moritz Lammers, Rechte Kralle Thomas Finzel, Schwanz Daniel Thien, Kopf Daniel Thien sowie f\u00fcr Krone Moritz Lammers, Zepter Rico Focks, Apfel Bj\u00f6rn Cichon. Die Kr\u00f6nung des Sch\u00fctzenfestes war wie immer der sehr gut besuchte K\u00f6nigsball am Montagabend mit der Stimmungsband \u201eFun Time Musik Entertainment\u201c.<\/p>\n\n\n\n<figure class=\"wp-block-gallery has-nested-images columns-default is-cropped wp-block-gallery-1 is-layout-flex wp-block-gallery-is-layout-flex\">\n<figure class=\"wp-block-image size-large\"><a href=\"https:\/\/i0.wp.com\/www.hubertus-schuetzenverein.de\/wp-content\/uploads\/2024\/08\/HubertusKoenigspaar_2024-scaled.jpg\"><img data-recalc-dims=\"1\" loading=\"lazy\" decoding=\"async\" width=\"682\" height=\"1024\" data-id=\"8681\" src=\"https:\/\/i0.wp.com\/www.hubertus-schuetzenverein.de\/wp-content\/uploads\/2024\/08\/HubertusKoenigspaar_2024.jpg?resize=682%2C1024\" alt=\"2024 - Pascal Elling und Helen K\u00fcnnemann\" class=\"wp-image-8681\" style=\"object-fit:cover\" srcset=\"https:\/\/i0.wp.com\/www.hubertus-schuetzenverein.de\/wp-content\/uploads\/2024\/08\/HubertusKoenigspaar_2024-scaled.jpg?resize=682%2C1024&amp;ssl=1 682w, https:\/\/i0.wp.com\/www.hubertus-schuetzenverein.de\/wp-content\/uploads\/2024\/08\/HubertusKoenigspaar_2024-scaled.jpg?resize=200%2C300&amp;ssl=1 200w, https:\/\/i0.wp.com\/www.hubertus-schuetzenverein.de\/wp-content\/uploads\/2024\/08\/HubertusKoenigspaar_2024-scaled.jpg?resize=768%2C1152&amp;ssl=1 768w, https:\/\/i0.wp.com\/www.hubertus-schuetzenverein.de\/wp-content\/uploads\/2024\/08\/HubertusKoenigspaar_2024-scaled.jpg?resize=1024%2C1536&amp;ssl=1 1024w, https:\/\/i0.wp.com\/www.hubertus-schuetzenverein.de\/wp-content\/uploads\/2024\/08\/HubertusKoenigspaar_2024-scaled.jpg?resize=1365%2C2048&amp;ssl=1 1365w, https:\/\/i0.wp.com\/www.hubertus-schuetzenverein.de\/wp-content\/uploads\/2024\/08\/HubertusKoenigspaar_2024-scaled.jpg?w=1706&amp;ssl=1 1706w\" sizes=\"auto, (max-width: 682px) 100vw, 682px\" \/><\/a><figcaption class=\"wp-element-caption\">2024 &#8211; Pascal Elling und Helen K\u00fcnnemann<\/figcaption><\/figure>\n\n\n\n<figure class=\"wp-block-image size-large\"><a href=\"https:\/\/i0.wp.com\/www.hubertus-schuetzenverein.de\/wp-content\/uploads\/2024\/08\/HubertusKinderkoenigspaar_2024.jpg\"><img data-recalc-dims=\"1\" loading=\"lazy\" decoding=\"async\" width=\"768\" height=\"1024\" data-id=\"8698\" src=\"https:\/\/i0.wp.com\/www.hubertus-schuetzenverein.de\/wp-content\/uploads\/2024\/08\/HubertusKinderkoenigspaar_2024.jpg?resize=768%2C1024\" alt=\"2024 - Paul Wewel und Pia K\u00fcnnemann\" class=\"wp-image-8698\" srcset=\"https:\/\/i0.wp.com\/www.hubertus-schuetzenverein.de\/wp-content\/uploads\/2024\/08\/HubertusKinderkoenigspaar_2024.jpg?resize=768%2C1024&amp;ssl=1 768w, https:\/\/i0.wp.com\/www.hubertus-schuetzenverein.de\/wp-content\/uploads\/2024\/08\/HubertusKinderkoenigspaar_2024.jpg?resize=225%2C300&amp;ssl=1 225w, https:\/\/i0.wp.com\/www.hubertus-schuetzenverein.de\/wp-content\/uploads\/2024\/08\/HubertusKinderkoenigspaar_2024.jpg?resize=1152%2C1536&amp;ssl=1 1152w, https:\/\/i0.wp.com\/www.hubertus-schuetzenverein.de\/wp-content\/uploads\/2024\/08\/HubertusKinderkoenigspaar_2024.jpg?w=1200&amp;ssl=1 1200w\" sizes=\"auto, (max-width: 768px) 100vw, 768px\" \/><\/a><figcaption class=\"wp-element-caption\">2024 &#8211; Paul Wewel und Pia K\u00fcnnemann<\/figcaption><\/figure>\n<\/figure>\n","protected":false},"excerpt":{"rendered":"<p>Pascal Elling neuer K\u00f6nig bei den Hubertus Sch\u00fctzen Der Hubertus Sch\u00fctzenverein Salzbergen e. V. feierte vom 10.-12. August sein 59. Sch\u00fctzenfest. Er\u00f6ffnet wurde das Sch\u00fctzenfest am Samstagabend wie \u00fcblich mit einem Wortgottesdienst durch Pastor Droste. Im Anschluss daran fand die gro\u00dfe Zeltparty mit dem DJ-Team \u201eXplosion\u201c statt, welches bis in die fr\u00fchen Morgenstunden f\u00fcr Stimmung [&hellip;]<\/p>\n","protected":false},"author":1,"featured_media":0,"parent":2458,"menu_order":0,"comment_status":"closed","ping_status":"closed","template":"","meta":{"jetpack_post_was_ever_published":false,"footnotes":""},"class_list":["post-8688","page","type-page","status-publish","hentry","entry"],"jetpack_sharing_enabled":true,"jetpack_shortlink":"https:\/\/wp.me\/P8RsoT-2g8","jetpack-related-posts":[{"id":9124,"url":"https:\/\/www.hubertus-schuetzenverein.de\/?page_id=9124","url_meta":{"origin":8688,"position":0},"title":"Pressebericht Sch\u00fctzenfest 2025","author":"Thorsten","date":"August 14, 2025","format":false,"excerpt":"Niels Finke neuer K\u00f6nig des Hubertus Sch\u00fctzenvereins Der Hubertus Sch\u00fctzenverein Salzbergen e. V. feierte vom 09.-11. August sein 60. Sch\u00fctzenfest. Er\u00f6ffnet wurde das Sch\u00fctzenfest am Samstagabend wie \u00fcblich mit einem Wortgottesdienst durch Pastor Droste. Im Anschluss daran fand die gro\u00dfe Zeltparty mit dem DJ-Team \u201eXplosion\u201c statt, welches bis in die\u2026","rel":"","context":"\u00c4hnlicher Beitrag","block_context":{"text":"\u00c4hnlicher Beitrag","link":""},"img":{"alt_text":"2025 - Niels und Melanie Finke","src":"https:\/\/i0.wp.com\/www.hubertus-schuetzenverein.de\/wp-content\/uploads\/2025\/08\/HubertusKoenigspaar_2025-scaled.jpg?resize=350%2C200","width":350,"height":200,"srcset":"https:\/\/i0.wp.com\/www.hubertus-schuetzenverein.de\/wp-content\/uploads\/2025\/08\/HubertusKoenigspaar_2025-scaled.jpg?resize=350%2C200 1x, https:\/\/i0.wp.com\/www.hubertus-schuetzenverein.de\/wp-content\/uploads\/2025\/08\/HubertusKoenigspaar_2025-scaled.jpg?resize=525%2C300 1.5x, https:\/\/i0.wp.com\/www.hubertus-schuetzenverein.de\/wp-content\/uploads\/2025\/08\/HubertusKoenigspaar_2025-scaled.jpg?resize=700%2C400 2x, https:\/\/i0.wp.com\/www.hubertus-schuetzenverein.de\/wp-content\/uploads\/2025\/08\/HubertusKoenigspaar_2025-scaled.jpg?resize=1050%2C600 3x, https:\/\/i0.wp.com\/www.hubertus-schuetzenverein.de\/wp-content\/uploads\/2025\/08\/HubertusKoenigspaar_2025-scaled.jpg?resize=1400%2C800 4x"},"classes":[]},{"id":292,"url":"https:\/\/www.hubertus-schuetzenverein.de\/?page_id=292","url_meta":{"origin":8688,"position":1},"title":"2016","author":"Thorsten","date":"Juni 20, 2017","format":false,"excerpt":"Thomas Altevolmer ist der neue K\u00f6nig im Kongo Der Hubertus \u2013 Sch\u00fctzenverein Salzbergen e. V. feierte vom 13.-15. August sein 51. Sch\u00fctzenfest. Der Samstag stand ganz im Zeichen eines Wachejubelfestes. Die Kongo-Wache feierte ihr 25-j\u00e4hriges Bestehen. Hier gelang es Fabian Altevolmer der 3. Jugendsch\u00fctzenk\u00f6nig in Salzbergen zu werden. Am Sonntagnachmittag\u2026","rel":"","context":"\u00c4hnlicher Beitrag","block_context":{"text":"\u00c4hnlicher Beitrag","link":""},"img":{"alt_text":"Saskia Altemeyer und Fabian Altevolmer, Reinhild und Thomas Altevolmer, Helga und Hermann Struffert ","src":"https:\/\/i0.wp.com\/www.hubertus-schuetzenverein.de\/wp-content\/uploads\/2017\/06\/alle_koenige_2016-300x200.jpg?resize=350%2C200","width":350,"height":200},"classes":[]},{"id":7693,"url":"https:\/\/www.hubertus-schuetzenverein.de\/?page_id=7693","url_meta":{"origin":8688,"position":2},"title":"2022","author":"Thorsten","date":"August 23, 2022","format":false,"excerpt":"Olaf Nega neuer K\u00f6nig bei den Hubertus Sch\u00fctzen\u00a0 Der Hubertus Sch\u00fctzenverein Salzbergen e. V. feierte vom 13.-15. August sein 57. Sch\u00fctzenfest. Er\u00f6ffnet wurde das Sch\u00fctzenfest am Samstagabend mit einem Wortgottesdienst durch Pastor Droste. Im Anschluss daran spielte die Party-Band 6th Avenue und brachte das Festzelt zum Beben.\u00a0 Folgende Sch\u00fctzenbr\u00fcder wurden\u2026","rel":"","context":"\u00c4hnlicher Beitrag","block_context":{"text":"\u00c4hnlicher Beitrag","link":""},"img":{"alt_text":"2022 - Yvonne und Olaf Nega, Foto: Klaus G\u00f6dde","src":"https:\/\/i0.wp.com\/www.hubertus-schuetzenverein.de\/wp-content\/uploads\/2022\/08\/koenig_2022-scaled.jpg?resize=350%2C200&ssl=1","width":350,"height":200,"srcset":"https:\/\/i0.wp.com\/www.hubertus-schuetzenverein.de\/wp-content\/uploads\/2022\/08\/koenig_2022-scaled.jpg?resize=350%2C200&ssl=1 1x, https:\/\/i0.wp.com\/www.hubertus-schuetzenverein.de\/wp-content\/uploads\/2022\/08\/koenig_2022-scaled.jpg?resize=525%2C300&ssl=1 1.5x, https:\/\/i0.wp.com\/www.hubertus-schuetzenverein.de\/wp-content\/uploads\/2022\/08\/koenig_2022-scaled.jpg?resize=700%2C400&ssl=1 2x, https:\/\/i0.wp.com\/www.hubertus-schuetzenverein.de\/wp-content\/uploads\/2022\/08\/koenig_2022-scaled.jpg?resize=1050%2C600&ssl=1 3x, https:\/\/i0.wp.com\/www.hubertus-schuetzenverein.de\/wp-content\/uploads\/2022\/08\/koenig_2022-scaled.jpg?resize=1400%2C800&ssl=1 4x"},"classes":[]},{"id":3561,"url":"https:\/\/www.hubertus-schuetzenverein.de\/?page_id=3561","url_meta":{"origin":8688,"position":3},"title":"2014","author":"Thorsten","date":"Juni 29, 2017","format":false,"excerpt":"Prinz Karneval jetzt auch Sch\u00fctzenk\u00f6nig Der Hubertus \u2013 Sch\u00fctzenverein Salzbergen e. V. feierte vom 09.-11. August sein j\u00e4hrliches Sch\u00fctzenfest. Der Samstag stand ganz im Zeichen eines z\u00fcnftigen Musikabends. Erst traf man sich mit Pastor Droste zu einem Wortgottesdienst danach spielte DJ SKYLINEMUSIC Hits vom Plattenteller und weiter sp\u00e4ter wurde abgerocktmit\u2026","rel":"","context":"\u00c4hnlicher Beitrag","block_context":{"text":"\u00c4hnlicher Beitrag","link":""},"img":{"alt_text":"K\u00f6nig Andreas und seine K\u00f6nigin Claudia Stein - Klaus G\u00f6dde \u00a92014 ","src":"https:\/\/i0.wp.com\/wordpress.hubertus-schuetzenverein.de\/wp-content\/uploads\/2017\/06\/Koenig_2014-200x300.jpg?resize=350%2C200","width":350,"height":200},"classes":[]},{"id":3553,"url":"https:\/\/www.hubertus-schuetzenverein.de\/?page_id=3553","url_meta":{"origin":8688,"position":4},"title":"2013","author":"Thorsten","date":"Juni 29, 2017","format":false,"excerpt":"Pressbericht 2013 Der Hubertus \u2013 Sch\u00fctzenverein Salzbergen e. V. feierte vom 10. \u2013 12. August sein 48.Sch\u00fctzenfest. Der Samstag stand ganz im Zeichen eines z\u00fcnftigen Musikabends. Erst traf man sich mit Pastor Droste zu einem Wortgottesdienst danach spielte DJ SKYLINEMUSIC Hits vom Plattenteller und weiter sp\u00e4ter wurde abgerockt mit der\u2026","rel":"","context":"\u00c4hnlicher Beitrag","block_context":{"text":"\u00c4hnlicher Beitrag","link":""},"img":{"alt_text":"","src":"https:\/\/i0.wp.com\/wordpress.hubertus-schuetzenverein.de\/wp-content\/uploads\/2017\/06\/presse-2013-300x200.jpg?resize=350%2C200","width":350,"height":200},"classes":[]},{"id":3550,"url":"https:\/\/www.hubertus-schuetzenverein.de\/?page_id=3550","url_meta":{"origin":8688,"position":5},"title":"2012","author":"Thorsten","date":"Juni 29, 2017","format":false,"excerpt":"Pressebericht 2012 Cichon ist neuer K\u00f6nig in Salzbergen Der Hubertus \u2013 Sch\u00fctzenverein Salzbergen e. V. feierte vom 11. \u2013 13. August sein 47. Sch\u00fctzenfest. Der Samstag stand ganz im Zeichen eines z\u00fcnftigen Musikabends. Man traf sich bei z\u00fcnftiger Blasmusik mit den Vechtetalmusikanten und weiter sp\u00e4ter mit \u201eFeeling\u201c zum ab rocken.\u2026","rel":"","context":"\u00c4hnlicher Beitrag","block_context":{"text":"\u00c4hnlicher Beitrag","link":""},"img":{"alt_text":"v. l. K\u00f6nig Bj\u00f6rn Cichon mit Conny Mahl und den Vorjahresk\u00f6nig Christoph Thiel mit K\u00f6nigin Sandra Sterzik - Klaus G\u00f6dde\u00a0\u00a9 2012","src":"https:\/\/i0.wp.com\/wordpress.hubertus-schuetzenverein.de\/wp-content\/uploads\/2017\/06\/presse2012-294x300.jpg?resize=350%2C200","width":350,"height":200},"classes":[]}],"_links":{"self":[{"href":"https:\/\/www.hubertus-schuetzenverein.de\/index.php?rest_route=\/wp\/v2\/pages\/8688","targetHints":{"allow":["GET"]}}],"collection":[{"href":"https:\/\/www.hubertus-schuetzenverein.de\/index.php?rest_route=\/wp\/v2\/pages"}],"about":[{"href":"https:\/\/www.hubertus-schuetzenverein.de\/index.php?rest_route=\/wp\/v2\/types\/page"}],"author":[{"embeddable":true,"href":"https:\/\/www.hubertus-schuetzenverein.de\/index.php?rest_route=\/wp\/v2\/users\/1"}],"replies":[{"embeddable":true,"href":"https:\/\/www.hubertus-schuetzenverein.de\/index.php?rest_route=%2Fwp%2Fv2%2Fcomments&post=8688"}],"version-history":[{"count":7,"href":"https:\/\/www.hubertus-schuetzenverein.de\/index.php?rest_route=\/wp\/v2\/pages\/8688\/revisions"}],"predecessor-version":[{"id":9129,"href":"https:\/\/www.hubertus-schuetzenverein.de\/index.php?rest_route=\/wp\/v2\/pages\/8688\/revisions\/9129"}],"up":[{"embeddable":true,"href":"https:\/\/www.hubertus-schuetzenverein.de\/index.php?rest_route=\/wp\/v2\/pages\/2458"}],"wp:attachment":[{"href":"https:\/\/www.hubertus-schuetzenverein.de\/index.php?rest_route=%2Fwp%2Fv2%2Fmedia&parent=8688"}],"curies":[{"name":"wp","href":"https:\/\/api.w.org\/{rel}","templated":true}]}}