{"id":865,"date":"2017-06-22T12:35:03","date_gmt":"2017-06-22T12:35:03","guid":{"rendered":"http:\/\/wordpress.hubertus-schuetzenverein.de\/?page_id=865"},"modified":"2023-11-09T06:17:28","modified_gmt":"2023-11-09T06:17:28","slug":"kinderschuetzenfest","status":"publish","type":"page","link":"https:\/\/www.hubertus-schuetzenverein.de\/?page_id=865","title":{"rendered":"Kindersch\u00fctzenfest"},"content":{"rendered":"<div class=\"swpm-post-not-logged-in-msg\">Sie m\u00fcssen sich anmelden, um diesen Inhalt einsehen zu k\u00f6nnen. Bitte <a class=\"swpm-login-link\" href=\"http:\/\/www.hubertus-schuetzenverein.de\/?page_id=8376\">Anmelden<\/a>. Kein Mitglied? <a href=\"http:\/\/www.hubertus-schuetzenverein.de\/?page_id=8376\">Werden Sie Mitglied bei uns<\/a><\/div>","protected":false},"excerpt":{"rendered":"<p>Sie m\u00fcssen sich anmelden, um diesen Inhalt einsehen zu k\u00f6nnen. Bitte Anmelden. Kein Mitglied? Werden Sie Mitglied bei uns<\/p>\n","protected":false},"author":1,"featured_media":0,"parent":855,"menu_order":0,"comment_status":"closed","ping_status":"closed","template":"","meta":{"jetpack_post_was_ever_published":false,"footnotes":""},"class_list":["post-865","page","type-page","status-publish","hentry","entry"],"jetpack_sharing_enabled":true,"jetpack_shortlink":"https:\/\/wp.me\/P8RsoT-dX","jetpack-related-posts":[{"id":855,"url":"https:\/\/www.hubertus-schuetzenverein.de\/?page_id=855","url_meta":{"origin":865,"position":0},"title":"Sch\u00fctzenfest 2011","author":"Thorsten","date":"Juni 22, 2017","format":false,"excerpt":"Kindersch\u00fctzenfest 2011 Wachesch\u00fctzenfest 2011 Sonntag 2011 Montagmorgen 2011 Montagabend 2011","rel":"","context":"\u00c4hnlicher Beitrag","block_context":{"text":"\u00c4hnlicher Beitrag","link":""},"img":{"alt_text":"","src":"https:\/\/i0.wp.com\/www.hubertus-schuetzenverein.de\/wp-content\/uploads\/2017\/06\/Kindersf-11-1.jpg?resize=350%2C200","width":350,"height":200,"srcset":"https:\/\/i0.wp.com\/www.hubertus-schuetzenverein.de\/wp-content\/uploads\/2017\/06\/Kindersf-11-1.jpg?resize=350%2C200 1x, https:\/\/i0.wp.com\/www.hubertus-schuetzenverein.de\/wp-content\/uploads\/2017\/06\/Kindersf-11-1.jpg?resize=525%2C300 1.5x"},"classes":[]},{"id":3547,"url":"https:\/\/www.hubertus-schuetzenverein.de\/?page_id=3547","url_meta":{"origin":865,"position":1},"title":"2011","author":"Thorsten","date":"Juni 29, 2017","format":false,"excerpt":"Pressebericht 2011 Christoph Thiel schie\u00dft den Vogel von der Stange. Der Hubertus \u2013 Sch\u00fctzenverein Salzbergen e. V. feierte vom 13.-15. August sein 46. Sch\u00fctzenfest. Der Samstag stand ganz im Zeichen eines Wachejubelfestes, hier gelang es Daniel Cichon erster Jugendsch\u00fctzenk\u00f6nig zu werden. Nachmittags beim Kindersch\u00fctzenfest wurde David Seggering Kinderk\u00f6nig, Anna Focks\u2026","rel":"","context":"\u00c4hnlicher Beitrag","block_context":{"text":"\u00c4hnlicher Beitrag","link":""},"img":{"alt_text":"v. l. Vorjahresk\u00f6nig Klaus Becke mit Heike Humpack und den neuen K\u00f6nig Christoph Thiel mit seiner K\u00f6nigin Sandra Sterzik Klaus G\u00f6dde \u00a9 2011","src":"https:\/\/i0.wp.com\/wordpress.hubertus-schuetzenverein.de\/wp-content\/uploads\/2017\/06\/presse2011-300x258.jpg?resize=350%2C200","width":350,"height":200},"classes":[]},{"id":2475,"url":"https:\/\/www.hubertus-schuetzenverein.de\/?page_id=2475","url_meta":{"origin":865,"position":2},"title":"2004","author":"Thorsten","date":"Juni 27, 2017","format":false,"excerpt":"Pressebericht 2004 Thomas Finzel Sch\u00fctzenk\u00f6nig in Salzbergen Der Hubertus-Sch\u00fctzenverein Salzbergen feierte vergangenes Wochenende sein Sch\u00fctzenfest. Samstagnachmittag beim Kindersch\u00fctzenfest gelang es Markus Dieckm\u00e4nnken als Nachfolger von Yannik Faller die Kinderk\u00f6nigsw\u00fcrde zu erringen, Tabea Sch\u00fcring wurde Kinderk\u00f6nigin. Am Sonntag pr\u00e4gte ein gro\u00dfer Festumzug das Geschehen. Neun Sch\u00fctzenbr\u00fcder erhielten eine Anstecknadel f\u00fcr 25\u2026","rel":"","context":"\u00c4hnlicher Beitrag","block_context":{"text":"\u00c4hnlicher Beitrag","link":""},"img":{"alt_text":"Kristina Menke und Thomas Finzel, + K\u00f6nigspaar 2003 Franz Kestering und Erna Schilling - Klaus G\u00f6dde \u00a9 2016","src":"https:\/\/i0.wp.com\/wordpress.hubertus-schuetzenverein.de\/wp-content\/uploads\/2017\/06\/presse2004-300x200.jpg?resize=350%2C200","width":350,"height":200},"classes":[]},{"id":3550,"url":"https:\/\/www.hubertus-schuetzenverein.de\/?page_id=3550","url_meta":{"origin":865,"position":3},"title":"2012","author":"Thorsten","date":"Juni 29, 2017","format":false,"excerpt":"Pressebericht 2012 Cichon ist neuer K\u00f6nig in Salzbergen Der Hubertus \u2013 Sch\u00fctzenverein Salzbergen e. V. feierte vom 11. \u2013 13. August sein 47. Sch\u00fctzenfest. Der Samstag stand ganz im Zeichen eines z\u00fcnftigen Musikabends. Man traf sich bei z\u00fcnftiger Blasmusik mit den Vechtetalmusikanten und weiter sp\u00e4ter mit \u201eFeeling\u201c zum ab rocken.\u2026","rel":"","context":"\u00c4hnlicher Beitrag","block_context":{"text":"\u00c4hnlicher Beitrag","link":""},"img":{"alt_text":"v. l. K\u00f6nig Bj\u00f6rn Cichon mit Conny Mahl und den Vorjahresk\u00f6nig Christoph Thiel mit K\u00f6nigin Sandra Sterzik - Klaus G\u00f6dde\u00a0\u00a9 2012","src":"https:\/\/i0.wp.com\/wordpress.hubertus-schuetzenverein.de\/wp-content\/uploads\/2017\/06\/presse2012-294x300.jpg?resize=350%2C200","width":350,"height":200},"classes":[]},{"id":2481,"url":"https:\/\/www.hubertus-schuetzenverein.de\/?page_id=2481","url_meta":{"origin":865,"position":4},"title":"2005","author":"Thorsten","date":"Juni 27, 2017","format":false,"excerpt":"Pressebericht 2005 Thomas M\u00fclder: K\u00f6nig vom Langenberg Beim Kindersch\u00fctzenfest wurde Marco Thale Kindersch\u00fctzenk\u00f6nig, er w\u00e4hlte Sarah Altevolmer zur K\u00f6nigin. Sonntagnachmittag wurden f\u00fcnf Sch\u00fctzenbr\u00fcder f\u00fcr 25 Jahre Mitgliedschaft vom Vorsitzenden Manfred Leschinski geehrt. Nach dem Festumzug fand ein Plakettenschie\u00dfen statt, wobei in der Altersgruppe bis 35 Michael Busch Gold, Stefan Busch\u2026","rel":"","context":"\u00c4hnlicher Beitrag","block_context":{"text":"\u00c4hnlicher Beitrag","link":""},"img":{"alt_text":"Thomas und Barbara M\u00fclder + Vorjahresk\u00f6nigspaar Thomas Finzel und Kristina Menke im Vordergrund die Kinder des K\u00f6nigspaares - Klaus G\u00f6dde \u00a9 2016","src":"https:\/\/i0.wp.com\/wordpress.hubertus-schuetzenverein.de\/wp-content\/uploads\/2017\/06\/presse2005-300x200.jpg?resize=350%2C200","width":350,"height":200},"classes":[]},{"id":3542,"url":"https:\/\/www.hubertus-schuetzenverein.de\/?page_id=3542","url_meta":{"origin":865,"position":5},"title":"2009","author":"Thorsten","date":"Juni 29, 2017","format":false,"excerpt":"Pressebericht 2009 Helmut Siepker ist neuer K\u00f6nig Helmut Siepker (rechts) ist neuer K\u00f6nig im Hubertus-Sch\u00fctzenverein Salzbergen. K\u00f6nigin ist Karola Siepker. Beim Kindersch\u00fctzenfest gelang es Alexander M\u00fclder, die Kinderk\u00f6nigsw\u00fcrde zu erringen, Julia van der Zee wurde Kinderk\u00f6nigin. Geehrt wurden Stefan D\u00fctz, Helmut Harmann, Stefan Thiel, Heinz Thien, Michael Twilling, Rolf Effner,\u2026","rel":"","context":"\u00c4hnlicher Beitrag","block_context":{"text":"\u00c4hnlicher Beitrag","link":""},"img":{"alt_text":"v.l. Das alte K\u00f6nigspaar Matthias B\u00fcnker und Heike Th\u00fcnemann + Helmut und Karola Siepker - Th\u00fcnemann \u00a9 2009","src":"https:\/\/i0.wp.com\/wordpress.hubertus-schuetzenverein.de\/wp-content\/uploads\/2017\/06\/presse2009-300x240.jpg?resize=350%2C200","width":350,"height":200},"classes":[]}],"_links":{"self":[{"href":"https:\/\/www.hubertus-schuetzenverein.de\/index.php?rest_route=\/wp\/v2\/pages\/865","targetHints":{"allow":["GET"]}}],"collection":[{"href":"https:\/\/www.hubertus-schuetzenverein.de\/index.php?rest_route=\/wp\/v2\/pages"}],"about":[{"href":"https:\/\/www.hubertus-schuetzenverein.de\/index.php?rest_route=\/wp\/v2\/types\/page"}],"author":[{"embeddable":true,"href":"https:\/\/www.hubertus-schuetzenverein.de\/index.php?rest_route=\/wp\/v2\/users\/1"}],"replies":[{"embeddable":true,"href":"https:\/\/www.hubertus-schuetzenverein.de\/index.php?rest_route=%2Fwp%2Fv2%2Fcomments&post=865"}],"version-history":[{"count":4,"href":"https:\/\/www.hubertus-schuetzenverein.de\/index.php?rest_route=\/wp\/v2\/pages\/865\/revisions"}],"predecessor-version":[{"id":8514,"href":"https:\/\/www.hubertus-schuetzenverein.de\/index.php?rest_route=\/wp\/v2\/pages\/865\/revisions\/8514"}],"up":[{"embeddable":true,"href":"https:\/\/www.hubertus-schuetzenverein.de\/index.php?rest_route=\/wp\/v2\/pages\/855"}],"wp:attachment":[{"href":"https:\/\/www.hubertus-schuetzenverein.de\/index.php?rest_route=%2Fwp%2Fv2%2Fmedia&parent=865"}],"curies":[{"name":"wp","href":"https:\/\/api.w.org\/{rel}","templated":true}]}}