{"id":857,"date":"2017-06-22T12:31:04","date_gmt":"2017-06-22T12:31:04","guid":{"rendered":"http:\/\/wordpress.hubertus-schuetzenverein.de\/?page_id=857"},"modified":"2023-11-09T07:45:40","modified_gmt":"2023-11-09T07:45:40","slug":"schuetzenfest-2012","status":"publish","type":"page","link":"https:\/\/www.hubertus-schuetzenverein.de\/?page_id=857","title":{"rendered":"Sch\u00fctzenfest 2012"},"content":{"rendered":"<div class=\"swpm-post-not-logged-in-msg\">Sie m\u00fcssen sich anmelden, um diesen Inhalt einsehen zu k\u00f6nnen. Bitte <a class=\"swpm-login-link\" href=\"http:\/\/www.hubertus-schuetzenverein.de\/?page_id=8376\">Anmelden<\/a>. Kein Mitglied? <a href=\"http:\/\/www.hubertus-schuetzenverein.de\/?page_id=8376\">Werden Sie Mitglied bei uns<\/a><\/div>","protected":false},"excerpt":{"rendered":"<p>Sie m\u00fcssen sich anmelden, um diesen Inhalt einsehen zu k\u00f6nnen. Bitte Anmelden. Kein Mitglied? Werden Sie Mitglied bei uns<\/p>\n","protected":false},"author":1,"featured_media":0,"parent":595,"menu_order":0,"comment_status":"closed","ping_status":"closed","template":"","meta":{"jetpack_post_was_ever_published":false,"footnotes":""},"class_list":["post-857","page","type-page","status-publish","hentry","entry"],"jetpack_sharing_enabled":true,"jetpack_shortlink":"https:\/\/wp.me\/P8RsoT-dP","jetpack-related-posts":[{"id":861,"url":"https:\/\/www.hubertus-schuetzenverein.de\/?page_id=861","url_meta":{"origin":857,"position":0},"title":"Sch\u00fctzenfest 2015","author":"Thorsten","date":"Juni 22, 2017","format":false,"excerpt":"Freitag Samstag Sonntag Montagmorgen Montagabend","rel":"","context":"\u00c4hnlicher Beitrag","block_context":{"text":"\u00c4hnlicher Beitrag","link":""},"img":{"alt_text":"","src":"https:\/\/i0.wp.com\/www.hubertus-schuetzenverein.de\/wp-content\/uploads\/2017\/06\/Sf-Freitag-15-1.jpg?resize=350%2C200","width":350,"height":200,"srcset":"https:\/\/i0.wp.com\/www.hubertus-schuetzenverein.de\/wp-content\/uploads\/2017\/06\/Sf-Freitag-15-1.jpg?resize=350%2C200 1x, https:\/\/i0.wp.com\/www.hubertus-schuetzenverein.de\/wp-content\/uploads\/2017\/06\/Sf-Freitag-15-1.jpg?resize=525%2C300 1.5x, https:\/\/i0.wp.com\/www.hubertus-schuetzenverein.de\/wp-content\/uploads\/2017\/06\/Sf-Freitag-15-1.jpg?resize=700%2C400 2x, https:\/\/i0.wp.com\/www.hubertus-schuetzenverein.de\/wp-content\/uploads\/2017\/06\/Sf-Freitag-15-1.jpg?resize=1050%2C600 3x"},"classes":[]},{"id":855,"url":"https:\/\/www.hubertus-schuetzenverein.de\/?page_id=855","url_meta":{"origin":857,"position":1},"title":"Sch\u00fctzenfest 2011","author":"Thorsten","date":"Juni 22, 2017","format":false,"excerpt":"Kindersch\u00fctzenfest 2011 Wachesch\u00fctzenfest 2011 Sonntag 2011 Montagmorgen 2011 Montagabend 2011","rel":"","context":"\u00c4hnlicher Beitrag","block_context":{"text":"\u00c4hnlicher Beitrag","link":""},"img":{"alt_text":"","src":"https:\/\/i0.wp.com\/www.hubertus-schuetzenverein.de\/wp-content\/uploads\/2017\/06\/Kindersf-11-1.jpg?resize=350%2C200","width":350,"height":200,"srcset":"https:\/\/i0.wp.com\/www.hubertus-schuetzenverein.de\/wp-content\/uploads\/2017\/06\/Kindersf-11-1.jpg?resize=350%2C200 1x, https:\/\/i0.wp.com\/www.hubertus-schuetzenverein.de\/wp-content\/uploads\/2017\/06\/Kindersf-11-1.jpg?resize=525%2C300 1.5x"},"classes":[]},{"id":2213,"url":"https:\/\/www.hubertus-schuetzenverein.de\/?page_id=2213","url_meta":{"origin":857,"position":2},"title":"Sonntag","author":"Thorsten","date":"Juni 22, 2017","format":false,"excerpt":"Sch\u00fctzenfest 2014","rel":"","context":"\u00c4hnlicher Beitrag","block_context":{"text":"\u00c4hnlicher Beitrag","link":""},"img":{"alt_text":"","src":"https:\/\/i0.wp.com\/www.hubertus-schuetzenverein.de\/wp-content\/uploads\/2017\/06\/Sf-Sonntag-14-1.jpg?resize=350%2C200","width":350,"height":200,"srcset":"https:\/\/i0.wp.com\/www.hubertus-schuetzenverein.de\/wp-content\/uploads\/2017\/06\/Sf-Sonntag-14-1.jpg?resize=350%2C200 1x, https:\/\/i0.wp.com\/www.hubertus-schuetzenverein.de\/wp-content\/uploads\/2017\/06\/Sf-Sonntag-14-1.jpg?resize=525%2C300 1.5x, https:\/\/i0.wp.com\/www.hubertus-schuetzenverein.de\/wp-content\/uploads\/2017\/06\/Sf-Sonntag-14-1.jpg?resize=700%2C400 2x"},"classes":[]},{"id":1395,"url":"https:\/\/www.hubertus-schuetzenverein.de\/?page_id=1395","url_meta":{"origin":857,"position":3},"title":"Sch\u00fctzenfest 2014","author":"Thorsten","date":"Juni 22, 2017","format":false,"excerpt":"Sonntag Montag","rel":"","context":"\u00c4hnlicher Beitrag","block_context":{"text":"\u00c4hnlicher Beitrag","link":""},"img":{"alt_text":"","src":"https:\/\/i0.wp.com\/www.hubertus-schuetzenverein.de\/wp-content\/uploads\/2017\/06\/Sf-Sonntag-14-1.jpg?resize=350%2C200","width":350,"height":200,"srcset":"https:\/\/i0.wp.com\/www.hubertus-schuetzenverein.de\/wp-content\/uploads\/2017\/06\/Sf-Sonntag-14-1.jpg?resize=350%2C200 1x, https:\/\/i0.wp.com\/www.hubertus-schuetzenverein.de\/wp-content\/uploads\/2017\/06\/Sf-Sonntag-14-1.jpg?resize=525%2C300 1.5x, https:\/\/i0.wp.com\/www.hubertus-schuetzenverein.de\/wp-content\/uploads\/2017\/06\/Sf-Sonntag-14-1.jpg?resize=700%2C400 2x"},"classes":[]},{"id":3193,"url":"https:\/\/www.hubertus-schuetzenverein.de\/?page_id=3193","url_meta":{"origin":857,"position":4},"title":"Sonntag","author":"Thorsten","date":"Juni 28, 2017","format":false,"excerpt":"Sonntag Sch\u00fctzenfest 2016","rel":"","context":"\u00c4hnlicher Beitrag","block_context":{"text":"\u00c4hnlicher Beitrag","link":""},"img":{"alt_text":"","src":"https:\/\/i0.wp.com\/www.hubertus-schuetzenverein.de\/wp-content\/uploads\/2017\/06\/Sf-Sonntag-16-1.jpg?resize=350%2C200","width":350,"height":200,"srcset":"https:\/\/i0.wp.com\/www.hubertus-schuetzenverein.de\/wp-content\/uploads\/2017\/06\/Sf-Sonntag-16-1.jpg?resize=350%2C200 1x, https:\/\/i0.wp.com\/www.hubertus-schuetzenverein.de\/wp-content\/uploads\/2017\/06\/Sf-Sonntag-16-1.jpg?resize=525%2C300 1.5x, https:\/\/i0.wp.com\/www.hubertus-schuetzenverein.de\/wp-content\/uploads\/2017\/06\/Sf-Sonntag-16-1.jpg?resize=700%2C400 2x"},"classes":[]},{"id":5413,"url":"https:\/\/www.hubertus-schuetzenverein.de\/?page_id=5413","url_meta":{"origin":857,"position":5},"title":"Sonntag","author":"Thorsten","date":"August 23, 2019","format":false,"excerpt":"Sonntag Sch\u00fctzenfest 2019","rel":"","context":"\u00c4hnlicher Beitrag","block_context":{"text":"\u00c4hnlicher Beitrag","link":""},"img":{"alt_text":"","src":"https:\/\/i0.wp.com\/www.hubertus-schuetzenverein.de\/wp-content\/uploads\/2019\/08\/SF_Sonntag_19-1.jpg?resize=350%2C200","width":350,"height":200,"srcset":"https:\/\/i0.wp.com\/www.hubertus-schuetzenverein.de\/wp-content\/uploads\/2019\/08\/SF_Sonntag_19-1.jpg?resize=350%2C200 1x, https:\/\/i0.wp.com\/www.hubertus-schuetzenverein.de\/wp-content\/uploads\/2019\/08\/SF_Sonntag_19-1.jpg?resize=525%2C300 1.5x, https:\/\/i0.wp.com\/www.hubertus-schuetzenverein.de\/wp-content\/uploads\/2019\/08\/SF_Sonntag_19-1.jpg?resize=700%2C400 2x, https:\/\/i0.wp.com\/www.hubertus-schuetzenverein.de\/wp-content\/uploads\/2019\/08\/SF_Sonntag_19-1.jpg?resize=1050%2C600 3x, https:\/\/i0.wp.com\/www.hubertus-schuetzenverein.de\/wp-content\/uploads\/2019\/08\/SF_Sonntag_19-1.jpg?resize=1400%2C800 4x"},"classes":[]}],"_links":{"self":[{"href":"https:\/\/www.hubertus-schuetzenverein.de\/index.php?rest_route=\/wp\/v2\/pages\/857","targetHints":{"allow":["GET"]}}],"collection":[{"href":"https:\/\/www.hubertus-schuetzenverein.de\/index.php?rest_route=\/wp\/v2\/pages"}],"about":[{"href":"https:\/\/www.hubertus-schuetzenverein.de\/index.php?rest_route=\/wp\/v2\/types\/page"}],"author":[{"embeddable":true,"href":"https:\/\/www.hubertus-schuetzenverein.de\/index.php?rest_route=\/wp\/v2\/users\/1"}],"replies":[{"embeddable":true,"href":"https:\/\/www.hubertus-schuetzenverein.de\/index.php?rest_route=%2Fwp%2Fv2%2Fcomments&post=857"}],"version-history":[{"count":6,"href":"https:\/\/www.hubertus-schuetzenverein.de\/index.php?rest_route=\/wp\/v2\/pages\/857\/revisions"}],"predecessor-version":[{"id":8532,"href":"https:\/\/www.hubertus-schuetzenverein.de\/index.php?rest_route=\/wp\/v2\/pages\/857\/revisions\/8532"}],"up":[{"embeddable":true,"href":"https:\/\/www.hubertus-schuetzenverein.de\/index.php?rest_route=\/wp\/v2\/pages\/595"}],"wp:attachment":[{"href":"https:\/\/www.hubertus-schuetzenverein.de\/index.php?rest_route=%2Fwp%2Fv2%2Fmedia&parent=857"}],"curies":[{"name":"wp","href":"https:\/\/api.w.org\/{rel}","templated":true}]}}