{"id":7693,"date":"2022-08-23T10:30:16","date_gmt":"2022-08-23T10:30:16","guid":{"rendered":"http:\/\/www.hubertus-schuetzenverein.de\/?page_id=7693"},"modified":"2024-08-19T10:38:16","modified_gmt":"2024-08-19T10:38:16","slug":"pressebericht-schuetzenfest-2022","status":"publish","type":"page","link":"https:\/\/www.hubertus-schuetzenverein.de\/?page_id=7693","title":{"rendered":"2022"},"content":{"rendered":"\n<p>Olaf Nega neuer K\u00f6nig bei den Hubertus Sch\u00fctzen&nbsp;<\/p>\n\n\n\n<p>Der Hubertus Sch\u00fctzenverein Salzbergen e. V. feierte vom 13.-15. August sein 57. Sch\u00fctzenfest. Er\u00f6ffnet wurde das Sch\u00fctzenfest am Samstagabend mit einem Wortgottesdienst durch Pastor Droste. Im Anschluss daran spielte die Party-Band 6th Avenue und brachte das Festzelt zum Beben.&nbsp;<\/p>\n\n\n\n<p>Folgende Sch\u00fctzenbr\u00fcder wurden am Sonntagmittag r\u00fcckwirkend f\u00fcr die letzen 3 Jahre geehrt:&nbsp;&nbsp;<\/p>\n\n\n\n<p><strong>2020<\/strong>: F\u00fcr 50 Jahre Otto Grothaus, Heinrich Kaiser und Hermann Struffert. F\u00fcr 25 Jahre Markus Scheffer, Ralf Woltermann, Thomas Effner, Helmut Th\u00fcnemann, Siegfried Scholz, Thomas Kolmes, Norbert Leifeling, Dieter Klokow und Holger Franz. 20 Jahre Vorstand Michael B\u00fcnker, 40 Jahre Schiesswart Manfred Wilde, 20 Jahre Schiesswart Franz Reckers, 20 Jahre Vorstand\/Schiesswart Thomas Scheepers&nbsp;<\/p>\n\n\n\n<p><strong>2021<\/strong>: F\u00fcr 50 Jahre Heinz Harmann. F\u00fcr 25 Jahre J\u00fcrgen Focks, Andreas Kunk, Christian Otten, J\u00fcrgen P\u00f6ttering, Andreas Reckers, Klaus G\u00f6dde und Reinhold Heufes.&nbsp;&nbsp;<\/p>\n\n\n\n<p><strong>2022:<\/strong> F\u00fcr 50 Jahre Manfred Finzel, Franz Jansen, Heinz Piepel und Alois Thiel. F\u00fcr 25 Jahre Udo Altevolmer, Thomas Merting, Ludger Harmann, Werner Heskamp und Christian Roters. 10 Jahre Vorstand Matthias R\u00f6ttering, 20 Jahre Vorstand Bernd Elling, 20 Jahre Gr\u00fcn Christian Oberhoff, Ralf Sygulla und Ansgar Fi\u00dfbeck.&nbsp;<\/p>\n\n\n\n<p>Chris Veismann erhielt eine Ehrung f\u00fcr den Wachek\u00f6nig 2019.&nbsp;&nbsp;<\/p>\n\n\n\n<p>Am Sonntagnachmittag fand das Kindersch\u00fctzenfest statt. Hier gelang es Max D\u00f6rnhoff die Kinderk\u00f6nigsw\u00fcrde zu erringen, Paula Steinforth wurde Kinderk\u00f6nigin. Am Montag wurde dann der neue K\u00f6nig gekr\u00f6nt. Olaf Nega war der gl\u00fcckliche Sch\u00fctze und \u00fcbernahm die Regentschaft von Reiner Thale, zur K\u00f6nigin nahm er seine Frau Yvonne. Beim Vogelschie\u00dfen gab es au\u00dferdem Orden f\u00fcr folgende treffsichere Sch\u00fctzen: Linker Fl\u00fcgel Andreas Reckers, Rechter Fl\u00fcgel Guido Metten, Linke Kralle Matthis K\u00fcthe, Rechte Kralle Bj\u00f6rn Cichon, Schwanz Patrick Stein, Kopf Christian Oberhoff\/Marco Thale sowie f\u00fcr Krone Christian Keutz, Zepter Holger Veerkamp, Apfel Ralf Woltermann.&nbsp;&nbsp;<\/p>\n\n\n\n<p>Die Kr\u00f6nung des Sch\u00fctzenfestes war zweifelsohne der K\u00f6nigsball am Montagabend mit der Stimmungsband \u201eFun Time Musik Entertainment\u201c.&nbsp;<\/p>\n\n\n\n<div class=\"wp-block-columns is-layout-flex wp-container-core-columns-is-layout-9d6595d7 wp-block-columns-is-layout-flex\">\n<div class=\"wp-block-column is-layout-flow wp-block-column-is-layout-flow\" style=\"flex-basis:100%\">\n<div class=\"wp-block-columns is-layout-flex wp-container-core-columns-is-layout-9d6595d7 wp-block-columns-is-layout-flex\">\n<div class=\"wp-block-column is-layout-flow wp-block-column-is-layout-flow\" style=\"flex-basis:100%\"><div class=\"wp-block-image\">\n<figure class=\"alignleft size-large is-resized\"><a href=\"https:\/\/i0.wp.com\/www.hubertus-schuetzenverein.de\/wp-content\/uploads\/2022\/08\/koenig_2022-scaled.jpg\"><img loading=\"lazy\" decoding=\"async\" src=\"https:\/\/i0.wp.com\/www.hubertus-schuetzenverein.de\/wp-content\/uploads\/2022\/08\/koenig_2022-scaled.jpg?fit=683%2C1024\" alt=\"2022 - Yvonne und Olaf Nega, Foto: Klaus G\u00f6dde\" class=\"wp-image-6320\" width=\"171\" height=\"256\" srcset=\"https:\/\/i0.wp.com\/www.hubertus-schuetzenverein.de\/wp-content\/uploads\/2022\/08\/koenig_2022-scaled.jpg?w=1707&amp;ssl=1 1707w, https:\/\/i0.wp.com\/www.hubertus-schuetzenverein.de\/wp-content\/uploads\/2022\/08\/koenig_2022-scaled.jpg?resize=200%2C300&amp;ssl=1 200w, https:\/\/i0.wp.com\/www.hubertus-schuetzenverein.de\/wp-content\/uploads\/2022\/08\/koenig_2022-scaled.jpg?resize=683%2C1024&amp;ssl=1 683w, https:\/\/i0.wp.com\/www.hubertus-schuetzenverein.de\/wp-content\/uploads\/2022\/08\/koenig_2022-scaled.jpg?resize=768%2C1152&amp;ssl=1 768w, https:\/\/i0.wp.com\/www.hubertus-schuetzenverein.de\/wp-content\/uploads\/2022\/08\/koenig_2022-scaled.jpg?resize=1024%2C1536&amp;ssl=1 1024w, https:\/\/i0.wp.com\/www.hubertus-schuetzenverein.de\/wp-content\/uploads\/2022\/08\/koenig_2022-scaled.jpg?resize=1365%2C2048&amp;ssl=1 1365w\" sizes=\"auto, (max-width: 171px) 100vw, 171px\" \/><\/a><figcaption class=\"wp-element-caption\">2022 &#8211; Yvonne und Olaf Nega, Foto: Klaus G\u00f6dde<\/figcaption><\/figure>\n<\/div>\n\n<div class=\"wp-block-image\">\n<figure class=\"alignleft size-large is-resized\"><a href=\"https:\/\/i0.wp.com\/www.hubertus-schuetzenverein.de\/wp-content\/uploads\/2022\/08\/Bild2.jpeg\"><img data-recalc-dims=\"1\" loading=\"lazy\" decoding=\"async\" src=\"https:\/\/i0.wp.com\/www.hubertus-schuetzenverein.de\/wp-content\/uploads\/2022\/08\/Bild2.jpeg?resize=192%2C256\" alt=\"Kinderk\u00f6nigspaar Max D\u00f6rnhoff und Paula Steinforth, Foto: Matthias R\u00f6ttering\" class=\"wp-image-7694\" width=\"192\" height=\"256\" srcset=\"https:\/\/i0.wp.com\/www.hubertus-schuetzenverein.de\/wp-content\/uploads\/2022\/08\/Bild2.jpeg?resize=768%2C1024&amp;ssl=1 768w, https:\/\/i0.wp.com\/www.hubertus-schuetzenverein.de\/wp-content\/uploads\/2022\/08\/Bild2.jpeg?resize=225%2C300&amp;ssl=1 225w, https:\/\/i0.wp.com\/www.hubertus-schuetzenverein.de\/wp-content\/uploads\/2022\/08\/Bild2.jpeg?w=1151&amp;ssl=1 1151w\" sizes=\"auto, (max-width: 192px) 100vw, 192px\" \/><\/a><figcaption class=\"wp-element-caption\">Kinderk\u00f6nigspaar Max D\u00f6rnhoff und Paula Steinforth, Foto: Matthias R\u00f6ttering <\/figcaption><\/figure>\n<\/div><\/div>\n<\/div>\n<\/div>\n<\/div>\n","protected":false},"excerpt":{"rendered":"<p>Olaf Nega neuer K\u00f6nig bei den Hubertus Sch\u00fctzen&nbsp; Der Hubertus Sch\u00fctzenverein Salzbergen e. V. feierte vom 13.-15. August sein 57. Sch\u00fctzenfest. Er\u00f6ffnet wurde das Sch\u00fctzenfest am Samstagabend mit einem Wortgottesdienst durch Pastor Droste. Im Anschluss daran spielte die Party-Band 6th Avenue und brachte das Festzelt zum Beben.&nbsp; Folgende Sch\u00fctzenbr\u00fcder wurden am Sonntagmittag r\u00fcckwirkend f\u00fcr die [&hellip;]<\/p>\n","protected":false},"author":1,"featured_media":0,"parent":2458,"menu_order":0,"comment_status":"closed","ping_status":"closed","template":"","meta":{"jetpack_post_was_ever_published":false,"footnotes":""},"class_list":["post-7693","page","type-page","status-publish","hentry","entry"],"jetpack_sharing_enabled":true,"jetpack_shortlink":"https:\/\/wp.me\/P8RsoT-205","jetpack-related-posts":[{"id":8688,"url":"https:\/\/www.hubertus-schuetzenverein.de\/?page_id=8688","url_meta":{"origin":7693,"position":0},"title":"2024","author":"Thorsten","date":"August 19, 2024","format":false,"excerpt":"Pascal Elling neuer K\u00f6nig bei den Hubertus Sch\u00fctzen Der Hubertus Sch\u00fctzenverein Salzbergen e. V. feierte vom 10.-12. August sein 59. Sch\u00fctzenfest. Er\u00f6ffnet wurde das Sch\u00fctzenfest am Samstagabend wie \u00fcblich mit einem Wortgottesdienst durch Pastor Droste. Im Anschluss daran fand die gro\u00dfe Zeltparty mit dem DJ-Team \u201eXplosion\u201c statt, welches bis in\u2026","rel":"","context":"\u00c4hnlicher Beitrag","block_context":{"text":"\u00c4hnlicher Beitrag","link":""},"img":{"alt_text":"2024 - Pascal Elling und Helen K\u00fcnnemann","src":"https:\/\/i0.wp.com\/www.hubertus-schuetzenverein.de\/wp-content\/uploads\/2024\/08\/HubertusKoenigspaar_2024-scaled.jpg?resize=350%2C200","width":350,"height":200,"srcset":"https:\/\/i0.wp.com\/www.hubertus-schuetzenverein.de\/wp-content\/uploads\/2024\/08\/HubertusKoenigspaar_2024-scaled.jpg?resize=350%2C200 1x, https:\/\/i0.wp.com\/www.hubertus-schuetzenverein.de\/wp-content\/uploads\/2024\/08\/HubertusKoenigspaar_2024-scaled.jpg?resize=525%2C300 1.5x, https:\/\/i0.wp.com\/www.hubertus-schuetzenverein.de\/wp-content\/uploads\/2024\/08\/HubertusKoenigspaar_2024-scaled.jpg?resize=700%2C400 2x, https:\/\/i0.wp.com\/www.hubertus-schuetzenverein.de\/wp-content\/uploads\/2024\/08\/HubertusKoenigspaar_2024-scaled.jpg?resize=1050%2C600 3x, https:\/\/i0.wp.com\/www.hubertus-schuetzenverein.de\/wp-content\/uploads\/2024\/08\/HubertusKoenigspaar_2024-scaled.jpg?resize=1400%2C800 4x"},"classes":[]},{"id":3545,"url":"https:\/\/www.hubertus-schuetzenverein.de\/?page_id=3545","url_meta":{"origin":7693,"position":1},"title":"2010","author":"Thorsten","date":"Juni 29, 2017","format":false,"excerpt":"Pressebericht 2010 Klaus Becke ist K\u00f6nig in Salzbergen Neuer K\u00f6nig des Hubertus-Sch\u00fctzenvereins Salzbergen ist Klaus Becke. Er \u00fcbernahm die Regentschaft vom Vorjahresk\u00f6nig Helmut Siepker. Beim Kindersch\u00fctzenfest holte Eric Kre\u00dfner die Kinderk\u00f6nigsw\u00fcrde, Juliane M\u00fclder wurde Kinderk\u00f6nigin. Am Sonntagnachmittag wurden Andreas Stein, Heinz Haumer, J\u00fcrgen Kestering und Andreas Kestering f\u00fcr 25 Jahre\u2026","rel":"","context":"\u00c4hnlicher Beitrag","block_context":{"text":"\u00c4hnlicher Beitrag","link":""},"img":{"alt_text":"v.l. Vorjahresk\u00f6nig Helmut und Karola Siepker + Klaus Becke und Heike Humpack - Andreas Sattler \u00a9 2010","src":"https:\/\/i0.wp.com\/wordpress.hubertus-schuetzenverein.de\/wp-content\/uploads\/2017\/06\/presse2010-300x200.jpg?resize=350%2C200","width":350,"height":200},"classes":[]},{"id":292,"url":"https:\/\/www.hubertus-schuetzenverein.de\/?page_id=292","url_meta":{"origin":7693,"position":2},"title":"2016","author":"Thorsten","date":"Juni 20, 2017","format":false,"excerpt":"Thomas Altevolmer ist der neue K\u00f6nig im Kongo Der Hubertus \u2013 Sch\u00fctzenverein Salzbergen e. V. feierte vom 13.-15. August sein 51. Sch\u00fctzenfest. Der Samstag stand ganz im Zeichen eines Wachejubelfestes. Die Kongo-Wache feierte ihr 25-j\u00e4hriges Bestehen. Hier gelang es Fabian Altevolmer der 3. Jugendsch\u00fctzenk\u00f6nig in Salzbergen zu werden. Am Sonntagnachmittag\u2026","rel":"","context":"\u00c4hnlicher Beitrag","block_context":{"text":"\u00c4hnlicher Beitrag","link":""},"img":{"alt_text":"Saskia Altemeyer und Fabian Altevolmer, Reinhild und Thomas Altevolmer, Helga und Hermann Struffert ","src":"https:\/\/i0.wp.com\/www.hubertus-schuetzenverein.de\/wp-content\/uploads\/2017\/06\/alle_koenige_2016-300x200.jpg?resize=350%2C200","width":350,"height":200},"classes":[]},{"id":3553,"url":"https:\/\/www.hubertus-schuetzenverein.de\/?page_id=3553","url_meta":{"origin":7693,"position":3},"title":"2013","author":"Thorsten","date":"Juni 29, 2017","format":false,"excerpt":"Pressbericht 2013 Der Hubertus \u2013 Sch\u00fctzenverein Salzbergen e. V. feierte vom 10. \u2013 12. August sein 48.Sch\u00fctzenfest. Der Samstag stand ganz im Zeichen eines z\u00fcnftigen Musikabends. Erst traf man sich mit Pastor Droste zu einem Wortgottesdienst danach spielte DJ SKYLINEMUSIC Hits vom Plattenteller und weiter sp\u00e4ter wurde abgerockt mit der\u2026","rel":"","context":"\u00c4hnlicher Beitrag","block_context":{"text":"\u00c4hnlicher Beitrag","link":""},"img":{"alt_text":"","src":"https:\/\/i0.wp.com\/wordpress.hubertus-schuetzenverein.de\/wp-content\/uploads\/2017\/06\/presse-2013-300x200.jpg?resize=350%2C200","width":350,"height":200},"classes":[]},{"id":3561,"url":"https:\/\/www.hubertus-schuetzenverein.de\/?page_id=3561","url_meta":{"origin":7693,"position":4},"title":"2014","author":"Thorsten","date":"Juni 29, 2017","format":false,"excerpt":"Prinz Karneval jetzt auch Sch\u00fctzenk\u00f6nig Der Hubertus \u2013 Sch\u00fctzenverein Salzbergen e. V. feierte vom 09.-11. August sein j\u00e4hrliches Sch\u00fctzenfest. Der Samstag stand ganz im Zeichen eines z\u00fcnftigen Musikabends. Erst traf man sich mit Pastor Droste zu einem Wortgottesdienst danach spielte DJ SKYLINEMUSIC Hits vom Plattenteller und weiter sp\u00e4ter wurde abgerocktmit\u2026","rel":"","context":"\u00c4hnlicher Beitrag","block_context":{"text":"\u00c4hnlicher Beitrag","link":""},"img":{"alt_text":"K\u00f6nig Andreas und seine K\u00f6nigin Claudia Stein - Klaus G\u00f6dde \u00a92014 ","src":"https:\/\/i0.wp.com\/wordpress.hubertus-schuetzenverein.de\/wp-content\/uploads\/2017\/06\/Koenig_2014-200x300.jpg?resize=350%2C200","width":350,"height":200},"classes":[]},{"id":9124,"url":"https:\/\/www.hubertus-schuetzenverein.de\/?page_id=9124","url_meta":{"origin":7693,"position":5},"title":"Pressebericht Sch\u00fctzenfest 2025","author":"Thorsten","date":"August 14, 2025","format":false,"excerpt":"Niels Finke neuer K\u00f6nig des Hubertus Sch\u00fctzenvereins Der Hubertus Sch\u00fctzenverein Salzbergen e. V. feierte vom 09.-11. August sein 60. Sch\u00fctzenfest. Er\u00f6ffnet wurde das Sch\u00fctzenfest am Samstagabend wie \u00fcblich mit einem Wortgottesdienst durch Pastor Droste. Im Anschluss daran fand die gro\u00dfe Zeltparty mit dem DJ-Team \u201eXplosion\u201c statt, welches bis in die\u2026","rel":"","context":"\u00c4hnlicher Beitrag","block_context":{"text":"\u00c4hnlicher Beitrag","link":""},"img":{"alt_text":"2025 - Niels und Melanie Finke","src":"https:\/\/i0.wp.com\/www.hubertus-schuetzenverein.de\/wp-content\/uploads\/2025\/08\/HubertusKoenigspaar_2025-scaled.jpg?resize=350%2C200","width":350,"height":200,"srcset":"https:\/\/i0.wp.com\/www.hubertus-schuetzenverein.de\/wp-content\/uploads\/2025\/08\/HubertusKoenigspaar_2025-scaled.jpg?resize=350%2C200 1x, https:\/\/i0.wp.com\/www.hubertus-schuetzenverein.de\/wp-content\/uploads\/2025\/08\/HubertusKoenigspaar_2025-scaled.jpg?resize=525%2C300 1.5x, https:\/\/i0.wp.com\/www.hubertus-schuetzenverein.de\/wp-content\/uploads\/2025\/08\/HubertusKoenigspaar_2025-scaled.jpg?resize=700%2C400 2x, https:\/\/i0.wp.com\/www.hubertus-schuetzenverein.de\/wp-content\/uploads\/2025\/08\/HubertusKoenigspaar_2025-scaled.jpg?resize=1050%2C600 3x, https:\/\/i0.wp.com\/www.hubertus-schuetzenverein.de\/wp-content\/uploads\/2025\/08\/HubertusKoenigspaar_2025-scaled.jpg?resize=1400%2C800 4x"},"classes":[]}],"_links":{"self":[{"href":"https:\/\/www.hubertus-schuetzenverein.de\/index.php?rest_route=\/wp\/v2\/pages\/7693","targetHints":{"allow":["GET"]}}],"collection":[{"href":"https:\/\/www.hubertus-schuetzenverein.de\/index.php?rest_route=\/wp\/v2\/pages"}],"about":[{"href":"https:\/\/www.hubertus-schuetzenverein.de\/index.php?rest_route=\/wp\/v2\/types\/page"}],"author":[{"embeddable":true,"href":"https:\/\/www.hubertus-schuetzenverein.de\/index.php?rest_route=\/wp\/v2\/users\/1"}],"replies":[{"embeddable":true,"href":"https:\/\/www.hubertus-schuetzenverein.de\/index.php?rest_route=%2Fwp%2Fv2%2Fcomments&post=7693"}],"version-history":[{"count":12,"href":"https:\/\/www.hubertus-schuetzenverein.de\/index.php?rest_route=\/wp\/v2\/pages\/7693\/revisions"}],"predecessor-version":[{"id":8329,"href":"https:\/\/www.hubertus-schuetzenverein.de\/index.php?rest_route=\/wp\/v2\/pages\/7693\/revisions\/8329"}],"up":[{"embeddable":true,"href":"https:\/\/www.hubertus-schuetzenverein.de\/index.php?rest_route=\/wp\/v2\/pages\/2458"}],"wp:attachment":[{"href":"https:\/\/www.hubertus-schuetzenverein.de\/index.php?rest_route=%2Fwp%2Fv2%2Fmedia&parent=7693"}],"curies":[{"name":"wp","href":"https:\/\/api.w.org\/{rel}","templated":true}]}}