{"id":57,"date":"2017-06-16T05:29:11","date_gmt":"2017-06-16T05:29:11","guid":{"rendered":"http:\/\/wordpress.hubertus-schuetzenverein.de\/?page_id=57"},"modified":"2026-04-08T19:56:45","modified_gmt":"2026-04-08T19:56:45","slug":"57-2","status":"publish","type":"page","link":"https:\/\/www.hubertus-schuetzenverein.de\/?page_id=57","title":{"rendered":"Termine"},"content":{"rendered":"\n<figure class=\"wp-block-table is-style-stripes\"><table class=\"has-fixed-layout\"><tbody><tr><td class=\"has-text-align-left\" data-align=\"left\"><strong>Datum<\/strong><\/td><td><strong>Uhrzeit<\/strong><\/td><td><strong>Termin<\/strong><\/td><td><strong>Treffpunkt<\/strong><\/td><\/tr><tr><td class=\"has-text-align-left\" data-align=\"left\">17.01.2026<\/td><td>14:30 Uhr<\/td><td>Winterwanderung<\/td><td>Sch\u00fctzenfestplatz<\/td><\/tr><tr><td class=\"has-text-align-left\" data-align=\"left\">09.05.2026<\/td><td>12:00 Uhr<\/td><td>Jubelfest Lemkershook<\/td><td>Sch\u00fctzenfestplatz<\/td><\/tr><tr><td class=\"has-text-align-left\" data-align=\"left\">24.05.2026<\/td><td>Noch offen<\/td><td>Jubelfest Bentlage Schleupe\u200b\u200b\u200b <\/td><td>Noch offen<\/td><\/tr><tr><td class=\"has-text-align-left\" data-align=\"left\">06.06.2026<\/td><td>14:00 Uhr<\/td><td>Fahrt ins Blaue<\/td><td>Sch\u00fctzenfestplatz<\/td><\/tr><tr><td class=\"has-text-align-left\" data-align=\"left\">08-10.08.2026<\/td><td>19:00 Uhr<\/td><td>Sch\u00fctzenfest 2026<\/td><td>Sch\u00fctzenfestplatz<\/td><\/tr><tr><td class=\"has-text-align-left\" data-align=\"left\">22.08.2026<\/td><td>Noch offen<\/td><td>Jubelfest Junggesellen Wettringen\u200b\u200b <\/td><td>Noch offen<\/td><\/tr><tr><td class=\"has-text-align-left\" data-align=\"left\"><strong>14.11.2026 (Neuer Termin)<\/strong><\/td><td><strong>19:30 Uhr<\/strong><\/td><td><strong>Generalversammlung<\/strong><\/td><td><strong>B\u00fcrgersaal (Neuer Ort)<\/strong><\/td><\/tr><tr><td class=\"has-text-align-left\" data-align=\"left\">15.11.2026<\/td><td>16:45 Uhr<\/td><td>Teilnahme am Volkstrauertag<\/td><td>Treffen an der Feuerwehr<\/td><\/tr><\/tbody><\/table><\/figure>\n\n\n\n<p><\/p>\n\n\n\n<p><\/p>\n","protected":false},"excerpt":{"rendered":"<p>Datum Uhrzeit Termin Treffpunkt 17.01.2026 14:30 Uhr Winterwanderung Sch\u00fctzenfestplatz 09.05.2026 12:00 Uhr Jubelfest Lemkershook Sch\u00fctzenfestplatz 24.05.2026 Noch offen Jubelfest Bentlage Schleupe\u200b\u200b\u200b Noch offen 06.06.2026 14:00 Uhr Fahrt ins Blaue Sch\u00fctzenfestplatz 08-10.08.2026 19:00 Uhr Sch\u00fctzenfest 2026 Sch\u00fctzenfestplatz 22.08.2026 Noch offen Jubelfest Junggesellen Wettringen\u200b\u200b Noch offen 14.11.2026 (Neuer Termin) 19:30 Uhr Generalversammlung B\u00fcrgersaal (Neuer Ort) 15.11.2026 16:45 [&hellip;]<\/p>\n","protected":false},"author":1,"featured_media":0,"parent":0,"menu_order":2,"comment_status":"closed","ping_status":"closed","template":"","meta":{"jetpack_post_was_ever_published":false,"footnotes":""},"class_list":["post-57","page","type-page","status-publish","hentry","entry"],"jetpack_sharing_enabled":true,"jetpack_shortlink":"https:\/\/wp.me\/P8RsoT-V","jetpack-related-posts":[],"_links":{"self":[{"href":"https:\/\/www.hubertus-schuetzenverein.de\/index.php?rest_route=\/wp\/v2\/pages\/57","targetHints":{"allow":["GET"]}}],"collection":[{"href":"https:\/\/www.hubertus-schuetzenverein.de\/index.php?rest_route=\/wp\/v2\/pages"}],"about":[{"href":"https:\/\/www.hubertus-schuetzenverein.de\/index.php?rest_route=\/wp\/v2\/types\/page"}],"author":[{"embeddable":true,"href":"https:\/\/www.hubertus-schuetzenverein.de\/index.php?rest_route=\/wp\/v2\/users\/1"}],"replies":[{"embeddable":true,"href":"https:\/\/www.hubertus-schuetzenverein.de\/index.php?rest_route=%2Fwp%2Fv2%2Fcomments&post=57"}],"version-history":[{"count":90,"href":"https:\/\/www.hubertus-schuetzenverein.de\/index.php?rest_route=\/wp\/v2\/pages\/57\/revisions"}],"predecessor-version":[{"id":9916,"href":"https:\/\/www.hubertus-schuetzenverein.de\/index.php?rest_route=\/wp\/v2\/pages\/57\/revisions\/9916"}],"wp:attachment":[{"href":"https:\/\/www.hubertus-schuetzenverein.de\/index.php?rest_route=%2Fwp%2Fv2%2Fmedia&parent=57"}],"curies":[{"name":"wp","href":"https:\/\/api.w.org\/{rel}","templated":true}]}}