{"id":4962,"date":"2019-01-25T10:40:59","date_gmt":"2019-01-25T10:40:59","guid":{"rendered":"http:\/\/www.hubertus-schuetzenverein.de\/?page_id=4962"},"modified":"2023-11-09T12:04:29","modified_gmt":"2023-11-09T12:04:29","slug":"winterspaziergang-2019","status":"publish","type":"page","link":"https:\/\/www.hubertus-schuetzenverein.de\/?page_id=4962","title":{"rendered":"Winterspaziergang 2019"},"content":{"rendered":"<div class=\"swpm-post-not-logged-in-msg\">Sie m\u00fcssen sich anmelden, um diesen Inhalt einsehen zu k\u00f6nnen. Bitte <a class=\"swpm-login-link\" href=\"http:\/\/www.hubertus-schuetzenverein.de\/?page_id=8376\">Anmelden<\/a>. Kein Mitglied? <a href=\"http:\/\/www.hubertus-schuetzenverein.de\/?page_id=8376\">Werden Sie Mitglied bei uns<\/a><\/div>","protected":false},"excerpt":{"rendered":"<p>Sie m\u00fcssen sich anmelden, um diesen Inhalt einsehen zu k\u00f6nnen. Bitte Anmelden. Kein Mitglied? Werden Sie Mitglied bei uns<\/p>\n","protected":false},"author":1,"featured_media":0,"parent":5372,"menu_order":0,"comment_status":"closed","ping_status":"closed","template":"","meta":{"jetpack_post_was_ever_published":false,"footnotes":""},"class_list":["post-4962","page","type-page","status-publish","hentry","entry"],"jetpack_sharing_enabled":true,"jetpack_shortlink":"https:\/\/wp.me\/P8RsoT-1i2","jetpack-related-posts":[{"id":4336,"url":"https:\/\/www.hubertus-schuetzenverein.de\/?page_id=4336","url_meta":{"origin":4962,"position":0},"title":"Winterspaziergang 2018","author":"Thorsten","date":"Januar 22, 2018","format":false,"excerpt":"Winterwanderung 2018 Wiinterspaziergang 2018 Winterwanderung","rel":"","context":"\u00c4hnlicher Beitrag","block_context":{"text":"\u00c4hnlicher Beitrag","link":""},"img":{"alt_text":"","src":"https:\/\/i0.wp.com\/www.hubertus-schuetzenverein.de\/wp-content\/uploads\/2018\/01\/Image00001.jpg?resize=350%2C200","width":350,"height":200,"srcset":"https:\/\/i0.wp.com\/www.hubertus-schuetzenverein.de\/wp-content\/uploads\/2018\/01\/Image00001.jpg?resize=350%2C200 1x, https:\/\/i0.wp.com\/www.hubertus-schuetzenverein.de\/wp-content\/uploads\/2018\/01\/Image00001.jpg?resize=525%2C300 1.5x, https:\/\/i0.wp.com\/www.hubertus-schuetzenverein.de\/wp-content\/uploads\/2018\/01\/Image00001.jpg?resize=700%2C400 2x, https:\/\/i0.wp.com\/www.hubertus-schuetzenverein.de\/wp-content\/uploads\/2018\/01\/Image00001.jpg?resize=1050%2C600 3x"},"classes":[]},{"id":5372,"url":"https:\/\/www.hubertus-schuetzenverein.de\/?page_id=5372","url_meta":{"origin":4962,"position":1},"title":"Winderwanderung","author":"Thorsten","date":"Juni 13, 2019","format":false,"excerpt":"Winterwanderung 2018 Winterwanderung 2019","rel":"","context":"\u00c4hnlicher Beitrag","block_context":{"text":"\u00c4hnlicher Beitrag","link":""},"img":{"alt_text":"","src":"https:\/\/i0.wp.com\/www.hubertus-schuetzenverein.de\/wp-content\/uploads\/2018\/01\/Image00009.jpg?resize=350%2C200","width":350,"height":200,"srcset":"https:\/\/i0.wp.com\/www.hubertus-schuetzenverein.de\/wp-content\/uploads\/2018\/01\/Image00009.jpg?resize=350%2C200 1x, https:\/\/i0.wp.com\/www.hubertus-schuetzenverein.de\/wp-content\/uploads\/2018\/01\/Image00009.jpg?resize=525%2C300 1.5x, https:\/\/i0.wp.com\/www.hubertus-schuetzenverein.de\/wp-content\/uploads\/2018\/01\/Image00009.jpg?resize=700%2C400 2x"},"classes":[]},{"id":595,"url":"https:\/\/www.hubertus-schuetzenverein.de\/?page_id=595","url_meta":{"origin":4962,"position":2},"title":"Fotos","author":"Thorsten","date":"Juni 22, 2017","format":false,"excerpt":"Fahrt ins Blaue Sch\u00fctzenfest 2025 Sch\u00fctzenfest 2024 Sch\u00fctzenfest 2023 Sch\u00fctzenfest 2022 Sch\u00fctzenfest 2019 Sch\u00fctzenfest 2018 Sch\u00fctzenfest 2017 Sch\u00fctzenfest 2016 Sch\u00fctzenfest 2015 Sch\u00fctzenfest 2014 Sch\u00fctzenfest 2013 Sch\u00fctzenfest 2012 Sch\u00fctzenfest 2011 Winterwanderung Generalversammlung","rel":"","context":"\u00c4hnlicher Beitrag","block_context":{"text":"\u00c4hnlicher Beitrag","link":""},"img":{"alt_text":"","src":"https:\/\/i0.wp.com\/www.hubertus-schuetzenverein.de\/wp-content\/uploads\/2017\/06\/Fahrt-ins-Blaue-11-6-1.jpg?resize=350%2C200","width":350,"height":200,"srcset":"https:\/\/i0.wp.com\/www.hubertus-schuetzenverein.de\/wp-content\/uploads\/2017\/06\/Fahrt-ins-Blaue-11-6-1.jpg?resize=350%2C200 1x, https:\/\/i0.wp.com\/www.hubertus-schuetzenverein.de\/wp-content\/uploads\/2017\/06\/Fahrt-ins-Blaue-11-6-1.jpg?resize=525%2C300 1.5x"},"classes":[]},{"id":57,"url":"https:\/\/www.hubertus-schuetzenverein.de\/?page_id=57","url_meta":{"origin":4962,"position":3},"title":"Termine","author":"Thorsten","date":"Juni 16, 2017","format":false,"excerpt":"DatumUhrzeitTerminTreffpunkt17.01.202614:30 UhrWinterwanderungSch\u00fctzenfestplatz09.05.202612:00 UhrJubelfest LemkershookSch\u00fctzenfestplatz24.05.2026Noch offenJubelfest Bentlage Schleupe\u200b\u200b\u200b Noch offen06.06.202614:00 UhrFahrt ins BlaueSch\u00fctzenfestplatz08-10.08.202619:00 UhrSch\u00fctzenfest 2026Sch\u00fctzenfestplatz22.08.2026Noch offenJubelfest Junggesellen Wettringen\u200b\u200b Noch offen14.11.2026 (Neuer Termin)19:30 UhrGeneralversammlungB\u00fcrgersaal (Neuer Ort)15.11.202616:45 UhrTeilnahme am VolkstrauertagTreffen an der Feuerwehr","rel":"","context":"\u00c4hnlicher Beitrag","block_context":{"text":"\u00c4hnlicher Beitrag","link":""},"img":{"alt_text":"","src":"","width":0,"height":0},"classes":[]},{"id":5278,"url":"https:\/\/www.hubertus-schuetzenverein.de\/?page_id=5278","url_meta":{"origin":4962,"position":4},"title":"Fahrt ins Blaue 2019","author":"Thorsten","date":"Juni 7, 2019","format":false,"excerpt":"Fahrt ins Blaue 2019 Fahrt ins Blaue","rel":"","context":"\u00c4hnlicher Beitrag","block_context":{"text":"\u00c4hnlicher Beitrag","link":""},"img":{"alt_text":"","src":"https:\/\/i0.wp.com\/www.hubertus-schuetzenverein.de\/wp-content\/uploads\/2019\/06\/Fahrt_ins_Blaue19-1.jpg?resize=350%2C200","width":350,"height":200,"srcset":"https:\/\/i0.wp.com\/www.hubertus-schuetzenverein.de\/wp-content\/uploads\/2019\/06\/Fahrt_ins_Blaue19-1.jpg?resize=350%2C200 1x, https:\/\/i0.wp.com\/www.hubertus-schuetzenverein.de\/wp-content\/uploads\/2019\/06\/Fahrt_ins_Blaue19-1.jpg?resize=525%2C300 1.5x, https:\/\/i0.wp.com\/www.hubertus-schuetzenverein.de\/wp-content\/uploads\/2019\/06\/Fahrt_ins_Blaue19-1.jpg?resize=700%2C400 2x, https:\/\/i0.wp.com\/www.hubertus-schuetzenverein.de\/wp-content\/uploads\/2019\/06\/Fahrt_ins_Blaue19-1.jpg?resize=1050%2C600 3x, https:\/\/i0.wp.com\/www.hubertus-schuetzenverein.de\/wp-content\/uploads\/2019\/06\/Fahrt_ins_Blaue19-1.jpg?resize=1400%2C800 4x"},"classes":[]},{"id":5410,"url":"https:\/\/www.hubertus-schuetzenverein.de\/?page_id=5410","url_meta":{"origin":4962,"position":5},"title":"Sch\u00fctzenfest 2019","author":"Thorsten","date":"August 23, 2019","format":false,"excerpt":"Sonntag Montag","rel":"","context":"\u00c4hnlicher Beitrag","block_context":{"text":"\u00c4hnlicher Beitrag","link":""},"img":{"alt_text":"","src":"https:\/\/i0.wp.com\/www.hubertus-schuetzenverein.de\/wp-content\/uploads\/2019\/08\/SF_Sonntag_19-6.jpg?resize=350%2C200","width":350,"height":200,"srcset":"https:\/\/i0.wp.com\/www.hubertus-schuetzenverein.de\/wp-content\/uploads\/2019\/08\/SF_Sonntag_19-6.jpg?resize=350%2C200 1x, https:\/\/i0.wp.com\/www.hubertus-schuetzenverein.de\/wp-content\/uploads\/2019\/08\/SF_Sonntag_19-6.jpg?resize=525%2C300 1.5x, https:\/\/i0.wp.com\/www.hubertus-schuetzenverein.de\/wp-content\/uploads\/2019\/08\/SF_Sonntag_19-6.jpg?resize=700%2C400 2x, https:\/\/i0.wp.com\/www.hubertus-schuetzenverein.de\/wp-content\/uploads\/2019\/08\/SF_Sonntag_19-6.jpg?resize=1050%2C600 3x, https:\/\/i0.wp.com\/www.hubertus-schuetzenverein.de\/wp-content\/uploads\/2019\/08\/SF_Sonntag_19-6.jpg?resize=1400%2C800 4x"},"classes":[]}],"_links":{"self":[{"href":"https:\/\/www.hubertus-schuetzenverein.de\/index.php?rest_route=\/wp\/v2\/pages\/4962","targetHints":{"allow":["GET"]}}],"collection":[{"href":"https:\/\/www.hubertus-schuetzenverein.de\/index.php?rest_route=\/wp\/v2\/pages"}],"about":[{"href":"https:\/\/www.hubertus-schuetzenverein.de\/index.php?rest_route=\/wp\/v2\/types\/page"}],"author":[{"embeddable":true,"href":"https:\/\/www.hubertus-schuetzenverein.de\/index.php?rest_route=\/wp\/v2\/users\/1"}],"replies":[{"embeddable":true,"href":"https:\/\/www.hubertus-schuetzenverein.de\/index.php?rest_route=%2Fwp%2Fv2%2Fcomments&post=4962"}],"version-history":[{"count":3,"href":"https:\/\/www.hubertus-schuetzenverein.de\/index.php?rest_route=\/wp\/v2\/pages\/4962\/revisions"}],"predecessor-version":[{"id":8584,"href":"https:\/\/www.hubertus-schuetzenverein.de\/index.php?rest_route=\/wp\/v2\/pages\/4962\/revisions\/8584"}],"up":[{"embeddable":true,"href":"https:\/\/www.hubertus-schuetzenverein.de\/index.php?rest_route=\/wp\/v2\/pages\/5372"}],"wp:attachment":[{"href":"https:\/\/www.hubertus-schuetzenverein.de\/index.php?rest_route=%2Fwp%2Fv2%2Fmedia&parent=4962"}],"curies":[{"name":"wp","href":"https:\/\/api.w.org\/{rel}","templated":true}]}}