{"id":3574,"date":"2017-07-01T07:50:21","date_gmt":"2017-07-01T07:50:21","guid":{"rendered":"http:\/\/wordpress.hubertus-schuetzenverein.de\/?page_id=3574"},"modified":"2017-07-01T07:51:32","modified_gmt":"2017-07-01T07:51:32","slug":"laufzettel","status":"publish","type":"page","link":"https:\/\/www.hubertus-schuetzenverein.de\/?page_id=3574","title":{"rendered":"Laufzettel"},"content":{"rendered":"<p>Wer den Laufzettel online bekommen m\u00f6chte, bitte eintragen.<\/p>\n\n<div class=\"wpcf7 no-js\" id=\"wpcf7-f3572-o1\" lang=\"de-DE\" dir=\"ltr\" data-wpcf7-id=\"3572\">\n<div class=\"screen-reader-response\"><p role=\"status\" aria-live=\"polite\" aria-atomic=\"true\"><\/p> <ul><\/ul><\/div>\n<form action=\"\/index.php?rest_route=%2Fwp%2Fv2%2Fpages%2F3574#wpcf7-f3572-o1\" method=\"post\" class=\"wpcf7-form init\" aria-label=\"Kontaktformular\" novalidate=\"novalidate\" data-status=\"init\">\n<fieldset class=\"hidden-fields-container\"><input type=\"hidden\" name=\"_wpcf7\" value=\"3572\" \/><input type=\"hidden\" name=\"_wpcf7_version\" value=\"6.1.5\" \/><input type=\"hidden\" name=\"_wpcf7_locale\" value=\"de_DE\" \/><input type=\"hidden\" name=\"_wpcf7_unit_tag\" value=\"wpcf7-f3572-o1\" \/><input type=\"hidden\" name=\"_wpcf7_container_post\" value=\"0\" \/><input type=\"hidden\" name=\"_wpcf7_posted_data_hash\" value=\"\" \/>\n<\/fieldset>\n<p><label> Ihr Name (Pflichtfeld)<br \/>\n<span class=\"wpcf7-form-control-wrap\" data-name=\"your-name\"><input size=\"40\" maxlength=\"400\" class=\"wpcf7-form-control wpcf7-text wpcf7-validates-as-required\" aria-required=\"true\" aria-invalid=\"false\" value=\"\" type=\"text\" name=\"your-name\" \/><\/span> <\/label>\n<\/p>\n<p><label> Ihre E-Mail-Adresse (Pflichtfeld)<br \/>\n<span class=\"wpcf7-form-control-wrap\" data-name=\"your-email\"><input size=\"40\" maxlength=\"400\" class=\"wpcf7-form-control wpcf7-email wpcf7-validates-as-required wpcf7-text wpcf7-validates-as-email\" aria-required=\"true\" aria-invalid=\"false\" value=\"\" type=\"email\" name=\"your-email\" \/><\/span> <\/label>\n<\/p>\n<p><label> Betreff<br \/>\n<span class=\"wpcf7-form-control-wrap\" data-name=\"your-subject\"><input size=\"40\" maxlength=\"400\" class=\"wpcf7-form-control wpcf7-text\" aria-invalid=\"false\" value=\"\" type=\"text\" name=\"your-subject\" \/><\/span> <\/label>\n<\/p>\n<p><span class=\"wpcf7-form-control-wrap\" data-name=\"acceptance-722\"><span class=\"wpcf7-form-control wpcf7-acceptance\"><span class=\"wpcf7-list-item\"><input type=\"checkbox\" name=\"acceptance-722\" value=\"1\" aria-invalid=\"false\" \/><\/span><\/span><\/span> Sie erkl\u00e4ren sich damit Einverstanden, dass Ihre Daten zur Bearbeitung Ihres Anliegens verwendet werden. Weiter Informationen finden sie in der <b><a href=\"http:\/\/www.hubertus-schuetzenverein.de\/?page_id=217\">Datenschutzerkl\u00e4rung<\/a><\/b>\n<\/p>\n<p><label> Ihre Nachricht<br \/>\n<span class=\"wpcf7-form-control-wrap\" data-name=\"your-message\"><textarea cols=\"40\" rows=\"10\" maxlength=\"2000\" class=\"wpcf7-form-control wpcf7-textarea\" aria-invalid=\"false\" name=\"your-message\"><\/textarea><\/span> <\/label>\n<\/p>\n<p><input class=\"wpcf7-form-control wpcf7-submit has-spinner\" type=\"submit\" value=\"Senden\" \/>\n<\/p><p style=\"display: none !important;\" class=\"akismet-fields-container\" data-prefix=\"_wpcf7_ak_\"><label>&#916;<textarea name=\"_wpcf7_ak_hp_textarea\" cols=\"45\" rows=\"8\" maxlength=\"100\"><\/textarea><\/label><input type=\"hidden\" id=\"ak_js_1\" name=\"_wpcf7_ak_js\" value=\"200\"\/><script>\ndocument.getElementById( \"ak_js_1\" ).setAttribute( \"value\", ( new Date() ).getTime() );\n<\/script>\n<\/p><input type='hidden' class='wpcf7-pum' value='{\"closepopup\":false,\"closedelay\":0,\"openpopup\":false,\"openpopup_id\":0}' \/><div class=\"wpcf7-response-output\" aria-hidden=\"true\"><\/div>\n<\/form>\n<\/div>\n\n","protected":false},"excerpt":{"rendered":"<p>Wer den Laufzettel online bekommen m\u00f6chte, bitte eintragen.<\/p>\n","protected":false},"author":1,"featured_media":0,"parent":0,"menu_order":7,"comment_status":"closed","ping_status":"closed","template":"","meta":{"jetpack_post_was_ever_published":false,"footnotes":""},"class_list":["post-3574","page","type-page","status-publish","hentry","entry"],"jetpack_sharing_enabled":true,"jetpack_shortlink":"https:\/\/wp.me\/P8RsoT-VE","jetpack-related-posts":[{"id":262,"url":"https:\/\/www.hubertus-schuetzenverein.de\/?page_id=262","url_meta":{"origin":3574,"position":0},"title":"Was kann ich Wo erledigen!","author":"Thorsten","date":"Juni 20, 2017","format":false,"excerpt":"BeitrittThomas M\u00fclder \/ Daniel ThienKinder anmeldenThorsten VeerkampHut, Krawatte, FederDaniel ThienBankverbindung \u00e4ndernDaniel ThienAdresse \u00e4ndernDaniel ThienF\u00e4hnchen zum Strasse schm\u00fcckenMatthias R\u00f6tteringLaufzettel bestellenThorsten VeerkampAllgemeine Info und TermineWebseite im Bereich Infos","rel":"","context":"\u00c4hnlicher Beitrag","block_context":{"text":"\u00c4hnlicher Beitrag","link":""},"img":{"alt_text":"","src":"","width":0,"height":0},"classes":[]},{"id":217,"url":"https:\/\/www.hubertus-schuetzenverein.de\/?page_id=217","url_meta":{"origin":3574,"position":1},"title":"Datenschutz","author":"Thorsten","date":"Juni 18, 2017","format":false,"excerpt":"Datenschutzerkl\u00e4rung Wir freuen uns sehr \u00fcber Ihr Interesse an unserem Unternehmen. Datenschutz hat einen besonders hohen Stellenwert f\u00fcr die Gesch\u00e4ftsleitung der Hubertus-Sch\u00fctzenverein Salzbergen e.V.. Eine Nutzung der Internetseiten der Hubertus-Sch\u00fctzenverein Salzbergen e.V. ist grunds\u00e4tzlich ohne jede Angabe personenbezogener Daten m\u00f6glich. Sofern eine betroffene Person besondere Services unseres Unternehmens \u00fcber unsere\u2026","rel":"","context":"\u00c4hnlicher Beitrag","block_context":{"text":"\u00c4hnlicher Beitrag","link":""},"img":{"alt_text":"","src":"","width":0,"height":0},"classes":[]},{"id":2486,"url":"https:\/\/www.hubertus-schuetzenverein.de\/?page_id=2486","url_meta":{"origin":3574,"position":2},"title":"2006","author":"Thorsten","date":"Juni 27, 2017","format":false,"excerpt":"Pressebericht 2006 K\u00f6nig Manfred regiert Der Hubertus-Sch\u00fctzenverein Salzbergen rundet mit seinem Sch\u00fctzenfest die zahlreichen Feste in diesem Jahr ab. Sch\u00fctzenk\u00f6nig wurde ManfredLeschinski, der seine Frau Petra zur K\u00f6nigin erkor. Kindersch\u00fctzenk\u00f6nig wurde Hendrik Schmackers, der Louisa Roters zur K\u00f6nigin erkor. Neben drei Ehrungen f\u00fcr 25-j\u00e4hrige Mitgliedschaft erhielt Manfred Wilde einen Orden\u2026","rel":"","context":"\u00c4hnlicher Beitrag","block_context":{"text":"\u00c4hnlicher Beitrag","link":""},"img":{"alt_text":"","src":"https:\/\/i0.wp.com\/wordpress.hubertus-schuetzenverein.de\/wp-content\/uploads\/2017\/06\/presse2006-225x300.jpg?resize=350%2C200","width":350,"height":200},"classes":[]},{"id":260,"url":"https:\/\/www.hubertus-schuetzenverein.de\/?page_id=260","url_meta":{"origin":3574,"position":3},"title":"Beitrittserkl\u00e4rung","author":"Thorsten","date":"Juni 20, 2017","format":false,"excerpt":"Bitte die Beitrittserkl\u00e4rung\u00a0ausdrucken und ausgef\u00fcllt bei Thomas M\u00fclder oder Daniel Thien abgeben.","rel":"","context":"\u00c4hnlicher Beitrag","block_context":{"text":"\u00c4hnlicher Beitrag","link":""},"img":{"alt_text":"","src":"https:\/\/i0.wp.com\/wordpress.hubertus-schuetzenverein.de\/wp-content\/uploads\/2017\/06\/download-button-large-300x108.png?resize=350%2C200","width":350,"height":200},"classes":[]},{"id":3565,"url":"https:\/\/www.hubertus-schuetzenverein.de\/?page_id=3565","url_meta":{"origin":3574,"position":4},"title":"2015","author":"Thorsten","date":"Juni 30, 2017","format":false,"excerpt":"Am zweiten Wochenende im August konnte\u00a0der Hubertus-Sch\u00fctzenverein Salzbergen e.V. sein 50-j\u00e4hriges\u00a0Jubil\u00e4um mit einem gro\u00dfen Jubelfest begehen. Unter dem Motto \u201eJubeln im KONGO\u201c begann das Fest am Freitagabend mit einem Langenberger Abend im Festzelt. Zu Beginn wurde ein Wortgottesdienst mit Pastor Droste gefeiert. Dann begann das erste Kaiserschiessen des Vereins. Hier\u2026","rel":"","context":"\u00c4hnlicher Beitrag","block_context":{"text":"\u00c4hnlicher Beitrag","link":""},"img":{"alt_text":"K\u00f6nig Hermann mit seiner K\u00f6nigin Helga Struffert - \u00a9 Klaus G\u00f6dde 2015","src":"https:\/\/i0.wp.com\/wordpress.hubertus-schuetzenverein.de\/wp-content\/uploads\/2017\/06\/koenig_2015-177x300.jpg?resize=350%2C200","width":350,"height":200},"classes":[]},{"id":278,"url":"https:\/\/www.hubertus-schuetzenverein.de\/?page_id=278","url_meta":{"origin":3574,"position":5},"title":"Gr\u00fcnderversammlung","author":"Thorsten","date":"Juni 20, 2017","format":false,"excerpt":"Gr\u00fcnderversammlung am 14.03.1965 Die Gr\u00fcndungsversammlung wurde durch Herrn Willemsen er\u00f6ffnet. Nach der Begr\u00fc\u00dfungsansprache ging die Versammlung zu Punkt 1 der Tagesordnung \u00fcber. Wahl des Vorstandes W\u00e4hrend der Gr\u00fcndungsversammlung wurde unter dem Beifall von ca. 120 M\u00e4nnern und Jungm\u00e4nnern aus den Ortsteilen Langenberg, Birkendorf und Bruch und mittels gro\u00dfz\u00fcgiger Starthilfe, in\u2026","rel":"","context":"\u00c4hnlicher Beitrag","block_context":{"text":"\u00c4hnlicher Beitrag","link":""},"img":{"alt_text":"","src":"","width":0,"height":0},"classes":[]}],"_links":{"self":[{"href":"https:\/\/www.hubertus-schuetzenverein.de\/index.php?rest_route=\/wp\/v2\/pages\/3574","targetHints":{"allow":["GET"]}}],"collection":[{"href":"https:\/\/www.hubertus-schuetzenverein.de\/index.php?rest_route=\/wp\/v2\/pages"}],"about":[{"href":"https:\/\/www.hubertus-schuetzenverein.de\/index.php?rest_route=\/wp\/v2\/types\/page"}],"author":[{"embeddable":true,"href":"https:\/\/www.hubertus-schuetzenverein.de\/index.php?rest_route=\/wp\/v2\/users\/1"}],"replies":[{"embeddable":true,"href":"https:\/\/www.hubertus-schuetzenverein.de\/index.php?rest_route=%2Fwp%2Fv2%2Fcomments&post=3574"}],"version-history":[{"count":1,"href":"https:\/\/www.hubertus-schuetzenverein.de\/index.php?rest_route=\/wp\/v2\/pages\/3574\/revisions"}],"predecessor-version":[{"id":3575,"href":"https:\/\/www.hubertus-schuetzenverein.de\/index.php?rest_route=\/wp\/v2\/pages\/3574\/revisions\/3575"}],"wp:attachment":[{"href":"https:\/\/www.hubertus-schuetzenverein.de\/index.php?rest_route=%2Fwp%2Fv2%2Fmedia&parent=3574"}],"curies":[{"name":"wp","href":"https:\/\/api.w.org\/{rel}","templated":true}]}}