{"id":3567,"date":"2017-06-30T06:48:26","date_gmt":"2017-06-30T06:48:26","guid":{"rendered":"http:\/\/wordpress.hubertus-schuetzenverein.de\/?page_id=3567"},"modified":"2025-08-14T05:22:31","modified_gmt":"2025-08-14T05:22:31","slug":"ergebnisse-ortspokalturnier","status":"publish","type":"page","link":"https:\/\/www.hubertus-schuetzenverein.de\/?page_id=3567","title":{"rendered":"Ergebnisse Ortspokalturnier"},"content":{"rendered":"\n<div class=\"wp-block-columns is-layout-flex wp-container-core-columns-is-layout-9d6595d7 wp-block-columns-is-layout-flex\">\n<div class=\"wp-block-column is-layout-flow wp-block-column-is-layout-flow\" style=\"flex-basis:100%\">\n<div class=\"wp-block-columns is-layout-flex wp-container-core-columns-is-layout-9d6595d7 wp-block-columns-is-layout-flex\">\n<div class=\"wp-block-column is-vertically-aligned-center is-layout-flow wp-block-column-is-layout-flow\" style=\"flex-basis:75%\">\n<figure class=\"wp-block-table is-style-stripes\"><table><thead><tr><th>Jahr<\/th><th class=\"has-text-align-left\" data-align=\"left\">Platz<\/th><th>Sch\u00fctzen<\/th><th>Ringe<\/th><\/tr><\/thead><tbody><tr><td>2025<\/td><td class=\"has-text-align-left\" data-align=\"left\">5.<\/td><td>Chris Veismann, J\u00fcrgen Kestering, Franz Reckers<\/td><td>293,5<\/td><\/tr><tr><td>2024<\/td><td class=\"has-text-align-left\" data-align=\"left\">5.<\/td><td>Andre Benecke, Stephan Kaiser, Franz Reckers<\/td><td>294,1<\/td><\/tr><tr><td>2023<\/td><td class=\"has-text-align-left\" data-align=\"left\">1.<\/td><td>Franz Recker, J\u00fcrgen Kestering und Thomas Scheepers<\/td><td>299,3<\/td><\/tr><tr><td>2019<\/td><td class=\"has-text-align-left\" data-align=\"left\">2.<\/td><td>Maruis Veismann, Rico Focks und Franz Reckers<\/td><td>304<\/td><\/tr><tr><td>2018<\/td><td class=\"has-text-align-left\" data-align=\"left\">1.<\/td><td>Rico Focks, Marius Veismann und Franz Rekers<\/td><td>303,8<\/td><\/tr><tr><td>2017<\/td><td class=\"has-text-align-left\" data-align=\"left\">5.<\/td><td>Marius Veismann, J\u00fcrgen Kestering, Franz Reckers<\/td><td>295,6<\/td><\/tr><tr><td>2016<\/td><td class=\"has-text-align-left\" data-align=\"left\">1.<\/td><td>Marek Heufes, Rico Focks, Franz Reckers<\/td><td>306,9<\/td><\/tr><tr><td>2015<\/td><td class=\"has-text-align-left\" data-align=\"left\">4.<\/td><td>Marius Veismann, Franz Reckers, J\u00fcrgen Kestering<\/td><td>293,9<\/td><\/tr><tr><td>2014<\/td><td class=\"has-text-align-left\" data-align=\"left\">4.<\/td><td>Hubert Timpe, Lukas Brinkers, Stefan Kaiser<\/td><td>291,3<\/td><\/tr><tr><td>2013<\/td><td class=\"has-text-align-left\" data-align=\"left\">3.<\/td><td>Franz Reckers, Andreas Reckers, Stefan Kaiser<\/td><td>290,1<\/td><\/tr><tr><td>2012<\/td><td class=\"has-text-align-left\" data-align=\"left\">3.<\/td><td>Manfred Wilde, Andreas Reckers, J\u00fcrgen Kestering<\/td><td>284,3<\/td><\/tr><tr><td>2011<\/td><td class=\"has-text-align-left\" data-align=\"left\">2.<\/td><td>Franz Reckers, Stefan Kaiser, J\u00fcrgen Kestering<\/td><td>295,2<\/td><\/tr><tr><td>2010<\/td><td class=\"has-text-align-left\" data-align=\"left\">2.<\/td><td>Thomas Scheepers, Andreas Reckers, Franz Reckers<\/td><td>291,2<\/td><\/tr><tr><td>2009<\/td><td class=\"has-text-align-left\" data-align=\"left\">2.<\/td><td>Franz Reckers, J\u00fcrgen Kestering, Thomas Scheepers<\/td><td>293,1<\/td><\/tr><tr><td>2008<\/td><td class=\"has-text-align-left\" data-align=\"left\">3.<\/td><td>Franz Reckers, J\u00fcrgen Kestering, Manfred Wilde<\/td><td>291,5<\/td><\/tr><tr><td>2007<\/td><td class=\"has-text-align-left\" data-align=\"left\">2.<\/td><td>Andreas Reckers, J\u00fcrgen Kestering, Manfred Wilde<\/td><td>294,9<\/td><\/tr><tr><td>2004<\/td><td class=\"has-text-align-left\" data-align=\"left\">2.<\/td><td>Andreas Reckers, Georg Reckers, J\u00fcrgen Kestering<\/td><td>&nbsp;<\/td><\/tr><\/tbody><\/table><\/figure>\n<\/div>\n<\/div>\n<\/div>\n<\/div>\n","protected":false},"excerpt":{"rendered":"<p>Jahr Platz Sch\u00fctzen Ringe 2025 5. Chris Veismann, J\u00fcrgen Kestering, Franz Reckers 293,5 2024 5. Andre Benecke, Stephan Kaiser, Franz Reckers 294,1 2023 1. Franz Recker, J\u00fcrgen Kestering und Thomas Scheepers 299,3 2019 2. Maruis Veismann, Rico Focks und Franz Reckers 304 2018 1. Rico Focks, Marius Veismann und Franz Rekers 303,8 2017 5. Marius [&hellip;]<\/p>\n","protected":false},"author":1,"featured_media":0,"parent":2458,"menu_order":0,"comment_status":"closed","ping_status":"closed","template":"","meta":{"jetpack_post_was_ever_published":false,"footnotes":""},"class_list":["post-3567","page","type-page","status-publish","hentry","entry"],"jetpack_sharing_enabled":true,"jetpack_shortlink":"https:\/\/wp.me\/P8RsoT-Vx","jetpack-related-posts":[{"id":3565,"url":"https:\/\/www.hubertus-schuetzenverein.de\/?page_id=3565","url_meta":{"origin":3567,"position":0},"title":"2015","author":"Thorsten","date":"Juni 30, 2017","format":false,"excerpt":"Am zweiten Wochenende im August konnte\u00a0der Hubertus-Sch\u00fctzenverein Salzbergen e.V. sein 50-j\u00e4hriges\u00a0Jubil\u00e4um mit einem gro\u00dfen Jubelfest begehen. Unter dem Motto \u201eJubeln im KONGO\u201c begann das Fest am Freitagabend mit einem Langenberger Abend im Festzelt. Zu Beginn wurde ein Wortgottesdienst mit Pastor Droste gefeiert. Dann begann das erste Kaiserschiessen des Vereins. Hier\u2026","rel":"","context":"\u00c4hnlicher Beitrag","block_context":{"text":"\u00c4hnlicher Beitrag","link":""},"img":{"alt_text":"K\u00f6nig Hermann mit seiner K\u00f6nigin Helga Struffert - \u00a9 Klaus G\u00f6dde 2015","src":"https:\/\/i0.wp.com\/wordpress.hubertus-schuetzenverein.de\/wp-content\/uploads\/2017\/06\/koenig_2015-177x300.jpg?resize=350%2C200","width":350,"height":200},"classes":[]},{"id":2475,"url":"https:\/\/www.hubertus-schuetzenverein.de\/?page_id=2475","url_meta":{"origin":3567,"position":1},"title":"2004","author":"Thorsten","date":"Juni 27, 2017","format":false,"excerpt":"Pressebericht 2004 Thomas Finzel Sch\u00fctzenk\u00f6nig in Salzbergen Der Hubertus-Sch\u00fctzenverein Salzbergen feierte vergangenes Wochenende sein Sch\u00fctzenfest. Samstagnachmittag beim Kindersch\u00fctzenfest gelang es Markus Dieckm\u00e4nnken als Nachfolger von Yannik Faller die Kinderk\u00f6nigsw\u00fcrde zu erringen, Tabea Sch\u00fcring wurde Kinderk\u00f6nigin. Am Sonntag pr\u00e4gte ein gro\u00dfer Festumzug das Geschehen. Neun Sch\u00fctzenbr\u00fcder erhielten eine Anstecknadel f\u00fcr 25\u2026","rel":"","context":"\u00c4hnlicher Beitrag","block_context":{"text":"\u00c4hnlicher Beitrag","link":""},"img":{"alt_text":"Kristina Menke und Thomas Finzel, + K\u00f6nigspaar 2003 Franz Kestering und Erna Schilling - Klaus G\u00f6dde \u00a9 2016","src":"https:\/\/i0.wp.com\/wordpress.hubertus-schuetzenverein.de\/wp-content\/uploads\/2017\/06\/presse2004-300x200.jpg?resize=350%2C200","width":350,"height":200},"classes":[]},{"id":49,"url":"https:\/\/www.hubertus-schuetzenverein.de\/?page_id=49","url_meta":{"origin":3567,"position":2},"title":"Historie der K\u00f6nigspaare (1965-heute)","author":"Thorsten","date":"Juni 15, 2017","format":false,"excerpt":"2025 - Niels und Melanie Finke 2024 - Pascal Elling und Helen K\u00fcnnemann 2023 - Jonas Thiel und Diana Melnik 2022 - Yvonne und Olaf Nega 2019 - Gudrun und Reiner Thale 2018 - Mareike Egbers & Matthias R\u00f6ttering 2017 - Bianka & J\u00f6rg Sch\u00fcring 2016 - Reinhild & Thomas\u2026","rel":"","context":"\u00c4hnlicher Beitrag","block_context":{"text":"\u00c4hnlicher Beitrag","link":""},"img":{"alt_text":"2025 - Niels und Melanie Finke","src":"https:\/\/i0.wp.com\/www.hubertus-schuetzenverein.de\/wp-content\/uploads\/2025\/08\/HubertusKoenigspaar_2025-scaled.jpg?resize=350%2C200","width":350,"height":200,"srcset":"https:\/\/i0.wp.com\/www.hubertus-schuetzenverein.de\/wp-content\/uploads\/2025\/08\/HubertusKoenigspaar_2025-scaled.jpg?resize=350%2C200 1x, https:\/\/i0.wp.com\/www.hubertus-schuetzenverein.de\/wp-content\/uploads\/2025\/08\/HubertusKoenigspaar_2025-scaled.jpg?resize=525%2C300 1.5x, https:\/\/i0.wp.com\/www.hubertus-schuetzenverein.de\/wp-content\/uploads\/2025\/08\/HubertusKoenigspaar_2025-scaled.jpg?resize=700%2C400 2x, https:\/\/i0.wp.com\/www.hubertus-schuetzenverein.de\/wp-content\/uploads\/2025\/08\/HubertusKoenigspaar_2025-scaled.jpg?resize=1050%2C600 3x, https:\/\/i0.wp.com\/www.hubertus-schuetzenverein.de\/wp-content\/uploads\/2025\/08\/HubertusKoenigspaar_2025-scaled.jpg?resize=1400%2C800 4x"},"classes":[]},{"id":3545,"url":"https:\/\/www.hubertus-schuetzenverein.de\/?page_id=3545","url_meta":{"origin":3567,"position":3},"title":"2010","author":"Thorsten","date":"Juni 29, 2017","format":false,"excerpt":"Pressebericht 2010 Klaus Becke ist K\u00f6nig in Salzbergen Neuer K\u00f6nig des Hubertus-Sch\u00fctzenvereins Salzbergen ist Klaus Becke. Er \u00fcbernahm die Regentschaft vom Vorjahresk\u00f6nig Helmut Siepker. Beim Kindersch\u00fctzenfest holte Eric Kre\u00dfner die Kinderk\u00f6nigsw\u00fcrde, Juliane M\u00fclder wurde Kinderk\u00f6nigin. Am Sonntagnachmittag wurden Andreas Stein, Heinz Haumer, J\u00fcrgen Kestering und Andreas Kestering f\u00fcr 25 Jahre\u2026","rel":"","context":"\u00c4hnlicher Beitrag","block_context":{"text":"\u00c4hnlicher Beitrag","link":""},"img":{"alt_text":"v.l. Vorjahresk\u00f6nig Helmut und Karola Siepker + Klaus Becke und Heike Humpack - Andreas Sattler \u00a9 2010","src":"https:\/\/i0.wp.com\/wordpress.hubertus-schuetzenverein.de\/wp-content\/uploads\/2017\/06\/presse2010-300x200.jpg?resize=350%2C200","width":350,"height":200},"classes":[]},{"id":3542,"url":"https:\/\/www.hubertus-schuetzenverein.de\/?page_id=3542","url_meta":{"origin":3567,"position":4},"title":"2009","author":"Thorsten","date":"Juni 29, 2017","format":false,"excerpt":"Pressebericht 2009 Helmut Siepker ist neuer K\u00f6nig Helmut Siepker (rechts) ist neuer K\u00f6nig im Hubertus-Sch\u00fctzenverein Salzbergen. K\u00f6nigin ist Karola Siepker. Beim Kindersch\u00fctzenfest gelang es Alexander M\u00fclder, die Kinderk\u00f6nigsw\u00fcrde zu erringen, Julia van der Zee wurde Kinderk\u00f6nigin. Geehrt wurden Stefan D\u00fctz, Helmut Harmann, Stefan Thiel, Heinz Thien, Michael Twilling, Rolf Effner,\u2026","rel":"","context":"\u00c4hnlicher Beitrag","block_context":{"text":"\u00c4hnlicher Beitrag","link":""},"img":{"alt_text":"v.l. Das alte K\u00f6nigspaar Matthias B\u00fcnker und Heike Th\u00fcnemann + Helmut und Karola Siepker - Th\u00fcnemann \u00a9 2009","src":"https:\/\/i0.wp.com\/wordpress.hubertus-schuetzenverein.de\/wp-content\/uploads\/2017\/06\/presse2009-300x240.jpg?resize=350%2C200","width":350,"height":200},"classes":[]},{"id":2471,"url":"https:\/\/www.hubertus-schuetzenverein.de\/?page_id=2471","url_meta":{"origin":3567,"position":5},"title":"2003","author":"Thorsten","date":"Juni 26, 2017","format":false,"excerpt":"Pressebericht 2003 Franz Kestering wurde Sch\u00fctzenk\u00f6nig in Salzbergen Der Hubertus-Sch\u00fctzenverein Salzbergen rundete mit seinem Sch\u00fctzenfest wie in den letzten Jahren die zahlreichen Sch\u00fctzenfeste der Salzbergener Vereine in diesem Jahr ab. Sch\u00fctzenk\u00f6nig wurde Franz Kestering, Erna Schilling w\u00e4hlte er zur K\u00f6nigin. Sie \u00fcbernehmen die Regentschaft vom amtierenden K\u00f6nigspaar Thomas und Heike\u2026","rel":"","context":"\u00c4hnlicher Beitrag","block_context":{"text":"\u00c4hnlicher Beitrag","link":""},"img":{"alt_text":"","src":"https:\/\/i0.wp.com\/wordpress.hubertus-schuetzenverein.de\/wp-content\/uploads\/2017\/06\/presse2003-300x225.jpg?resize=350%2C200","width":350,"height":200},"classes":[]}],"_links":{"self":[{"href":"https:\/\/www.hubertus-schuetzenverein.de\/index.php?rest_route=\/wp\/v2\/pages\/3567","targetHints":{"allow":["GET"]}}],"collection":[{"href":"https:\/\/www.hubertus-schuetzenverein.de\/index.php?rest_route=\/wp\/v2\/pages"}],"about":[{"href":"https:\/\/www.hubertus-schuetzenverein.de\/index.php?rest_route=\/wp\/v2\/types\/page"}],"author":[{"embeddable":true,"href":"https:\/\/www.hubertus-schuetzenverein.de\/index.php?rest_route=\/wp\/v2\/users\/1"}],"replies":[{"embeddable":true,"href":"https:\/\/www.hubertus-schuetzenverein.de\/index.php?rest_route=%2Fwp%2Fv2%2Fcomments&post=3567"}],"version-history":[{"count":12,"href":"https:\/\/www.hubertus-schuetzenverein.de\/index.php?rest_route=\/wp\/v2\/pages\/3567\/revisions"}],"predecessor-version":[{"id":9137,"href":"https:\/\/www.hubertus-schuetzenverein.de\/index.php?rest_route=\/wp\/v2\/pages\/3567\/revisions\/9137"}],"up":[{"embeddable":true,"href":"https:\/\/www.hubertus-schuetzenverein.de\/index.php?rest_route=\/wp\/v2\/pages\/2458"}],"wp:attachment":[{"href":"https:\/\/www.hubertus-schuetzenverein.de\/index.php?rest_route=%2Fwp%2Fv2%2Fmedia&parent=3567"}],"curies":[{"name":"wp","href":"https:\/\/api.w.org\/{rel}","templated":true}]}}