{"id":3561,"date":"2017-06-29T13:41:25","date_gmt":"2017-06-29T13:41:25","guid":{"rendered":"http:\/\/wordpress.hubertus-schuetzenverein.de\/?page_id=3561"},"modified":"2017-06-30T06:27:37","modified_gmt":"2017-06-30T06:27:37","slug":"2014-2","status":"publish","type":"page","link":"https:\/\/www.hubertus-schuetzenverein.de\/?page_id=3561","title":{"rendered":"2014"},"content":{"rendered":"<p>Prinz Karneval jetzt auch Sch\u00fctzenk\u00f6nig<\/p>\n<figure id=\"attachment_153\" aria-describedby=\"caption-attachment-153\" style=\"width: 200px\" class=\"wp-caption alignright\"><a href=\"https:\/\/i0.wp.com\/wordpress.hubertus-schuetzenverein.de\/wp-content\/uploads\/2017\/06\/Koenig_2014.jpg\"><img data-recalc-dims=\"1\" loading=\"lazy\" decoding=\"async\" class=\"wp-image-153 size-medium\" src=\"https:\/\/i0.wp.com\/wordpress.hubertus-schuetzenverein.de\/wp-content\/uploads\/2017\/06\/Koenig_2014-200x300.jpg?resize=200%2C300\" alt=\"K\u00f6nig Andreas und seine K\u00f6nigin Claudia Stein - Klaus G\u00f6dde \u00a92014 \" width=\"200\" height=\"300\" srcset=\"https:\/\/i0.wp.com\/www.hubertus-schuetzenverein.de\/wp-content\/uploads\/2017\/06\/Koenig_2014.jpg?resize=200%2C300&amp;ssl=1 200w, https:\/\/i0.wp.com\/www.hubertus-schuetzenverein.de\/wp-content\/uploads\/2017\/06\/Koenig_2014.jpg?resize=768%2C1152&amp;ssl=1 768w, https:\/\/i0.wp.com\/www.hubertus-schuetzenverein.de\/wp-content\/uploads\/2017\/06\/Koenig_2014.jpg?resize=683%2C1024&amp;ssl=1 683w, https:\/\/i0.wp.com\/www.hubertus-schuetzenverein.de\/wp-content\/uploads\/2017\/06\/Koenig_2014.jpg?w=1535&amp;ssl=1 1535w\" sizes=\"auto, (max-width: 200px) 100vw, 200px\" \/><\/a><figcaption id=\"caption-attachment-153\" class=\"wp-caption-text\">K\u00f6nig Andreas und seine K\u00f6nigin Claudia Stein &#8211; Klaus G\u00f6dde \u00a92014<\/figcaption><\/figure>\n<figure id=\"attachment_149\" aria-describedby=\"caption-attachment-149\" style=\"width: 300px\" class=\"wp-caption alignright\"><a href=\"https:\/\/i0.wp.com\/wordpress.hubertus-schuetzenverein.de\/wp-content\/uploads\/2017\/06\/Kinderkoenig2014.jpg\"><img data-recalc-dims=\"1\" loading=\"lazy\" decoding=\"async\" class=\"wp-image-149 size-medium\" src=\"https:\/\/i0.wp.com\/wordpress.hubertus-schuetzenverein.de\/wp-content\/uploads\/2017\/06\/Kinderkoenig2014-300x236.jpg?resize=300%2C236\" alt=\"Kinderk\u00f6nig Kai Schulte und Emilia Bertling - \u00a9 Willi Veerkamp 2014\" width=\"300\" height=\"236\" srcset=\"https:\/\/i0.wp.com\/www.hubertus-schuetzenverein.de\/wp-content\/uploads\/2017\/06\/Kinderkoenig2014.jpg?resize=300%2C236&amp;ssl=1 300w, https:\/\/i0.wp.com\/www.hubertus-schuetzenverein.de\/wp-content\/uploads\/2017\/06\/Kinderkoenig2014.jpg?resize=768%2C605&amp;ssl=1 768w, https:\/\/i0.wp.com\/www.hubertus-schuetzenverein.de\/wp-content\/uploads\/2017\/06\/Kinderkoenig2014.jpg?resize=1024%2C806&amp;ssl=1 1024w, https:\/\/i0.wp.com\/www.hubertus-schuetzenverein.de\/wp-content\/uploads\/2017\/06\/Kinderkoenig2014.jpg?w=2400 2400w\" sizes=\"auto, (max-width: 300px) 100vw, 300px\" \/><\/a><figcaption id=\"caption-attachment-149\" class=\"wp-caption-text\">Kinderk\u00f6nig Kai Schulte und Emilia Bertling &#8211; \u00a9 Willi Veerkamp 2014<\/figcaption><\/figure>\n<p>Der Hubertus \u2013 Sch\u00fctzenverein Salzbergen e. V. feierte vom 09.-11. August sein j\u00e4hrliches Sch\u00fctzenfest. Der Samstag stand ganz im Zeichen eines z\u00fcnftigen Musikabends. Erst traf man sich mit Pastor Droste zu einem Wortgottesdienst danach spielte DJ SKYLINEMUSIC Hits vom Plattenteller und weiter sp\u00e4ter wurde abgerocktmit der Tanz und Showband\u201eCHESS FIVE\u201c. Am Sonntagnachmittag wurden Michael Busch, Michael Mackes, Thomas D\u00fctz, J\u00fcrgen Puls, Michael Bertling, Christoph Thiel, Frank Piepel, Klaus Becke, J\u00fcrgen Fehren, Thomas Kestering, Hubert Schmackers und G\u00fcnter Knieperf\u00fcr 25 Jahre Mitgliedschaft geehrt. Weiter Ehrungen erhielten Daniel Thien f\u00fcr 10 Jahre Vorstand und Hubertus Reckers f\u00fcr 25 Jahre Waffenwart. Marius Vei\u00dfmann bekam eine Ehrung f\u00fcr den Wachek\u00f6nig 2013. DasPlakettenschie\u00dfen ergab folgendes Ergebnis\u2013 Altersgruppe bis 35 Jahre, Gold Christian Keutz, Silber Daniel Thien, Bronze Niklas Meyer. Altersgruppe \u00fcber 35 Jahre, Gold J\u00fcrgenKestering, Silber Theo Metten, Bronze Andreas Prior.AmSonntagnachmittagfand das Kindersch\u00fctzenfest statt hier gelang es Kai Schulte die Kinderk\u00f6nigsw\u00fcrde zu erringen, Emilia Bertling wurde Kinderk\u00f6nigin. Wie jedes Jahr wurde dann auch am Montag der neue K\u00f6nig gekr\u00f6nt. Andreas Stein, amtierender Prinz des KKC Salzbergen war der gl\u00fcckliche Sch\u00fctze.Er \u00fcbernahm die Regentschaft vom Vorjahresk\u00f6nig BerndElling. Zur K\u00f6nigin erkor er seine Ehefrauund Prinzessin Claudia. Die Kr\u00f6nung des Sch\u00fctzenfestes war zweifelsohne der K\u00f6nigsball am Montagabend mit der Stimmungsband \u201eBlackHorses\u201c.<\/p>\n<p>Foto:\u00a0<a href=\"http:\/\/www.insalzbergen.de\/\" target=\"_blank \">Klaus G\u00f6dde<\/a>\u00a0(c) 2014 \/ Willi Veerkamp (c) 2014<\/p>\n","protected":false},"excerpt":{"rendered":"<p>Prinz Karneval jetzt auch Sch\u00fctzenk\u00f6nig Der Hubertus \u2013 Sch\u00fctzenverein Salzbergen e. V. feierte vom 09.-11. August sein j\u00e4hrliches Sch\u00fctzenfest. Der Samstag stand ganz im Zeichen eines z\u00fcnftigen Musikabends. Erst traf man sich mit Pastor Droste zu einem Wortgottesdienst danach spielte DJ SKYLINEMUSIC Hits vom Plattenteller und weiter sp\u00e4ter wurde abgerocktmit der Tanz und Showband\u201eCHESS FIVE\u201c. [&hellip;]<\/p>\n","protected":false},"author":1,"featured_media":0,"parent":2458,"menu_order":0,"comment_status":"closed","ping_status":"closed","template":"","meta":{"jetpack_post_was_ever_published":false,"footnotes":""},"class_list":["post-3561","page","type-page","status-publish","hentry","entry"],"jetpack_sharing_enabled":true,"jetpack_shortlink":"https:\/\/wp.me\/P8RsoT-Vr","jetpack-related-posts":[{"id":298,"url":"https:\/\/www.hubertus-schuetzenverein.de\/?page_id=298","url_meta":{"origin":3561,"position":0},"title":"Historie Kinderk\u00f6nigspaare","author":"Thorsten","date":"Juni 20, 2017","format":false,"excerpt":"2025 - Mattis Stein und Jule K\u00fcnnemann 2024 - Paul Wewel und Pia K\u00fcnnemann 2023 - Stina Woltermann und Theo P\u00f6ttering 2022 - Max D\u00f6rnhoff und Paula Steinforth 2019 - Sophie Nega und Philipp Vogelpohl 2018 - Lina Hentschel und David Barkmann 2017 - Dana Barkmann und Tom Gillmann 2016\u2026","rel":"","context":"\u00c4hnlicher Beitrag","block_context":{"text":"\u00c4hnlicher Beitrag","link":""},"img":{"alt_text":"2025 - Mattis Stein und Jule K\u00fcnnemann","src":"https:\/\/i0.wp.com\/www.hubertus-schuetzenverein.de\/wp-content\/uploads\/2025\/08\/HubertusKinderkoenigspaar_2025.jpeg?resize=350%2C200","width":350,"height":200,"srcset":"https:\/\/i0.wp.com\/www.hubertus-schuetzenverein.de\/wp-content\/uploads\/2025\/08\/HubertusKinderkoenigspaar_2025.jpeg?resize=350%2C200 1x, https:\/\/i0.wp.com\/www.hubertus-schuetzenverein.de\/wp-content\/uploads\/2025\/08\/HubertusKinderkoenigspaar_2025.jpeg?resize=525%2C300 1.5x, https:\/\/i0.wp.com\/www.hubertus-schuetzenverein.de\/wp-content\/uploads\/2025\/08\/HubertusKinderkoenigspaar_2025.jpeg?resize=700%2C400 2x, https:\/\/i0.wp.com\/www.hubertus-schuetzenverein.de\/wp-content\/uploads\/2025\/08\/HubertusKinderkoenigspaar_2025.jpeg?resize=1050%2C600 3x, https:\/\/i0.wp.com\/www.hubertus-schuetzenverein.de\/wp-content\/uploads\/2025\/08\/HubertusKinderkoenigspaar_2025.jpeg?resize=1400%2C800 4x"},"classes":[]},{"id":49,"url":"https:\/\/www.hubertus-schuetzenverein.de\/?page_id=49","url_meta":{"origin":3561,"position":1},"title":"Historie der K\u00f6nigspaare (1965-heute)","author":"Thorsten","date":"Juni 15, 2017","format":false,"excerpt":"2025 - Niels und Melanie Finke 2024 - Pascal Elling und Helen K\u00fcnnemann 2023 - Jonas Thiel und Diana Melnik 2022 - Yvonne und Olaf Nega 2019 - Gudrun und Reiner Thale 2018 - Mareike Egbers & Matthias R\u00f6ttering 2017 - Bianka & J\u00f6rg Sch\u00fcring 2016 - Reinhild & Thomas\u2026","rel":"","context":"\u00c4hnlicher Beitrag","block_context":{"text":"\u00c4hnlicher Beitrag","link":""},"img":{"alt_text":"2025 - Niels und Melanie Finke","src":"https:\/\/i0.wp.com\/www.hubertus-schuetzenverein.de\/wp-content\/uploads\/2025\/08\/HubertusKoenigspaar_2025-scaled.jpg?resize=350%2C200","width":350,"height":200,"srcset":"https:\/\/i0.wp.com\/www.hubertus-schuetzenverein.de\/wp-content\/uploads\/2025\/08\/HubertusKoenigspaar_2025-scaled.jpg?resize=350%2C200 1x, https:\/\/i0.wp.com\/www.hubertus-schuetzenverein.de\/wp-content\/uploads\/2025\/08\/HubertusKoenigspaar_2025-scaled.jpg?resize=525%2C300 1.5x, https:\/\/i0.wp.com\/www.hubertus-schuetzenverein.de\/wp-content\/uploads\/2025\/08\/HubertusKoenigspaar_2025-scaled.jpg?resize=700%2C400 2x, https:\/\/i0.wp.com\/www.hubertus-schuetzenverein.de\/wp-content\/uploads\/2025\/08\/HubertusKoenigspaar_2025-scaled.jpg?resize=1050%2C600 3x, https:\/\/i0.wp.com\/www.hubertus-schuetzenverein.de\/wp-content\/uploads\/2025\/08\/HubertusKoenigspaar_2025-scaled.jpg?resize=1400%2C800 4x"},"classes":[]},{"id":3567,"url":"https:\/\/www.hubertus-schuetzenverein.de\/?page_id=3567","url_meta":{"origin":3561,"position":2},"title":"Ergebnisse Ortspokalturnier","author":"Thorsten","date":"Juni 30, 2017","format":false,"excerpt":"JahrPlatzSch\u00fctzenRinge20255.Chris Veismann, J\u00fcrgen Kestering, Franz Reckers293,520245.Andre Benecke, Stephan Kaiser, Franz Reckers294,120231.Franz Recker, J\u00fcrgen Kestering und Thomas Scheepers299,320192.Maruis Veismann, Rico Focks und Franz Reckers30420181.Rico Focks, Marius Veismann und Franz Rekers303,820175.Marius Veismann, J\u00fcrgen Kestering, Franz Reckers295,620161.Marek Heufes, Rico Focks, Franz Reckers306,920154.Marius Veismann, Franz Reckers, J\u00fcrgen Kestering293,920144.Hubert Timpe, Lukas Brinkers, Stefan Kaiser291,320133.Franz Reckers,\u2026","rel":"","context":"\u00c4hnlicher Beitrag","block_context":{"text":"\u00c4hnlicher Beitrag","link":""},"img":{"alt_text":"","src":"","width":0,"height":0},"classes":[]},{"id":217,"url":"https:\/\/www.hubertus-schuetzenverein.de\/?page_id=217","url_meta":{"origin":3561,"position":3},"title":"Datenschutz","author":"Thorsten","date":"Juni 18, 2017","format":false,"excerpt":"Datenschutzerkl\u00e4rung Wir freuen uns sehr \u00fcber Ihr Interesse an unserem Unternehmen. Datenschutz hat einen besonders hohen Stellenwert f\u00fcr die Gesch\u00e4ftsleitung der Hubertus-Sch\u00fctzenverein Salzbergen e.V.. Eine Nutzung der Internetseiten der Hubertus-Sch\u00fctzenverein Salzbergen e.V. ist grunds\u00e4tzlich ohne jede Angabe personenbezogener Daten m\u00f6glich. Sofern eine betroffene Person besondere Services unseres Unternehmens \u00fcber unsere\u2026","rel":"","context":"\u00c4hnlicher Beitrag","block_context":{"text":"\u00c4hnlicher Beitrag","link":""},"img":{"alt_text":"","src":"","width":0,"height":0},"classes":[]},{"id":817,"url":"https:\/\/www.hubertus-schuetzenverein.de\/?page_id=817","url_meta":{"origin":3561,"position":4},"title":"Generalversammlung 2014","author":"Thorsten","date":"Juni 22, 2017","format":false,"excerpt":"Generalversammlung 2014","rel":"","context":"\u00c4hnlicher Beitrag","block_context":{"text":"\u00c4hnlicher Beitrag","link":""},"img":{"alt_text":"","src":"https:\/\/i0.wp.com\/www.hubertus-schuetzenverein.de\/wp-content\/uploads\/2017\/06\/Generalversammlung-14-1.jpg?resize=350%2C200","width":350,"height":200,"srcset":"https:\/\/i0.wp.com\/www.hubertus-schuetzenverein.de\/wp-content\/uploads\/2017\/06\/Generalversammlung-14-1.jpg?resize=350%2C200 1x, https:\/\/i0.wp.com\/www.hubertus-schuetzenverein.de\/wp-content\/uploads\/2017\/06\/Generalversammlung-14-1.jpg?resize=525%2C300 1.5x, https:\/\/i0.wp.com\/www.hubertus-schuetzenverein.de\/wp-content\/uploads\/2017\/06\/Generalversammlung-14-1.jpg?resize=700%2C400 2x"},"classes":[]},{"id":537,"url":"https:\/\/www.hubertus-schuetzenverein.de\/?page_id=537","url_meta":{"origin":3561,"position":5},"title":"Fahrt ins Blaue 2014","author":"Thorsten","date":"Juni 22, 2017","format":false,"excerpt":"Fahrt ins Blaue 2014","rel":"","context":"\u00c4hnlicher Beitrag","block_context":{"text":"\u00c4hnlicher Beitrag","link":""},"img":{"alt_text":"","src":"https:\/\/i0.wp.com\/www.hubertus-schuetzenverein.de\/wp-content\/uploads\/2017\/06\/Fahrt-ins-Blaue-14-1.jpg?resize=350%2C200","width":350,"height":200,"srcset":"https:\/\/i0.wp.com\/www.hubertus-schuetzenverein.de\/wp-content\/uploads\/2017\/06\/Fahrt-ins-Blaue-14-1.jpg?resize=350%2C200 1x, https:\/\/i0.wp.com\/www.hubertus-schuetzenverein.de\/wp-content\/uploads\/2017\/06\/Fahrt-ins-Blaue-14-1.jpg?resize=525%2C300 1.5x, https:\/\/i0.wp.com\/www.hubertus-schuetzenverein.de\/wp-content\/uploads\/2017\/06\/Fahrt-ins-Blaue-14-1.jpg?resize=700%2C400 2x"},"classes":[]}],"_links":{"self":[{"href":"https:\/\/www.hubertus-schuetzenverein.de\/index.php?rest_route=\/wp\/v2\/pages\/3561","targetHints":{"allow":["GET"]}}],"collection":[{"href":"https:\/\/www.hubertus-schuetzenverein.de\/index.php?rest_route=\/wp\/v2\/pages"}],"about":[{"href":"https:\/\/www.hubertus-schuetzenverein.de\/index.php?rest_route=\/wp\/v2\/types\/page"}],"author":[{"embeddable":true,"href":"https:\/\/www.hubertus-schuetzenverein.de\/index.php?rest_route=\/wp\/v2\/users\/1"}],"replies":[{"embeddable":true,"href":"https:\/\/www.hubertus-schuetzenverein.de\/index.php?rest_route=%2Fwp%2Fv2%2Fcomments&post=3561"}],"version-history":[{"count":3,"href":"https:\/\/www.hubertus-schuetzenverein.de\/index.php?rest_route=\/wp\/v2\/pages\/3561\/revisions"}],"predecessor-version":[{"id":3564,"href":"https:\/\/www.hubertus-schuetzenverein.de\/index.php?rest_route=\/wp\/v2\/pages\/3561\/revisions\/3564"}],"up":[{"embeddable":true,"href":"https:\/\/www.hubertus-schuetzenverein.de\/index.php?rest_route=\/wp\/v2\/pages\/2458"}],"wp:attachment":[{"href":"https:\/\/www.hubertus-schuetzenverein.de\/index.php?rest_route=%2Fwp%2Fv2%2Fmedia&parent=3561"}],"curies":[{"name":"wp","href":"https:\/\/api.w.org\/{rel}","templated":true}]}}