{"id":3553,"date":"2017-06-29T12:13:29","date_gmt":"2017-06-29T12:13:29","guid":{"rendered":"http:\/\/wordpress.hubertus-schuetzenverein.de\/?page_id=3553"},"modified":"2017-06-29T12:13:29","modified_gmt":"2017-06-29T12:13:29","slug":"2013-2","status":"publish","type":"page","link":"https:\/\/www.hubertus-schuetzenverein.de\/?page_id=3553","title":{"rendered":"2013"},"content":{"rendered":"<h2>Pressbericht 2013<\/h2>\n<figure id=\"attachment_171\" aria-describedby=\"caption-attachment-171\" style=\"width: 300px\" class=\"wp-caption alignright\"><a href=\"https:\/\/i0.wp.com\/wordpress.hubertus-schuetzenverein.de\/wp-content\/uploads\/2017\/06\/presse-2013.jpg\"><img data-recalc-dims=\"1\" loading=\"lazy\" decoding=\"async\" class=\"wp-image-171 size-medium\" src=\"https:\/\/i0.wp.com\/wordpress.hubertus-schuetzenverein.de\/wp-content\/uploads\/2017\/06\/presse-2013-300x200.jpg?resize=300%2C200\" alt=\"\" width=\"300\" height=\"200\" srcset=\"https:\/\/i0.wp.com\/www.hubertus-schuetzenverein.de\/wp-content\/uploads\/2017\/06\/presse-2013.jpg?resize=300%2C200&amp;ssl=1 300w, https:\/\/i0.wp.com\/www.hubertus-schuetzenverein.de\/wp-content\/uploads\/2017\/06\/presse-2013.jpg?resize=768%2C512&amp;ssl=1 768w, https:\/\/i0.wp.com\/www.hubertus-schuetzenverein.de\/wp-content\/uploads\/2017\/06\/presse-2013.jpg?resize=1024%2C683&amp;ssl=1 1024w, https:\/\/i0.wp.com\/www.hubertus-schuetzenverein.de\/wp-content\/uploads\/2017\/06\/presse-2013.jpg?w=1300&amp;ssl=1 1300w\" sizes=\"auto, (max-width: 300px) 100vw, 300px\" \/><\/a><figcaption id=\"caption-attachment-171\" class=\"wp-caption-text\">v. l. K\u00f6nig Bernd Elling mit seiner K\u00f6nigin Ursula und der Vorjahresk\u00f6nig Bj\u00f6rn Cichon mit seiner K\u00f6nigin Conny Cichon &#8211; Klaus G\u00f6dde \u00a9 2016<\/figcaption><\/figure>\n<figure id=\"attachment_136\" aria-describedby=\"caption-attachment-136\" style=\"width: 225px\" class=\"wp-caption alignright\"><a href=\"https:\/\/i0.wp.com\/wordpress.hubertus-schuetzenverein.de\/wp-content\/uploads\/2017\/06\/2013k-Julius-Haarmann-und-Lisan-Robers.jpg\"><img data-recalc-dims=\"1\" loading=\"lazy\" decoding=\"async\" class=\"wp-image-136 size-medium\" src=\"https:\/\/i0.wp.com\/wordpress.hubertus-schuetzenverein.de\/wp-content\/uploads\/2017\/06\/2013k-Julius-Haarmann-und-Lisan-Robers-225x300.jpg?resize=225%2C300\" alt=\"Kinderk\u00f6nig Julius Haarmann und Lisan Robers - \u00a9 Thomas Scheepers\" width=\"225\" height=\"300\" srcset=\"https:\/\/i0.wp.com\/www.hubertus-schuetzenverein.de\/wp-content\/uploads\/2017\/06\/2013k-Julius-Haarmann-und-Lisan-Robers.jpg?resize=225%2C300&amp;ssl=1 225w, https:\/\/i0.wp.com\/www.hubertus-schuetzenverein.de\/wp-content\/uploads\/2017\/06\/2013k-Julius-Haarmann-und-Lisan-Robers.jpg?w=600&amp;ssl=1 600w\" sizes=\"auto, (max-width: 225px) 100vw, 225px\" \/><\/a><figcaption id=\"caption-attachment-136\" class=\"wp-caption-text\">Kinderk\u00f6nig Julius Haarmann und Lisan Robers &#8211; \u00a9 Thomas Scheepers<\/figcaption><\/figure>\n<p>Der Hubertus \u2013 Sch\u00fctzenverein Salzbergen e. V. feierte vom 10. \u2013 12. August sein 48.Sch\u00fctzenfest. Der Samstag stand ganz im Zeichen eines z\u00fcnftigen Musikabends. Erst traf man sich mit Pastor Droste zu einem Wortgottesdienst danach spielte DJ SKYLINEMUSIC Hits vom Plattenteller und weiter sp\u00e4ter wurde abgerockt mit der Tanz und Showband \u201eFeeling\u201c. Am Sonntagnachmittag wurden Christian Kunk, Martin Bojer, Franz Reckers und Manfred Lammers f\u00fcr 25 Jahre Mitgliedschaft geehrt. Weiter Ehrungen erhielten Willi Sch\u00fcring f\u00fcr 40 Jahre Offizier (Feldwebel und Oberst) und Stefan Busch f\u00fcr 20 Jahre Vorstand. Timo Determann bekam eine Ehrung f\u00fcr den Wachek\u00f6nig 2012. Das Plakettenschie\u00dfen ergab folgendes Ergebnis \u2013 Altersgruppe bis 35 Jahre, Gold Marius Veismann, Silber Timo Determann, Bronze Kevin Veerkamp. Altersgruppe \u00fcber 35 Jahre, Gold J\u00fcrgen Kestering, Silber Thorsten Raatgering, Bronze Thomas M\u00fclder. Zum zweiten Mal fand am Sonntagnachmittag das Kindersch\u00fctzenfest statt hier gelang es Lisan Robers die Kinderk\u00f6nigsw\u00fcrde zu erringen, Julius Haarmann wurde Kinderk\u00f6nig. Wie jedes Jahr wurde dann auch am Montag der neue K\u00f6nig gekr\u00f6nt. Der 2. Vorsitzende Bernd Elling war der gl\u00fcckliche Sch\u00fctze. Er \u00fcbernahm die Regentschaft vom Vorjahresk\u00f6nig Bj\u00f6rn Cichon. Zur K\u00f6nigin erkor er seine Ehefrau Ursula. Die Kr\u00f6nung des Sch\u00fctzenfestes war zweifelsohne der K\u00f6nigsball am Montagabend mit der Stimmungsband \u201eBlackHorses\u201c.<\/p>\n<h2>Jahresr\u00fcckblick\u00a02013<\/h2>\n<ol>\n<li>Das Sch\u00fctzenfestjahr startete wie fast jedes Jahr mit dem Ortspokalturnier im Schie\u00dfen. Am 16.02.2013 erreichte unsere 2te Mannschaft um Franz Reckers, Stefan Kaiser und Andreas Reckers den 3ten Platz mit 290,1 erzielten Ringen.<\/li>\n<li>Unser Doppelkopfturnier veranstalteten wir am 23.03.2013, zusammen mit dem Sch\u00fctzenverein Steide im Dorfgemeinschaftshaus in Steide. Auch hier konnten wieder einige tolle Ergebnisse erzielt werden.<\/li>\n<li>Nach dem die Wache am 04.05.2013 am Wachejubelfest der Lemkershooker teilnahm, traf sich der Sch\u00fctzenverein am 09.05.2013 zur Teilnahme am Festumzug des Jubelsch\u00fctzenfestes in Listrup. Die Abfahrt mit dem eingesetzten Bus erfolgte \u00e4u\u00dferst p\u00fcnktlich. Allerdings hielt der Bus nur bis zur Ecke D\u00fcnnstra\u00dfe\/ M\u00fchlendamm. Nachdem der Bus ca. eine halbe Stunde den Verkehr im Langenberg lahmlegte, konnte nach einigen hektischen Reparatur versuchen des Busfahrers, sowie des gesamten Sch\u00fctzenvereins die Fahrt letztendlich doch noch fortgesetzt werden. Einem feucht- fr\u00f6hlichen Jubelfest stand nun nichts mehr im Wege.<\/li>\n<li>Bei angenehmem Wetter trafen wir uns am 01.06.2013 zu unserer 33. Radtour \u201eFahrt ins Blaue\u201c. Die zahlreichen Teilnehmer erfreuten sich der sportlichen Aktivit\u00e4t, um nach dem Radeln bei W\u00fcrstchen, Pommes und dem ein oder anderen Bierchen den Tag ausklingen zu lassen.<\/li>\n<li>Bereits Tags darauf, am 02.06.2013 traf sich der Sch\u00fctzenverein, zur Fahnenweihe in Holsten, um an der feierlichen Messe und dem anschlie\u00dfenden Umtrunk am Festplatz teilzunehmen.<\/li>\n<li>Das diesj\u00e4hrige Sch\u00fctzenfest feierten wir in der Zeit vom 10.08.2013 bis 13.08.2013 auf unserem Festplatz an der D\u00fcnnstra\u00dfe. Am Samstag begannen wir unser Sch\u00fctzenfest mit einem gut besuchten Wortgottesdienst mit Pastor Droste. Ab ca. 20 Uhr schaffte dann DJ Skyline mit diversen Hits vom Plattenteller den perfekten \u00dcbergang zur Showband Feeling, mit welcher dann bis in die fr\u00fchen Morgenstunden gefeiert wurde. Das Antreten zum Festumzug am Sonntagnachmittag fand wie gewohnt am Festplatz statt. Hier wurden unter anderen Willi Sch\u00fcring f\u00fcr 40 Jahre Offiziers und Stefan Buch f\u00fcr 20 Jahre Vorstandsarbeit geehrt. Beim anschlie\u00dfenden Plakettenschie\u00dfen erreichten in der Gruppe bis 35 Jahre; Bronze: Kevin Veerkamp; Silber: Timo Determann und Gold: Marius Vei\u00dfmann. Bei den Sch\u00fctzen ab 35, Bronze: Thomas M\u00fclder; Silber: Thorsten Raatgering und Gold: J\u00fcrgen Kestering. Bei reichlich Kaffee und Kuchen freuten sich die G\u00e4ste \u00fcber die tollen Preise, die es bei der gro\u00dfen Verlosung zu gewinnen gab. Neben vielen Spielen, Kutschfahrten und leckerem Eis fand gleichzeitig das Kindersch\u00fctzenfest statt. Bei diesem Lisan Robers die Kinderk\u00f6nigsw\u00fcrde errang. Kinderk\u00f6nig wurde Julius Haarmann. F\u00fcr die musikalische Unterhaltung sorgte wie gewohnt, der Musikverein Salzbergen. Mit dem D\u00e4mmerschoppen klang der Sonntag aus. Am Montagmorgen fanden sich ca.150 Sch\u00fctzen am Festplatz, zum Kirchgang mit anschlie\u00dfender Kranzniederlegung am Kriegerdenkmal ein. Nach anschlie\u00dfend kurzer St\u00e4rkung beim B\u00fcrgermeister, freuten sich\u00a0alle Sch\u00fctzen auf das vorbereitete Fr\u00fchst\u00fcck. Frisch gest\u00e4rkt konnten Sie sich so dem H\u00f6hepunkt des Sch\u00fctzenfestjahres, dem Vogel- und K\u00f6nigsschie\u00dfen widmen. Nachdem Zepter, Apfel und die hartn\u00e4ckige Krone fielen, richtete sich die Aufmerksamkeit der Sch\u00fctzen und der vielen G\u00e4ste dem K\u00f6nigschie\u00dfen. Wie in jedem Jahr verharrte der Vogel fest auf der Stange. Doch gegen unsere zielsicheren Sch\u00fctzen hatte er letztlich keine Chance. Der gl\u00fcckliche K\u00f6nigssch\u00fctze hie\u00df Bernd Elling. \u00c4u\u00dferst spontan und wie aus der Pistole geschossen, erkor er seine Frau Ursula zu seiner K\u00f6nigin. Den kr\u00f6nenden Abschluss feierten wir am Montagabend beim K\u00f6nigsball mit den \u201eBlack Horses\u201c. Singend und tanzend wurde bis in die Morgenstunden gefeiert. Mit dem traditionellen Kehraus am Dienstag endete unser Sch\u00fctzenfest 2013.<\/li>\n<\/ol>\n","protected":false},"excerpt":{"rendered":"<p>Pressbericht 2013 Der Hubertus \u2013 Sch\u00fctzenverein Salzbergen e. V. feierte vom 10. \u2013 12. August sein 48.Sch\u00fctzenfest. Der Samstag stand ganz im Zeichen eines z\u00fcnftigen Musikabends. Erst traf man sich mit Pastor Droste zu einem Wortgottesdienst danach spielte DJ SKYLINEMUSIC Hits vom Plattenteller und weiter sp\u00e4ter wurde abgerockt mit der Tanz und Showband \u201eFeeling\u201c. Am [&hellip;]<\/p>\n","protected":false},"author":1,"featured_media":0,"parent":2458,"menu_order":0,"comment_status":"closed","ping_status":"closed","template":"","meta":{"jetpack_post_was_ever_published":false,"footnotes":""},"class_list":["post-3553","page","type-page","status-publish","hentry","entry"],"jetpack_sharing_enabled":true,"jetpack_shortlink":"https:\/\/wp.me\/P8RsoT-Vj","jetpack-related-posts":[{"id":3550,"url":"https:\/\/www.hubertus-schuetzenverein.de\/?page_id=3550","url_meta":{"origin":3553,"position":0},"title":"2012","author":"Thorsten","date":"Juni 29, 2017","format":false,"excerpt":"Pressebericht 2012 Cichon ist neuer K\u00f6nig in Salzbergen Der Hubertus \u2013 Sch\u00fctzenverein Salzbergen e. V. feierte vom 11. \u2013 13. August sein 47. Sch\u00fctzenfest. Der Samstag stand ganz im Zeichen eines z\u00fcnftigen Musikabends. Man traf sich bei z\u00fcnftiger Blasmusik mit den Vechtetalmusikanten und weiter sp\u00e4ter mit \u201eFeeling\u201c zum ab rocken.\u2026","rel":"","context":"\u00c4hnlicher Beitrag","block_context":{"text":"\u00c4hnlicher Beitrag","link":""},"img":{"alt_text":"v. l. K\u00f6nig Bj\u00f6rn Cichon mit Conny Mahl und den Vorjahresk\u00f6nig Christoph Thiel mit K\u00f6nigin Sandra Sterzik - Klaus G\u00f6dde\u00a0\u00a9 2012","src":"https:\/\/i0.wp.com\/wordpress.hubertus-schuetzenverein.de\/wp-content\/uploads\/2017\/06\/presse2012-294x300.jpg?resize=350%2C200","width":350,"height":200},"classes":[]},{"id":3547,"url":"https:\/\/www.hubertus-schuetzenverein.de\/?page_id=3547","url_meta":{"origin":3553,"position":1},"title":"2011","author":"Thorsten","date":"Juni 29, 2017","format":false,"excerpt":"Pressebericht 2011 Christoph Thiel schie\u00dft den Vogel von der Stange. Der Hubertus \u2013 Sch\u00fctzenverein Salzbergen e. V. feierte vom 13.-15. August sein 46. Sch\u00fctzenfest. Der Samstag stand ganz im Zeichen eines Wachejubelfestes, hier gelang es Daniel Cichon erster Jugendsch\u00fctzenk\u00f6nig zu werden. Nachmittags beim Kindersch\u00fctzenfest wurde David Seggering Kinderk\u00f6nig, Anna Focks\u2026","rel":"","context":"\u00c4hnlicher Beitrag","block_context":{"text":"\u00c4hnlicher Beitrag","link":""},"img":{"alt_text":"v. l. Vorjahresk\u00f6nig Klaus Becke mit Heike Humpack und den neuen K\u00f6nig Christoph Thiel mit seiner K\u00f6nigin Sandra Sterzik Klaus G\u00f6dde \u00a9 2011","src":"https:\/\/i0.wp.com\/wordpress.hubertus-schuetzenverein.de\/wp-content\/uploads\/2017\/06\/presse2011-300x258.jpg?resize=350%2C200","width":350,"height":200},"classes":[]},{"id":8688,"url":"https:\/\/www.hubertus-schuetzenverein.de\/?page_id=8688","url_meta":{"origin":3553,"position":2},"title":"2024","author":"Thorsten","date":"August 19, 2024","format":false,"excerpt":"Pascal Elling neuer K\u00f6nig bei den Hubertus Sch\u00fctzen Der Hubertus Sch\u00fctzenverein Salzbergen e. V. feierte vom 10.-12. August sein 59. Sch\u00fctzenfest. Er\u00f6ffnet wurde das Sch\u00fctzenfest am Samstagabend wie \u00fcblich mit einem Wortgottesdienst durch Pastor Droste. Im Anschluss daran fand die gro\u00dfe Zeltparty mit dem DJ-Team \u201eXplosion\u201c statt, welches bis in\u2026","rel":"","context":"\u00c4hnlicher Beitrag","block_context":{"text":"\u00c4hnlicher Beitrag","link":""},"img":{"alt_text":"2024 - Pascal Elling und Helen K\u00fcnnemann","src":"https:\/\/i0.wp.com\/www.hubertus-schuetzenverein.de\/wp-content\/uploads\/2024\/08\/HubertusKoenigspaar_2024-scaled.jpg?resize=350%2C200","width":350,"height":200,"srcset":"https:\/\/i0.wp.com\/www.hubertus-schuetzenverein.de\/wp-content\/uploads\/2024\/08\/HubertusKoenigspaar_2024-scaled.jpg?resize=350%2C200 1x, https:\/\/i0.wp.com\/www.hubertus-schuetzenverein.de\/wp-content\/uploads\/2024\/08\/HubertusKoenigspaar_2024-scaled.jpg?resize=525%2C300 1.5x, https:\/\/i0.wp.com\/www.hubertus-schuetzenverein.de\/wp-content\/uploads\/2024\/08\/HubertusKoenigspaar_2024-scaled.jpg?resize=700%2C400 2x, https:\/\/i0.wp.com\/www.hubertus-schuetzenverein.de\/wp-content\/uploads\/2024\/08\/HubertusKoenigspaar_2024-scaled.jpg?resize=1050%2C600 3x, https:\/\/i0.wp.com\/www.hubertus-schuetzenverein.de\/wp-content\/uploads\/2024\/08\/HubertusKoenigspaar_2024-scaled.jpg?resize=1400%2C800 4x"},"classes":[]},{"id":3540,"url":"https:\/\/www.hubertus-schuetzenverein.de\/?page_id=3540","url_meta":{"origin":3553,"position":3},"title":"2008","author":"Thorsten","date":"Juni 29, 2017","format":false,"excerpt":"Pressebericht 2008 Matthias B\u00fcnker neuer Sch\u00fctzenk\u00f6nig Der Hubertus-Sch\u00fctzenverein Salzbergen feierte vom 09. \u2013 11.08.2008 sein Sch\u00fctzenfest. Feldwebel Matthias B\u00fcnker konnte sich erfolgreich gegen die Mitbewerber durchsetzen und \u00fcbernahm die Regentschaft von Rolf Effner. Zur K\u00f6nigin erkor er seine Freundin Heike Th\u00fcnemann. Malte Kunk gelang es, die Kinderk\u00f6nigsw\u00fcrde zu erringen, Kinderk\u00f6nigin\u2026","rel":"","context":"\u00c4hnlicher Beitrag","block_context":{"text":"\u00c4hnlicher Beitrag","link":""},"img":{"alt_text":"","src":"https:\/\/i0.wp.com\/wordpress.hubertus-schuetzenverein.de\/wp-content\/uploads\/2017\/06\/presse2008-300x200.jpg?resize=350%2C200","width":350,"height":200},"classes":[]},{"id":5756,"url":"https:\/\/www.hubertus-schuetzenverein.de\/?page_id=5756","url_meta":{"origin":3553,"position":4},"title":"2018","author":"Thorsten","date":"November 11, 2019","format":false,"excerpt":"Matthias R\u00f6ttering regiert den Kongo! Der Hubertus Sch\u00fctzenverein Salzbergen e. V. feierte vom 11.-13. August sein 53. Sch\u00fctzenfest. Der Samstag stand ganz im Zeichen eines z\u00fcnftigen Musikabends. Erst traf man sich mit Pastor Droste zu einem Wortgottesdienst, danach spielte die Spitzen- Liveband Holy Moly und brachte das Festzelt zum beben.\u2026","rel":"","context":"\u00c4hnlicher Beitrag","block_context":{"text":"\u00c4hnlicher Beitrag","link":""},"img":{"alt_text":"2018 - Mareike Egbers & Matthias R\u00f6ttering","src":"https:\/\/i0.wp.com\/www.hubertus-schuetzenverein.de\/wp-content\/uploads\/2018\/08\/koenigspaar_2018_klein.jpg?resize=350%2C200&ssl=1","width":350,"height":200,"srcset":"https:\/\/i0.wp.com\/www.hubertus-schuetzenverein.de\/wp-content\/uploads\/2018\/08\/koenigspaar_2018_klein.jpg?resize=350%2C200&ssl=1 1x, https:\/\/i0.wp.com\/www.hubertus-schuetzenverein.de\/wp-content\/uploads\/2018\/08\/koenigspaar_2018_klein.jpg?resize=525%2C300&ssl=1 1.5x, https:\/\/i0.wp.com\/www.hubertus-schuetzenverein.de\/wp-content\/uploads\/2018\/08\/koenigspaar_2018_klein.jpg?resize=700%2C400&ssl=1 2x"},"classes":[]},{"id":2481,"url":"https:\/\/www.hubertus-schuetzenverein.de\/?page_id=2481","url_meta":{"origin":3553,"position":5},"title":"2005","author":"Thorsten","date":"Juni 27, 2017","format":false,"excerpt":"Pressebericht 2005 Thomas M\u00fclder: K\u00f6nig vom Langenberg Beim Kindersch\u00fctzenfest wurde Marco Thale Kindersch\u00fctzenk\u00f6nig, er w\u00e4hlte Sarah Altevolmer zur K\u00f6nigin. Sonntagnachmittag wurden f\u00fcnf Sch\u00fctzenbr\u00fcder f\u00fcr 25 Jahre Mitgliedschaft vom Vorsitzenden Manfred Leschinski geehrt. Nach dem Festumzug fand ein Plakettenschie\u00dfen statt, wobei in der Altersgruppe bis 35 Michael Busch Gold, Stefan Busch\u2026","rel":"","context":"\u00c4hnlicher Beitrag","block_context":{"text":"\u00c4hnlicher Beitrag","link":""},"img":{"alt_text":"Thomas und Barbara M\u00fclder + Vorjahresk\u00f6nigspaar Thomas Finzel und Kristina Menke im Vordergrund die Kinder des K\u00f6nigspaares - Klaus G\u00f6dde \u00a9 2016","src":"https:\/\/i0.wp.com\/wordpress.hubertus-schuetzenverein.de\/wp-content\/uploads\/2017\/06\/presse2005-300x200.jpg?resize=350%2C200","width":350,"height":200},"classes":[]}],"_links":{"self":[{"href":"https:\/\/www.hubertus-schuetzenverein.de\/index.php?rest_route=\/wp\/v2\/pages\/3553","targetHints":{"allow":["GET"]}}],"collection":[{"href":"https:\/\/www.hubertus-schuetzenverein.de\/index.php?rest_route=\/wp\/v2\/pages"}],"about":[{"href":"https:\/\/www.hubertus-schuetzenverein.de\/index.php?rest_route=\/wp\/v2\/types\/page"}],"author":[{"embeddable":true,"href":"https:\/\/www.hubertus-schuetzenverein.de\/index.php?rest_route=\/wp\/v2\/users\/1"}],"replies":[{"embeddable":true,"href":"https:\/\/www.hubertus-schuetzenverein.de\/index.php?rest_route=%2Fwp%2Fv2%2Fcomments&post=3553"}],"version-history":[{"count":1,"href":"https:\/\/www.hubertus-schuetzenverein.de\/index.php?rest_route=\/wp\/v2\/pages\/3553\/revisions"}],"predecessor-version":[{"id":3554,"href":"https:\/\/www.hubertus-schuetzenverein.de\/index.php?rest_route=\/wp\/v2\/pages\/3553\/revisions\/3554"}],"up":[{"embeddable":true,"href":"https:\/\/www.hubertus-schuetzenverein.de\/index.php?rest_route=\/wp\/v2\/pages\/2458"}],"wp:attachment":[{"href":"https:\/\/www.hubertus-schuetzenverein.de\/index.php?rest_route=%2Fwp%2Fv2%2Fmedia&parent=3553"}],"curies":[{"name":"wp","href":"https:\/\/api.w.org\/{rel}","templated":true}]}}