{"id":3547,"date":"2017-06-29T11:49:52","date_gmt":"2017-06-29T11:49:52","guid":{"rendered":"http:\/\/wordpress.hubertus-schuetzenverein.de\/?page_id=3547"},"modified":"2017-06-29T11:49:52","modified_gmt":"2017-06-29T11:49:52","slug":"2011-2","status":"publish","type":"page","link":"https:\/\/www.hubertus-schuetzenverein.de\/?page_id=3547","title":{"rendered":"2011"},"content":{"rendered":"<h2>Pressebericht 2011<\/h2>\n<figure id=\"attachment_169\" aria-describedby=\"caption-attachment-169\" style=\"width: 300px\" class=\"wp-caption alignright\"><a href=\"https:\/\/i0.wp.com\/wordpress.hubertus-schuetzenverein.de\/wp-content\/uploads\/2017\/06\/presse2011.jpg\"><img data-recalc-dims=\"1\" loading=\"lazy\" decoding=\"async\" class=\"wp-image-169 size-medium\" src=\"https:\/\/i0.wp.com\/wordpress.hubertus-schuetzenverein.de\/wp-content\/uploads\/2017\/06\/presse2011-300x258.jpg?resize=300%2C258\" alt=\"v. l. Vorjahresk\u00f6nig Klaus Becke mit Heike Humpack und den neuen K\u00f6nig Christoph Thiel mit seiner K\u00f6nigin Sandra Sterzik Klaus G\u00f6dde \u00a9 2011\" width=\"300\" height=\"258\" srcset=\"https:\/\/i0.wp.com\/www.hubertus-schuetzenverein.de\/wp-content\/uploads\/2017\/06\/presse2011.jpg?resize=300%2C258&amp;ssl=1 300w, https:\/\/i0.wp.com\/www.hubertus-schuetzenverein.de\/wp-content\/uploads\/2017\/06\/presse2011.jpg?w=524&amp;ssl=1 524w\" sizes=\"auto, (max-width: 300px) 100vw, 300px\" \/><\/a><figcaption id=\"caption-attachment-169\" class=\"wp-caption-text\">v. l. Vorjahresk\u00f6nig Klaus Becke mit Heike Humpack und den neuen K\u00f6nig Christoph Thiel mit seiner K\u00f6nigin Sandra Sterzik Klaus G\u00f6dde \u00a9 2011<\/figcaption><\/figure>\n<p>Christoph Thiel schie\u00dft den Vogel von der Stange.<\/p>\n<p>Der Hubertus \u2013 Sch\u00fctzenverein Salzbergen e. V. feierte vom 13.-15. August sein 46. Sch\u00fctzenfest. Der Samstag stand ganz im Zeichen eines Wachejubelfestes, hier gelang es Daniel Cichon erster Jugendsch\u00fctzenk\u00f6nig zu werden. Nachmittags beim Kindersch\u00fctzenfest wurde David Seggering Kinderk\u00f6nig, Anna Focks wurde Kinderk\u00f6nigin. Am Sonntagnachmittag wurde Helmut Siepker f\u00fcr 25 Jahre Mitgliedschaft und Andreas Stein f\u00fcr 25 Jahre Adjutant geehrt. Weitere Ehrungen folgten am Montag f\u00fcr das Plakettenschie\u00dfen \u2013 Altersgruppe bis 35 Jahre, Gold Thorsten Raatgering, Silber Markus van der Zee, Bronze Thomas Merting. Altersgruppe \u00fcber 35 Jahre, Gold Helmut Th\u00fcnemann, Silber J\u00fcrgen Kestering, Bronze Thomas M\u00fclder. Wie jedes Jahr wurde dann auch am Montag der neue K\u00f6nig gekr\u00f6nt. Christoph Thiel war der gl\u00fcckliche Sch\u00fctze und \u00fcbernahm die Regentschaft vom Vorjahresk\u00f6nig Klaus Becke. Die Kr\u00f6nung des Sch\u00fctzenfestes war zweifelsohne der K\u00f6nigsball am Montagabend mit der Stimmungsband \u201eBlack Horses\u201c.<\/p>\n<h2>Jahresr\u00fcckblick 2011<\/h2>\n<ol>\n<li>In diesem Jahr fand das Ortspokalturnier im Schie\u00dfen am 12.03.2011 statt. Unsere Mannschaft um J\u00fcrgen Kestering, Franz Reckers und Stefan Kaiser belegte mit 295,2 Ringen den 2. Platz.<\/li>\n<li>Unser Doppelkopfturnier veranstalteten wir zusammen mit dem Sch\u00fctzenverein Steide am 11.03.2011 im Dorfgemeinschaftshaus in Steide. Einige unserer Sch\u00fctzen konnten hier sogar vordere Pl\u00e4tze belegen.<\/li>\n<li>Zu unserer 31. Radtour \u201eFahrt ins Blaue\u201c trafen wir uns am 04.06.2011 bei tollem Wetter. Dementsprechend erfreuten sich die zahlreichen Teilnehmer dem sommerlichen Wetter und nach dem Radeln dem Abschluss bei W\u00fcrstchen und Pommes auf dem Steider Festplatz.<\/li>\n<li>Das diesj\u00e4hrige Sch\u00fctzenfest feierten wir in der Zeit vom 13.08.2011 bis 16.08.2011 auf unserem Festplatz an der D\u00fcnnstra\u00dfe. Unsere Kleinsten er\u00f6ffneten am Samstagnachmittag mit dem Kindersch\u00fctzenfest das Wochenende und vergn\u00fcgten sich bei tollen Spielen, Kutschfahrten und leckerem Eis. Kindersch\u00fctzenk\u00f6nig wurde David Seggering, zur K\u00f6nigin w\u00e4hlte er Anna Focks. Ein besonderes Highlight war in diesen das 20-j\u00e4hrige Jubil\u00e4um unserer Kongo-Wache. Ab dem sp\u00e4ten Nachmittig feierten aktive und ehemalige Wachemitglieder zusammen mit zahlreichen geladenen G\u00e4sten bis tief in die Nacht dieses Ereignis. Ab 20 Uhr heizten dann die Vechtetalmusikanten mit ihrer tollen Blasmusik den zahlreichen G\u00e4sten m\u00e4chtig ein, die dann im Anschluss mit der Band finity bis in den fr\u00fchen Morgen abrocken konnten. Das Antreten zum Festumzug am Sonntagnachmittag fand wie gewohnt am Festplatz statt. Nachdem Andreas Stein f\u00fcr 25-j\u00e4hrige T\u00e4tigkeit als Adjutant geehrt wurden, freuten sich alle G\u00e4ste bei reichlich Kaffee und Kuchen \u00fcber die tollen Preise, die bei der gro\u00dfen Verlosung zu gewinnen waren. F\u00fcr die musikalische Unterhaltung sorgte in gewohnter Manier der Musikverein Salzbergen. Mit dem D\u00e4mmerschoppen klang der Sonntag aus. Am Montagmorgen fanden sich 150 Sch\u00fctzen zum Kirchgang mit anschlie\u00dfender Kranzniederlegung am Kriegerdenkmal am Festplatz ein. Nach dem kurzen Tankstopp beim B\u00fcrgermeister freuten sich alle Sch\u00fctzen auf das von den K\u00f6nigsnachbarsfrauen vorbereitete Fr\u00fchst\u00fcck. Frisch gest\u00e4rkt konnten sie sich so einem H\u00f6hepunkt des Festes, dem K\u00f6nigs- und Plakettenschie\u00dfen widmen. Nachdem Thorsten Raatgering und Helmut Th\u00fcnemann die Vereinsmeistertitel errangen, richtete sich die Aufmerksamkeit der Sch\u00fctzen und der vielen G\u00e4ste dem K\u00f6nigschie\u00dfen. Wie erwartet versuchte der Vogel auch in diesem Jahr fest auf der Stange zu bleiben. Doch gegen unsere zielsicheren Sch\u00fctzen hatte er letztlich keine Chance. Der gl\u00fcckliche K\u00f6nigssch\u00fctze hie\u00df Christoph Thiel. Spontan erkor er Sandra Sterzik zu seiner K\u00f6nigin. Den kr\u00f6nenden Abschluss feierten wir am Montagabend beim K\u00f6nigsball mit den \u201eBlack Horses\u201c. Singend und tanzend wurde bis in die Morgenstunden gefeiert. Mit dem traditionellen Kehraus endete unser Sch\u00fctzenfest am Dienstag.<\/li>\n<\/ol>\n","protected":false},"excerpt":{"rendered":"<p>Pressebericht 2011 Christoph Thiel schie\u00dft den Vogel von der Stange. Der Hubertus \u2013 Sch\u00fctzenverein Salzbergen e. V. feierte vom 13.-15. August sein 46. Sch\u00fctzenfest. Der Samstag stand ganz im Zeichen eines Wachejubelfestes, hier gelang es Daniel Cichon erster Jugendsch\u00fctzenk\u00f6nig zu werden. Nachmittags beim Kindersch\u00fctzenfest wurde David Seggering Kinderk\u00f6nig, Anna Focks wurde Kinderk\u00f6nigin. Am Sonntagnachmittag wurde [&hellip;]<\/p>\n","protected":false},"author":1,"featured_media":0,"parent":2458,"menu_order":0,"comment_status":"closed","ping_status":"closed","template":"","meta":{"jetpack_post_was_ever_published":false,"footnotes":""},"class_list":["post-3547","page","type-page","status-publish","hentry","entry"],"jetpack_sharing_enabled":true,"jetpack_shortlink":"https:\/\/wp.me\/P8RsoT-Vd","jetpack-related-posts":[{"id":3550,"url":"https:\/\/www.hubertus-schuetzenverein.de\/?page_id=3550","url_meta":{"origin":3547,"position":0},"title":"2012","author":"Thorsten","date":"Juni 29, 2017","format":false,"excerpt":"Pressebericht 2012 Cichon ist neuer K\u00f6nig in Salzbergen Der Hubertus \u2013 Sch\u00fctzenverein Salzbergen e. V. feierte vom 11. \u2013 13. August sein 47. Sch\u00fctzenfest. Der Samstag stand ganz im Zeichen eines z\u00fcnftigen Musikabends. Man traf sich bei z\u00fcnftiger Blasmusik mit den Vechtetalmusikanten und weiter sp\u00e4ter mit \u201eFeeling\u201c zum ab rocken.\u2026","rel":"","context":"\u00c4hnlicher Beitrag","block_context":{"text":"\u00c4hnlicher Beitrag","link":""},"img":{"alt_text":"v. l. K\u00f6nig Bj\u00f6rn Cichon mit Conny Mahl und den Vorjahresk\u00f6nig Christoph Thiel mit K\u00f6nigin Sandra Sterzik - Klaus G\u00f6dde\u00a0\u00a9 2012","src":"https:\/\/i0.wp.com\/wordpress.hubertus-schuetzenverein.de\/wp-content\/uploads\/2017\/06\/presse2012-294x300.jpg?resize=350%2C200","width":350,"height":200},"classes":[]},{"id":3561,"url":"https:\/\/www.hubertus-schuetzenverein.de\/?page_id=3561","url_meta":{"origin":3547,"position":1},"title":"2014","author":"Thorsten","date":"Juni 29, 2017","format":false,"excerpt":"Prinz Karneval jetzt auch Sch\u00fctzenk\u00f6nig Der Hubertus \u2013 Sch\u00fctzenverein Salzbergen e. V. feierte vom 09.-11. August sein j\u00e4hrliches Sch\u00fctzenfest. Der Samstag stand ganz im Zeichen eines z\u00fcnftigen Musikabends. Erst traf man sich mit Pastor Droste zu einem Wortgottesdienst danach spielte DJ SKYLINEMUSIC Hits vom Plattenteller und weiter sp\u00e4ter wurde abgerocktmit\u2026","rel":"","context":"\u00c4hnlicher Beitrag","block_context":{"text":"\u00c4hnlicher Beitrag","link":""},"img":{"alt_text":"K\u00f6nig Andreas und seine K\u00f6nigin Claudia Stein - Klaus G\u00f6dde \u00a92014 ","src":"https:\/\/i0.wp.com\/wordpress.hubertus-schuetzenverein.de\/wp-content\/uploads\/2017\/06\/Koenig_2014-200x300.jpg?resize=350%2C200","width":350,"height":200},"classes":[]},{"id":49,"url":"https:\/\/www.hubertus-schuetzenverein.de\/?page_id=49","url_meta":{"origin":3547,"position":2},"title":"Historie der K\u00f6nigspaare (1965-heute)","author":"Thorsten","date":"Juni 15, 2017","format":false,"excerpt":"2025 - Niels und Melanie Finke 2024 - Pascal Elling und Helen K\u00fcnnemann 2023 - Jonas Thiel und Diana Melnik 2022 - Yvonne und Olaf Nega 2019 - Gudrun und Reiner Thale 2018 - Mareike Egbers & Matthias R\u00f6ttering 2017 - Bianka & J\u00f6rg Sch\u00fcring 2016 - Reinhild & Thomas\u2026","rel":"","context":"\u00c4hnlicher Beitrag","block_context":{"text":"\u00c4hnlicher Beitrag","link":""},"img":{"alt_text":"2025 - Niels und Melanie Finke","src":"https:\/\/i0.wp.com\/www.hubertus-schuetzenverein.de\/wp-content\/uploads\/2025\/08\/HubertusKoenigspaar_2025-scaled.jpg?resize=350%2C200","width":350,"height":200,"srcset":"https:\/\/i0.wp.com\/www.hubertus-schuetzenverein.de\/wp-content\/uploads\/2025\/08\/HubertusKoenigspaar_2025-scaled.jpg?resize=350%2C200 1x, https:\/\/i0.wp.com\/www.hubertus-schuetzenverein.de\/wp-content\/uploads\/2025\/08\/HubertusKoenigspaar_2025-scaled.jpg?resize=525%2C300 1.5x, https:\/\/i0.wp.com\/www.hubertus-schuetzenverein.de\/wp-content\/uploads\/2025\/08\/HubertusKoenigspaar_2025-scaled.jpg?resize=700%2C400 2x, https:\/\/i0.wp.com\/www.hubertus-schuetzenverein.de\/wp-content\/uploads\/2025\/08\/HubertusKoenigspaar_2025-scaled.jpg?resize=1050%2C600 3x, https:\/\/i0.wp.com\/www.hubertus-schuetzenverein.de\/wp-content\/uploads\/2025\/08\/HubertusKoenigspaar_2025-scaled.jpg?resize=1400%2C800 4x"},"classes":[]},{"id":7693,"url":"https:\/\/www.hubertus-schuetzenverein.de\/?page_id=7693","url_meta":{"origin":3547,"position":3},"title":"2022","author":"Thorsten","date":"August 23, 2022","format":false,"excerpt":"Olaf Nega neuer K\u00f6nig bei den Hubertus Sch\u00fctzen\u00a0 Der Hubertus Sch\u00fctzenverein Salzbergen e. V. feierte vom 13.-15. August sein 57. Sch\u00fctzenfest. Er\u00f6ffnet wurde das Sch\u00fctzenfest am Samstagabend mit einem Wortgottesdienst durch Pastor Droste. Im Anschluss daran spielte die Party-Band 6th Avenue und brachte das Festzelt zum Beben.\u00a0 Folgende Sch\u00fctzenbr\u00fcder wurden\u2026","rel":"","context":"\u00c4hnlicher Beitrag","block_context":{"text":"\u00c4hnlicher Beitrag","link":""},"img":{"alt_text":"2022 - Yvonne und Olaf Nega, Foto: Klaus G\u00f6dde","src":"https:\/\/i0.wp.com\/www.hubertus-schuetzenverein.de\/wp-content\/uploads\/2022\/08\/koenig_2022-scaled.jpg?resize=350%2C200&ssl=1","width":350,"height":200,"srcset":"https:\/\/i0.wp.com\/www.hubertus-schuetzenverein.de\/wp-content\/uploads\/2022\/08\/koenig_2022-scaled.jpg?resize=350%2C200&ssl=1 1x, https:\/\/i0.wp.com\/www.hubertus-schuetzenverein.de\/wp-content\/uploads\/2022\/08\/koenig_2022-scaled.jpg?resize=525%2C300&ssl=1 1.5x, https:\/\/i0.wp.com\/www.hubertus-schuetzenverein.de\/wp-content\/uploads\/2022\/08\/koenig_2022-scaled.jpg?resize=700%2C400&ssl=1 2x, https:\/\/i0.wp.com\/www.hubertus-schuetzenverein.de\/wp-content\/uploads\/2022\/08\/koenig_2022-scaled.jpg?resize=1050%2C600&ssl=1 3x, https:\/\/i0.wp.com\/www.hubertus-schuetzenverein.de\/wp-content\/uploads\/2022\/08\/koenig_2022-scaled.jpg?resize=1400%2C800&ssl=1 4x"},"classes":[]},{"id":8330,"url":"https:\/\/www.hubertus-schuetzenverein.de\/?page_id=8330","url_meta":{"origin":3547,"position":4},"title":"2023","author":"Thorsten","date":"September 4, 2023","format":false,"excerpt":"Jonas Thiel neuer K\u00f6nig bei den Hubertus Sch\u00fctzen Der Hubertus Sch\u00fctzenverein Salzbergen e. V. feierte vom 12.-14. August sein 58. Sch\u00fctzenfest. Er\u00f6ffnet wurde das Sch\u00fctzenfest am Samstagabend wie \u00fcblich mit einem Wortgottesdienst durch Pastor Droste. Im Anschluss daran fand die gro\u00dfe Zeltparty mit \u201eDeejay Hage\u201c statt, der das Zelt bis\u2026","rel":"","context":"\u00c4hnlicher Beitrag","block_context":{"text":"\u00c4hnlicher Beitrag","link":""},"img":{"alt_text":"2023 - Jonas Thiel und Diana Melnik","src":"https:\/\/i0.wp.com\/www.hubertus-schuetzenverein.de\/wp-content\/uploads\/2023\/09\/Koenigspaar_2023-scaled.jpg?resize=350%2C200&ssl=1","width":350,"height":200,"srcset":"https:\/\/i0.wp.com\/www.hubertus-schuetzenverein.de\/wp-content\/uploads\/2023\/09\/Koenigspaar_2023-scaled.jpg?resize=350%2C200&ssl=1 1x, https:\/\/i0.wp.com\/www.hubertus-schuetzenverein.de\/wp-content\/uploads\/2023\/09\/Koenigspaar_2023-scaled.jpg?resize=525%2C300&ssl=1 1.5x, https:\/\/i0.wp.com\/www.hubertus-schuetzenverein.de\/wp-content\/uploads\/2023\/09\/Koenigspaar_2023-scaled.jpg?resize=700%2C400&ssl=1 2x, https:\/\/i0.wp.com\/www.hubertus-schuetzenverein.de\/wp-content\/uploads\/2023\/09\/Koenigspaar_2023-scaled.jpg?resize=1050%2C600&ssl=1 3x, https:\/\/i0.wp.com\/www.hubertus-schuetzenverein.de\/wp-content\/uploads\/2023\/09\/Koenigspaar_2023-scaled.jpg?resize=1400%2C800&ssl=1 4x"},"classes":[]},{"id":3565,"url":"https:\/\/www.hubertus-schuetzenverein.de\/?page_id=3565","url_meta":{"origin":3547,"position":5},"title":"2015","author":"Thorsten","date":"Juni 30, 2017","format":false,"excerpt":"Am zweiten Wochenende im August konnte\u00a0der Hubertus-Sch\u00fctzenverein Salzbergen e.V. sein 50-j\u00e4hriges\u00a0Jubil\u00e4um mit einem gro\u00dfen Jubelfest begehen. Unter dem Motto \u201eJubeln im KONGO\u201c begann das Fest am Freitagabend mit einem Langenberger Abend im Festzelt. Zu Beginn wurde ein Wortgottesdienst mit Pastor Droste gefeiert. Dann begann das erste Kaiserschiessen des Vereins. Hier\u2026","rel":"","context":"\u00c4hnlicher Beitrag","block_context":{"text":"\u00c4hnlicher Beitrag","link":""},"img":{"alt_text":"K\u00f6nig Hermann mit seiner K\u00f6nigin Helga Struffert - \u00a9 Klaus G\u00f6dde 2015","src":"https:\/\/i0.wp.com\/wordpress.hubertus-schuetzenverein.de\/wp-content\/uploads\/2017\/06\/koenig_2015-177x300.jpg?resize=350%2C200","width":350,"height":200},"classes":[]}],"_links":{"self":[{"href":"https:\/\/www.hubertus-schuetzenverein.de\/index.php?rest_route=\/wp\/v2\/pages\/3547","targetHints":{"allow":["GET"]}}],"collection":[{"href":"https:\/\/www.hubertus-schuetzenverein.de\/index.php?rest_route=\/wp\/v2\/pages"}],"about":[{"href":"https:\/\/www.hubertus-schuetzenverein.de\/index.php?rest_route=\/wp\/v2\/types\/page"}],"author":[{"embeddable":true,"href":"https:\/\/www.hubertus-schuetzenverein.de\/index.php?rest_route=\/wp\/v2\/users\/1"}],"replies":[{"embeddable":true,"href":"https:\/\/www.hubertus-schuetzenverein.de\/index.php?rest_route=%2Fwp%2Fv2%2Fcomments&post=3547"}],"version-history":[{"count":2,"href":"https:\/\/www.hubertus-schuetzenverein.de\/index.php?rest_route=\/wp\/v2\/pages\/3547\/revisions"}],"predecessor-version":[{"id":3549,"href":"https:\/\/www.hubertus-schuetzenverein.de\/index.php?rest_route=\/wp\/v2\/pages\/3547\/revisions\/3549"}],"up":[{"embeddable":true,"href":"https:\/\/www.hubertus-schuetzenverein.de\/index.php?rest_route=\/wp\/v2\/pages\/2458"}],"wp:attachment":[{"href":"https:\/\/www.hubertus-schuetzenverein.de\/index.php?rest_route=%2Fwp%2Fv2%2Fmedia&parent=3547"}],"curies":[{"name":"wp","href":"https:\/\/api.w.org\/{rel}","templated":true}]}}