{"id":3542,"date":"2017-06-29T07:32:18","date_gmt":"2017-06-29T07:32:18","guid":{"rendered":"http:\/\/wordpress.hubertus-schuetzenverein.de\/?page_id=3542"},"modified":"2017-06-29T11:47:34","modified_gmt":"2017-06-29T11:47:34","slug":"2009-2","status":"publish","type":"page","link":"https:\/\/www.hubertus-schuetzenverein.de\/?page_id=3542","title":{"rendered":"2009"},"content":{"rendered":"<h2>Pressebericht 2009<\/h2>\n<figure id=\"attachment_167\" aria-describedby=\"caption-attachment-167\" style=\"width: 300px\" class=\"wp-caption alignright\"><a href=\"https:\/\/i0.wp.com\/wordpress.hubertus-schuetzenverein.de\/wp-content\/uploads\/2017\/06\/presse2009.jpg\"><img data-recalc-dims=\"1\" loading=\"lazy\" decoding=\"async\" class=\"wp-image-167 size-medium\" src=\"https:\/\/i0.wp.com\/wordpress.hubertus-schuetzenverein.de\/wp-content\/uploads\/2017\/06\/presse2009-300x240.jpg?resize=300%2C240\" alt=\"v.l. Das alte K\u00f6nigspaar Matthias B\u00fcnker und Heike Th\u00fcnemann + Helmut und Karola Siepker - Th\u00fcnemann \u00a9 2009\" width=\"300\" height=\"240\" srcset=\"https:\/\/i0.wp.com\/www.hubertus-schuetzenverein.de\/wp-content\/uploads\/2017\/06\/presse2009.jpg?resize=300%2C240&amp;ssl=1 300w, https:\/\/i0.wp.com\/www.hubertus-schuetzenverein.de\/wp-content\/uploads\/2017\/06\/presse2009.jpg?w=563&amp;ssl=1 563w\" sizes=\"auto, (max-width: 300px) 100vw, 300px\" \/><\/a><figcaption id=\"caption-attachment-167\" class=\"wp-caption-text\">v.l. Das alte K\u00f6nigspaar Matthias B\u00fcnker und Heike Th\u00fcnemann + Helmut und Karola Siepker &#8211; Th\u00fcnemann \u00a9 2009<\/figcaption><\/figure>\n<p>Helmut Siepker ist neuer K\u00f6nig<\/p>\n<p>Helmut Siepker (rechts) ist neuer K\u00f6nig im Hubertus-Sch\u00fctzenverein Salzbergen. K\u00f6nigin ist Karola Siepker. Beim Kindersch\u00fctzenfest gelang es Alexander M\u00fclder, die Kinderk\u00f6nigsw\u00fcrde zu erringen, Julia van der Zee wurde Kinderk\u00f6nigin. Geehrt wurden Stefan D\u00fctz, Helmut Harmann, Stefan Thiel, Heinz Thien, Michael Twilling, Rolf Effner, Georg Reckers, Ewald Kestering, Udo Fehren, Martin Schulte und Ulrich Veismann f\u00fcr 25 Jahre Mitgliedschaft. Weiter Ehrungen erhielten Hubertus Reckers f\u00fcr 20 Jahre Waffenwart, Markus van der Zee als scheidender Wachefeldwebel und Marco Thien als Wachek\u00f6nig 2008. Das Plakettenschie\u00dfen ergab folgendes Ergebnis (Altersgruppe bis 35 Jahre): Gold Thorsten Veerkamp, Silber Daniel Thien, Bronze Matthias Keutz. (Altersgruppe \u00fcber 35 Jahre): Gold Norbert Faller, Silber Gerd J\u00e4ger, Bronze Michael Niemeyer.<\/p>\n<h2>Jahresr\u00fcckblick 2009<\/h2>\n<ol>\n<li>Beim Ortspokalturnier am 28.02.2009 belegte die 2. Mannschaft um Thomas Scheepers, Franz Reckers und J\u00fcrgen Kestering mit 293,1 Ringen den 2. Platz. Bei den Einzelsch\u00fctzen errang Thomas Scheepers mit 99,6 Ringen ebenfalls den 2. Platz.\u00a0Vielen Dank den Sch\u00fctzen Thomas Scheepers, Franz Reckers, J\u00fcrgen Kestering, Andreas Reckers, Manfred Wilde und Ralf Sygulla.<\/li>\n<li>Unser Doppelkopfturnier fand in diesem Jahr am 20.03.2009 statt. Bei reger Beteiligung konnten die Spieler erneut attraktive Preise gewinnen.<\/li>\n<li>Anl\u00e4sslich unserer 29. Fahrradtour \u201eFahrt ins Blaue\u201c am 06.06.2009 lie\u00df der Wettergott zwar die Sonne nicht erstrahlen, daf\u00fcr sah man aber bei den zahlreichen Teilnehmern in strahlende Gesichter aus Freude \u00fcber die sch\u00f6ne Salzbergener Landschaft sowie dem gelungener Abschluss bei W\u00fcrstchen, Pommes und kalten Getr\u00e4nken auf dem Festplatz in Steide.<\/li>\n<li>Das diesj\u00e4hrige Sch\u00fctzenfest feierten wir in der Zeit vom 08.08.2009 bis 11.08.2009 auf dem Festplatz an der D\u00fcnnstra\u00dfe. Den Anfang machten unsere Kleinen bei sch\u00f6nem Sonnenbrillenwetter mit dem Kindersch\u00fctzenfest. Ihnen wurde jede Menge Spa\u00df und Spiel geboten. Kindersch\u00fctzenk\u00f6nig wurde Alexander M\u00fclder, zur K\u00f6nigin w\u00e4hlte er Julia van der Zee. Zum Abend hin mussten die Kinder jedoch den Jugendlichen und \u00c4lteren Platz machen, die zusammen mit den Bands Second Spring und finity den \u00c4lternabend feiern wollten. \u00dcber 900 G\u00e4ste beweisen: der Abend war ein voller Erfolg. Das Antreten zum Festumzug fand am Sonntag am Festplatz statt. Nach den Ehrungen f\u00fcr unter anderem langj\u00e4hrige Mitgliedschaft freuten sich die zahlreich G\u00e4ste bei reichlich Kaffee und Kuchen \u00fcber die tollen Preise, die bei der traditionellen gro\u00dfen Verlosung zu gewinnen waren. F\u00fcr die musikalische Untermalung sorgte in gewohnter Manier der Musikverein Salzbergen. Mit dem D\u00e4mmerschoppen klang der Sonntag aus. Am Montagmorgen fanden sich 155 Sch\u00fctzen am Festplatz ein, um den gemeinsamen Kirchgang anzutreten. Nach der Kranzniederlegung am Ehrenmal und dem kurzen auftanken beim B\u00fcrgermeister ging es zur\u00fcck zum Festzelt, um das von den K\u00f6nigsnachbarsfrauen vorbereitete Fr\u00fchst\u00fcck einzunehmen. Frisch gest\u00e4rkt konnte so zum eigentlichen H\u00f6hepunkt, dem K\u00f6nigs- und Plakettenschie\u00dfen \u00fcbergegangen werden. Nachdem Thorsten Veerkamp und Norbert Faller die Vereinsmeistertitel errangen richtete sich die Aufmerksamkeit der Sch\u00fctzen und zahlreichen G\u00e4ste dem K\u00f6nigsschie\u00dfen. Obwohl der Vogel sich lange wehrte, musste er sich doch dem zielsicheren Sch\u00fctzen geschlagen geben. Der gl\u00fcckliche K\u00f6nigssch\u00fctze hie\u00df Helmut Siepker, der spontan seine Ehefrau Karola zur K\u00f6nigin nahm. Am Abend feierte das neue K\u00f6nigspaar mit seinen G\u00e4sten und den \u201eBlack Horses\u201c ein rauschendes Fest, das erst in den fr\u00fchen Morgenstunden enden wollte.<\/li>\n<li>Sein Ende fand unser Sch\u00fctzenfest jedoch erst am Dienstag mit dem traditionellen Kehraus.<\/li>\n<\/ol>\n","protected":false},"excerpt":{"rendered":"<p>Pressebericht 2009 Helmut Siepker ist neuer K\u00f6nig Helmut Siepker (rechts) ist neuer K\u00f6nig im Hubertus-Sch\u00fctzenverein Salzbergen. K\u00f6nigin ist Karola Siepker. Beim Kindersch\u00fctzenfest gelang es Alexander M\u00fclder, die Kinderk\u00f6nigsw\u00fcrde zu erringen, Julia van der Zee wurde Kinderk\u00f6nigin. Geehrt wurden Stefan D\u00fctz, Helmut Harmann, Stefan Thiel, Heinz Thien, Michael Twilling, Rolf Effner, Georg Reckers, Ewald Kestering, Udo [&hellip;]<\/p>\n","protected":false},"author":1,"featured_media":0,"parent":2458,"menu_order":0,"comment_status":"closed","ping_status":"closed","template":"","meta":{"jetpack_post_was_ever_published":false,"footnotes":""},"class_list":["post-3542","page","type-page","status-publish","hentry","entry"],"jetpack_sharing_enabled":true,"jetpack_shortlink":"https:\/\/wp.me\/P8RsoT-V8","jetpack-related-posts":[{"id":3545,"url":"https:\/\/www.hubertus-schuetzenverein.de\/?page_id=3545","url_meta":{"origin":3542,"position":0},"title":"2010","author":"Thorsten","date":"Juni 29, 2017","format":false,"excerpt":"Pressebericht 2010 Klaus Becke ist K\u00f6nig in Salzbergen Neuer K\u00f6nig des Hubertus-Sch\u00fctzenvereins Salzbergen ist Klaus Becke. Er \u00fcbernahm die Regentschaft vom Vorjahresk\u00f6nig Helmut Siepker. Beim Kindersch\u00fctzenfest holte Eric Kre\u00dfner die Kinderk\u00f6nigsw\u00fcrde, Juliane M\u00fclder wurde Kinderk\u00f6nigin. Am Sonntagnachmittag wurden Andreas Stein, Heinz Haumer, J\u00fcrgen Kestering und Andreas Kestering f\u00fcr 25 Jahre\u2026","rel":"","context":"\u00c4hnlicher Beitrag","block_context":{"text":"\u00c4hnlicher Beitrag","link":""},"img":{"alt_text":"v.l. Vorjahresk\u00f6nig Helmut und Karola Siepker + Klaus Becke und Heike Humpack - Andreas Sattler \u00a9 2010","src":"https:\/\/i0.wp.com\/wordpress.hubertus-schuetzenverein.de\/wp-content\/uploads\/2017\/06\/presse2010-300x200.jpg?resize=350%2C200","width":350,"height":200},"classes":[]},{"id":49,"url":"https:\/\/www.hubertus-schuetzenverein.de\/?page_id=49","url_meta":{"origin":3542,"position":1},"title":"Historie der K\u00f6nigspaare (1965-heute)","author":"Thorsten","date":"Juni 15, 2017","format":false,"excerpt":"2025 - Niels und Melanie Finke 2024 - Pascal Elling und Helen K\u00fcnnemann 2023 - Jonas Thiel und Diana Melnik 2022 - Yvonne und Olaf Nega 2019 - Gudrun und Reiner Thale 2018 - Mareike Egbers & Matthias R\u00f6ttering 2017 - Bianka & J\u00f6rg Sch\u00fcring 2016 - Reinhild & Thomas\u2026","rel":"","context":"\u00c4hnlicher Beitrag","block_context":{"text":"\u00c4hnlicher Beitrag","link":""},"img":{"alt_text":"2025 - Niels und Melanie Finke","src":"https:\/\/i0.wp.com\/www.hubertus-schuetzenverein.de\/wp-content\/uploads\/2025\/08\/HubertusKoenigspaar_2025-scaled.jpg?resize=350%2C200","width":350,"height":200,"srcset":"https:\/\/i0.wp.com\/www.hubertus-schuetzenverein.de\/wp-content\/uploads\/2025\/08\/HubertusKoenigspaar_2025-scaled.jpg?resize=350%2C200 1x, https:\/\/i0.wp.com\/www.hubertus-schuetzenverein.de\/wp-content\/uploads\/2025\/08\/HubertusKoenigspaar_2025-scaled.jpg?resize=525%2C300 1.5x, https:\/\/i0.wp.com\/www.hubertus-schuetzenverein.de\/wp-content\/uploads\/2025\/08\/HubertusKoenigspaar_2025-scaled.jpg?resize=700%2C400 2x, https:\/\/i0.wp.com\/www.hubertus-schuetzenverein.de\/wp-content\/uploads\/2025\/08\/HubertusKoenigspaar_2025-scaled.jpg?resize=1050%2C600 3x, https:\/\/i0.wp.com\/www.hubertus-schuetzenverein.de\/wp-content\/uploads\/2025\/08\/HubertusKoenigspaar_2025-scaled.jpg?resize=1400%2C800 4x"},"classes":[]},{"id":3547,"url":"https:\/\/www.hubertus-schuetzenverein.de\/?page_id=3547","url_meta":{"origin":3542,"position":2},"title":"2011","author":"Thorsten","date":"Juni 29, 2017","format":false,"excerpt":"Pressebericht 2011 Christoph Thiel schie\u00dft den Vogel von der Stange. Der Hubertus \u2013 Sch\u00fctzenverein Salzbergen e. V. feierte vom 13.-15. August sein 46. Sch\u00fctzenfest. Der Samstag stand ganz im Zeichen eines Wachejubelfestes, hier gelang es Daniel Cichon erster Jugendsch\u00fctzenk\u00f6nig zu werden. Nachmittags beim Kindersch\u00fctzenfest wurde David Seggering Kinderk\u00f6nig, Anna Focks\u2026","rel":"","context":"\u00c4hnlicher Beitrag","block_context":{"text":"\u00c4hnlicher Beitrag","link":""},"img":{"alt_text":"v. l. Vorjahresk\u00f6nig Klaus Becke mit Heike Humpack und den neuen K\u00f6nig Christoph Thiel mit seiner K\u00f6nigin Sandra Sterzik Klaus G\u00f6dde \u00a9 2011","src":"https:\/\/i0.wp.com\/wordpress.hubertus-schuetzenverein.de\/wp-content\/uploads\/2017\/06\/presse2011-300x258.jpg?resize=350%2C200","width":350,"height":200},"classes":[]},{"id":4092,"url":"https:\/\/www.hubertus-schuetzenverein.de\/?page_id=4092","url_meta":{"origin":3542,"position":3},"title":"2019","author":"Thorsten","date":"September 1, 2017","format":false,"excerpt":"Reiner Thale regiert den Kongo! Der Hubertus Sch\u00fctzenverein Salzbergen e. V. feierte vom 10.-12. August sein 54. Sch\u00fctzenfest. Der Samstag stand ganz im Zeichen eines z\u00fcnftigen Musikabends. Erst traf man sich mit Pastor Droste zu einem Wortgottesdienst, danach spielte die Spitzen- Liveband Holy Moly und brachte das Festzelt zum Beben.\u00a0\u2026","rel":"","context":"\u00c4hnlicher Beitrag","block_context":{"text":"\u00c4hnlicher Beitrag","link":""},"img":{"alt_text":"K\u00f6nigspaar Gudrun und Reiner Thale, Foto: Klaus G\u00f6dde","src":"https:\/\/i0.wp.com\/www.hubertus-schuetzenverein.de\/wp-content\/uploads\/2019\/11\/koenigspaar_2019-200x300.jpg?resize=350%2C200","width":350,"height":200},"classes":[]},{"id":7693,"url":"https:\/\/www.hubertus-schuetzenverein.de\/?page_id=7693","url_meta":{"origin":3542,"position":4},"title":"2022","author":"Thorsten","date":"August 23, 2022","format":false,"excerpt":"Olaf Nega neuer K\u00f6nig bei den Hubertus Sch\u00fctzen\u00a0 Der Hubertus Sch\u00fctzenverein Salzbergen e. V. feierte vom 13.-15. August sein 57. Sch\u00fctzenfest. Er\u00f6ffnet wurde das Sch\u00fctzenfest am Samstagabend mit einem Wortgottesdienst durch Pastor Droste. Im Anschluss daran spielte die Party-Band 6th Avenue und brachte das Festzelt zum Beben.\u00a0 Folgende Sch\u00fctzenbr\u00fcder wurden\u2026","rel":"","context":"\u00c4hnlicher Beitrag","block_context":{"text":"\u00c4hnlicher Beitrag","link":""},"img":{"alt_text":"2022 - Yvonne und Olaf Nega, Foto: Klaus G\u00f6dde","src":"https:\/\/i0.wp.com\/www.hubertus-schuetzenverein.de\/wp-content\/uploads\/2022\/08\/koenig_2022-scaled.jpg?resize=350%2C200&ssl=1","width":350,"height":200,"srcset":"https:\/\/i0.wp.com\/www.hubertus-schuetzenverein.de\/wp-content\/uploads\/2022\/08\/koenig_2022-scaled.jpg?resize=350%2C200&ssl=1 1x, https:\/\/i0.wp.com\/www.hubertus-schuetzenverein.de\/wp-content\/uploads\/2022\/08\/koenig_2022-scaled.jpg?resize=525%2C300&ssl=1 1.5x, https:\/\/i0.wp.com\/www.hubertus-schuetzenverein.de\/wp-content\/uploads\/2022\/08\/koenig_2022-scaled.jpg?resize=700%2C400&ssl=1 2x, https:\/\/i0.wp.com\/www.hubertus-schuetzenverein.de\/wp-content\/uploads\/2022\/08\/koenig_2022-scaled.jpg?resize=1050%2C600&ssl=1 3x, https:\/\/i0.wp.com\/www.hubertus-schuetzenverein.de\/wp-content\/uploads\/2022\/08\/koenig_2022-scaled.jpg?resize=1400%2C800&ssl=1 4x"},"classes":[]},{"id":292,"url":"https:\/\/www.hubertus-schuetzenverein.de\/?page_id=292","url_meta":{"origin":3542,"position":5},"title":"2016","author":"Thorsten","date":"Juni 20, 2017","format":false,"excerpt":"Thomas Altevolmer ist der neue K\u00f6nig im Kongo Der Hubertus \u2013 Sch\u00fctzenverein Salzbergen e. V. feierte vom 13.-15. August sein 51. Sch\u00fctzenfest. Der Samstag stand ganz im Zeichen eines Wachejubelfestes. Die Kongo-Wache feierte ihr 25-j\u00e4hriges Bestehen. Hier gelang es Fabian Altevolmer der 3. Jugendsch\u00fctzenk\u00f6nig in Salzbergen zu werden. Am Sonntagnachmittag\u2026","rel":"","context":"\u00c4hnlicher Beitrag","block_context":{"text":"\u00c4hnlicher Beitrag","link":""},"img":{"alt_text":"Saskia Altemeyer und Fabian Altevolmer, Reinhild und Thomas Altevolmer, Helga und Hermann Struffert ","src":"https:\/\/i0.wp.com\/www.hubertus-schuetzenverein.de\/wp-content\/uploads\/2017\/06\/alle_koenige_2016-300x200.jpg?resize=350%2C200","width":350,"height":200},"classes":[]}],"_links":{"self":[{"href":"https:\/\/www.hubertus-schuetzenverein.de\/index.php?rest_route=\/wp\/v2\/pages\/3542","targetHints":{"allow":["GET"]}}],"collection":[{"href":"https:\/\/www.hubertus-schuetzenverein.de\/index.php?rest_route=\/wp\/v2\/pages"}],"about":[{"href":"https:\/\/www.hubertus-schuetzenverein.de\/index.php?rest_route=\/wp\/v2\/types\/page"}],"author":[{"embeddable":true,"href":"https:\/\/www.hubertus-schuetzenverein.de\/index.php?rest_route=\/wp\/v2\/users\/1"}],"replies":[{"embeddable":true,"href":"https:\/\/www.hubertus-schuetzenverein.de\/index.php?rest_route=%2Fwp%2Fv2%2Fcomments&post=3542"}],"version-history":[{"count":2,"href":"https:\/\/www.hubertus-schuetzenverein.de\/index.php?rest_route=\/wp\/v2\/pages\/3542\/revisions"}],"predecessor-version":[{"id":3544,"href":"https:\/\/www.hubertus-schuetzenverein.de\/index.php?rest_route=\/wp\/v2\/pages\/3542\/revisions\/3544"}],"up":[{"embeddable":true,"href":"https:\/\/www.hubertus-schuetzenverein.de\/index.php?rest_route=\/wp\/v2\/pages\/2458"}],"wp:attachment":[{"href":"https:\/\/www.hubertus-schuetzenverein.de\/index.php?rest_route=%2Fwp%2Fv2%2Fmedia&parent=3542"}],"curies":[{"name":"wp","href":"https:\/\/api.w.org\/{rel}","templated":true}]}}