{"id":3540,"date":"2017-06-29T06:55:41","date_gmt":"2017-06-29T06:55:41","guid":{"rendered":"http:\/\/wordpress.hubertus-schuetzenverein.de\/?page_id=3540"},"modified":"2017-06-29T06:58:13","modified_gmt":"2017-06-29T06:58:13","slug":"2008-2","status":"publish","type":"page","link":"https:\/\/www.hubertus-schuetzenverein.de\/?page_id=3540","title":{"rendered":"2008"},"content":{"rendered":"<h2>Pressebericht 2008<\/h2>\n<figure id=\"attachment_166\" aria-describedby=\"caption-attachment-166\" style=\"width: 300px\" class=\"wp-caption alignright\"><a href=\"https:\/\/i0.wp.com\/wordpress.hubertus-schuetzenverein.de\/wp-content\/uploads\/2017\/06\/presse2008.jpg\"><img data-recalc-dims=\"1\" loading=\"lazy\" decoding=\"async\" class=\"wp-image-166 size-medium\" src=\"https:\/\/i0.wp.com\/wordpress.hubertus-schuetzenverein.de\/wp-content\/uploads\/2017\/06\/presse2008-300x200.jpg?resize=300%2C200\" alt=\"\" width=\"300\" height=\"200\" srcset=\"https:\/\/i0.wp.com\/www.hubertus-schuetzenverein.de\/wp-content\/uploads\/2017\/06\/presse2008.jpg?resize=300%2C200&amp;ssl=1 300w, https:\/\/i0.wp.com\/www.hubertus-schuetzenverein.de\/wp-content\/uploads\/2017\/06\/presse2008.jpg?w=563&amp;ssl=1 563w\" sizes=\"auto, (max-width: 300px) 100vw, 300px\" \/><\/a><figcaption id=\"caption-attachment-166\" class=\"wp-caption-text\">v.l. Angelika und Rolf Effner (K\u00f6nigspaar des Vorjahres) + neue K\u00f6nigspaar Heike Th\u00fcnemann und Matthias B\u00fcnker &#8211; Foto: Klaus G\u00f6dde \u00a9 2008<\/figcaption><\/figure>\n<p>Matthias B\u00fcnker neuer Sch\u00fctzenk\u00f6nig<\/p>\n<p>Der Hubertus-Sch\u00fctzenverein Salzbergen feierte vom 09. \u2013 11.08.2008 sein Sch\u00fctzenfest. Feldwebel Matthias B\u00fcnker konnte sich erfolgreich gegen die Mitbewerber durchsetzen und \u00fcbernahm die Regentschaft von Rolf Effner. Zur K\u00f6nigin erkor er seine Freundin Heike Th\u00fcnemann. Malte Kunk gelang es, die Kinderk\u00f6nigsw\u00fcrde zu erringen, Kinderk\u00f6nigin wurde Maja Altevolmer. Manfred Leschinski und Christian Kunk erhielten einen Orden f\u00fcr zehn Jahre und Willi Lammers f\u00fcr 20 Jahre Vorstandsarbeit. Beim Plakettenschie\u00dfen (Altersgruppe bis 35 Jahre) errang Christian Keutz Gold, Silber ging an Bj\u00f6rn Cichon und Woltermann. Altersgruppe \u00fcber 35 Jahre: Georg Reckers (Gold), Stefan Busch Bronze an Ralf (Silber) und J\u00fcrgen Focks (Bronze).<\/p>\n<h2>Jahresr\u00fcckblick 2008<\/h2>\n<ol>\n<li>Beim Ortpokalschie\u00dfen am 09.02.2008 belegte die 1. Mannschaft unseres Vereins mit Manfred Wilde, Franz Reckers und J\u00fcrgen Kestering bei 291,5 Ringen den 3. Platz. Die 2. Mannschaft um Andreas Reckers , Thomas Scheepers und Georg Reckers erreichte mit 289,9 Ringen den 5. Platz.\u00a0Wenn man bedenkt, dass der Erstplatzierte 291,8 Ringe erreichte, erkennt man, wie hervorragend dieses Ergebnis ist.<\/li>\n<li>Die Doppelkopfturniere fanden am 11.03.2008 und 03.04.2008 in der Gastst\u00e4tte Lammers statt. Ihrer Spielst\u00e4rke oder auch nur der Tagesform entsprechend konnten die Teilnehmer wie gewohnt attraktive Preise gewinnen.<\/li>\n<li>Bei gutem Wetter trafen wir uns zur traditionellen Radtour \u201eFahrt ins Blaue\u201c mit Kind und Kegel am 07.06.2008. Die zahlreichen Teilnehmer konnten sich zun\u00e4chst der sch\u00f6ne Tour durchs Salzbergener Umland erfreuen, um abschlie\u00dfend den Tag bei W\u00fcrstchen, Pommes und nat\u00fcrlich k\u00fchlen Getr\u00e4nken ausklingen zu lassen.<\/li>\n<li>Unser Sch\u00fctzenfest, und damit den H\u00f6hepunkt des Jahres, feierten wir in der Zeit vom 09.08.2008 bis 12.08.2008 auf dem Festplatz an der D\u00fcnnstra\u00dfe. Ger\u00fcstet mit Sonnenbrille und jeder Menge guter Laune starteten wir mit dem Kindersch\u00fctzenfest am Samstagnachmittag. Unsere Kleinen hatten bei tollen Spielen jede Menge Spa\u00df. Kindersch\u00fctzenk\u00f6nig wurde Malte Kunk, zur Kinderk\u00f6nigin w\u00e4hlte er Maja Altevolmer. Aber jedes Fest hat mal ein Ende, und so mussten Kinder und Eltern gegen Abend Platz machen f\u00fcr das Sommernacht-Festival. Erstmals in diesem Jahr wurde hervorragende Unterhaltung f\u00fcr Jung und Alt geboten, indem bereits ab 20.00 Uhr die Grafschafter Oldieband Rockstuff f\u00fcr Tanz- und Partystimmung sorgte. Nahtlos \u00fcbergehend heizte dann ab 22.00 Uhr die Topband finity den anwesenden G\u00e4sten bis in die fr\u00fchen Morgenstunden so richtig ein. Das Antreten zum Festumzug am Sonntagnachmittag fand wie gewohnt an der Gastst\u00e4tte Lammers statt. Nachdem Manfred Leschinski und Christian Kunk f\u00fcr 10-j\u00e4hrige Vorstandsarbeit sowie Willi Lammers f\u00fcr 20-j\u00e4hrige Vorstandsarbeit geehrt wurden, freuten sich alle G\u00e4ste bei reichlich Kaffee und Kuchen \u00fcber die tollen Preise, die bei der gro\u00dfen Verlosung zu gewinnen waren. F\u00fcr die musikalische Unterhaltung sorgte in gewohnter Manier der Musikverein Salzbergen. Mit dem D\u00e4mmerschoppen klang der Sonntag aus. Zum Kirchgang mit anschlie\u00dfender Kranzniederlegung am Kriegerdenkmal traten am Montagmorgen erneut zahlreiche Sch\u00fctzen an. Nach dem kurzen Tankstopp beim B\u00fcrgermeister freuten sich alle Sch\u00fctzen auf das von den Freundinnen und Bekannten des K\u00f6nigspaares vorbereitete Fr\u00fchst\u00fcck. Frisch gest\u00e4rkt konnten sie sich so einem H\u00f6hepunkt des Festes, dem K\u00f6nigs- und Plakettenschie\u00dfen widmen. Nachdem Christian Keutz und Georg Reckers die Vereinsmeistertitel errangen, richtete sich die Aufmerksamkeit der Sch\u00fctzen und der zahlreichen G\u00e4ste dem K\u00f6nigschie\u00dfen. Lange wehrte sich der Vogel, doch letztlich musste er sich dem zielsichersten Sch\u00fctzen geschlagen geben. Der gl\u00fcckliche K\u00f6nigssch\u00fctze hie\u00df Matthias B\u00fcnker. Spontan erkor er Heike Th\u00fcnemann zu seiner K\u00f6nigin. Am Abend feierte das K\u00f6nigspaar mit seinen G\u00e4sten und den Black Horses ein rauschendes Fest, das erst in den fr\u00fchen Morgenstunden enden wollte.<\/li>\n<li>Da sich am Dienstagmorgen das Festzelt bereits weggestohlen hatte, fand das Sch\u00fctzenfest mit dem traditionellen Kehraus bei Bernd Elling sein ende.<\/li>\n<\/ol>\n","protected":false},"excerpt":{"rendered":"<p>Pressebericht 2008 Matthias B\u00fcnker neuer Sch\u00fctzenk\u00f6nig Der Hubertus-Sch\u00fctzenverein Salzbergen feierte vom 09. \u2013 11.08.2008 sein Sch\u00fctzenfest. Feldwebel Matthias B\u00fcnker konnte sich erfolgreich gegen die Mitbewerber durchsetzen und \u00fcbernahm die Regentschaft von Rolf Effner. Zur K\u00f6nigin erkor er seine Freundin Heike Th\u00fcnemann. Malte Kunk gelang es, die Kinderk\u00f6nigsw\u00fcrde zu erringen, Kinderk\u00f6nigin wurde Maja Altevolmer. Manfred Leschinski [&hellip;]<\/p>\n","protected":false},"author":1,"featured_media":0,"parent":2458,"menu_order":0,"comment_status":"closed","ping_status":"closed","template":"","meta":{"jetpack_post_was_ever_published":false,"footnotes":""},"class_list":["post-3540","page","type-page","status-publish","hentry","entry"],"jetpack_sharing_enabled":true,"jetpack_shortlink":"https:\/\/wp.me\/P8RsoT-V6","jetpack-related-posts":[{"id":49,"url":"https:\/\/www.hubertus-schuetzenverein.de\/?page_id=49","url_meta":{"origin":3540,"position":0},"title":"Historie der K\u00f6nigspaare (1965-heute)","author":"Thorsten","date":"Juni 15, 2017","format":false,"excerpt":"2025 - Niels und Melanie Finke 2024 - Pascal Elling und Helen K\u00fcnnemann 2023 - Jonas Thiel und Diana Melnik 2022 - Yvonne und Olaf Nega 2019 - Gudrun und Reiner Thale 2018 - Mareike Egbers & Matthias R\u00f6ttering 2017 - Bianka & J\u00f6rg Sch\u00fcring 2016 - Reinhild & Thomas\u2026","rel":"","context":"\u00c4hnlicher Beitrag","block_context":{"text":"\u00c4hnlicher Beitrag","link":""},"img":{"alt_text":"2025 - Niels und Melanie Finke","src":"https:\/\/i0.wp.com\/www.hubertus-schuetzenverein.de\/wp-content\/uploads\/2025\/08\/HubertusKoenigspaar_2025-scaled.jpg?resize=350%2C200","width":350,"height":200,"srcset":"https:\/\/i0.wp.com\/www.hubertus-schuetzenverein.de\/wp-content\/uploads\/2025\/08\/HubertusKoenigspaar_2025-scaled.jpg?resize=350%2C200 1x, https:\/\/i0.wp.com\/www.hubertus-schuetzenverein.de\/wp-content\/uploads\/2025\/08\/HubertusKoenigspaar_2025-scaled.jpg?resize=525%2C300 1.5x, https:\/\/i0.wp.com\/www.hubertus-schuetzenverein.de\/wp-content\/uploads\/2025\/08\/HubertusKoenigspaar_2025-scaled.jpg?resize=700%2C400 2x, https:\/\/i0.wp.com\/www.hubertus-schuetzenverein.de\/wp-content\/uploads\/2025\/08\/HubertusKoenigspaar_2025-scaled.jpg?resize=1050%2C600 3x, https:\/\/i0.wp.com\/www.hubertus-schuetzenverein.de\/wp-content\/uploads\/2025\/08\/HubertusKoenigspaar_2025-scaled.jpg?resize=1400%2C800 4x"},"classes":[]},{"id":3542,"url":"https:\/\/www.hubertus-schuetzenverein.de\/?page_id=3542","url_meta":{"origin":3540,"position":1},"title":"2009","author":"Thorsten","date":"Juni 29, 2017","format":false,"excerpt":"Pressebericht 2009 Helmut Siepker ist neuer K\u00f6nig Helmut Siepker (rechts) ist neuer K\u00f6nig im Hubertus-Sch\u00fctzenverein Salzbergen. K\u00f6nigin ist Karola Siepker. Beim Kindersch\u00fctzenfest gelang es Alexander M\u00fclder, die Kinderk\u00f6nigsw\u00fcrde zu erringen, Julia van der Zee wurde Kinderk\u00f6nigin. Geehrt wurden Stefan D\u00fctz, Helmut Harmann, Stefan Thiel, Heinz Thien, Michael Twilling, Rolf Effner,\u2026","rel":"","context":"\u00c4hnlicher Beitrag","block_context":{"text":"\u00c4hnlicher Beitrag","link":""},"img":{"alt_text":"v.l. Das alte K\u00f6nigspaar Matthias B\u00fcnker und Heike Th\u00fcnemann + Helmut und Karola Siepker - Th\u00fcnemann \u00a9 2009","src":"https:\/\/i0.wp.com\/wordpress.hubertus-schuetzenverein.de\/wp-content\/uploads\/2017\/06\/presse2009-300x240.jpg?resize=350%2C200","width":350,"height":200},"classes":[]},{"id":7693,"url":"https:\/\/www.hubertus-schuetzenverein.de\/?page_id=7693","url_meta":{"origin":3540,"position":2},"title":"2022","author":"Thorsten","date":"August 23, 2022","format":false,"excerpt":"Olaf Nega neuer K\u00f6nig bei den Hubertus Sch\u00fctzen\u00a0 Der Hubertus Sch\u00fctzenverein Salzbergen e. V. feierte vom 13.-15. August sein 57. Sch\u00fctzenfest. Er\u00f6ffnet wurde das Sch\u00fctzenfest am Samstagabend mit einem Wortgottesdienst durch Pastor Droste. Im Anschluss daran spielte die Party-Band 6th Avenue und brachte das Festzelt zum Beben.\u00a0 Folgende Sch\u00fctzenbr\u00fcder wurden\u2026","rel":"","context":"\u00c4hnlicher Beitrag","block_context":{"text":"\u00c4hnlicher Beitrag","link":""},"img":{"alt_text":"2022 - Yvonne und Olaf Nega, Foto: Klaus G\u00f6dde","src":"https:\/\/i0.wp.com\/www.hubertus-schuetzenverein.de\/wp-content\/uploads\/2022\/08\/koenig_2022-scaled.jpg?resize=350%2C200&ssl=1","width":350,"height":200,"srcset":"https:\/\/i0.wp.com\/www.hubertus-schuetzenverein.de\/wp-content\/uploads\/2022\/08\/koenig_2022-scaled.jpg?resize=350%2C200&ssl=1 1x, https:\/\/i0.wp.com\/www.hubertus-schuetzenverein.de\/wp-content\/uploads\/2022\/08\/koenig_2022-scaled.jpg?resize=525%2C300&ssl=1 1.5x, https:\/\/i0.wp.com\/www.hubertus-schuetzenverein.de\/wp-content\/uploads\/2022\/08\/koenig_2022-scaled.jpg?resize=700%2C400&ssl=1 2x, https:\/\/i0.wp.com\/www.hubertus-schuetzenverein.de\/wp-content\/uploads\/2022\/08\/koenig_2022-scaled.jpg?resize=1050%2C600&ssl=1 3x, https:\/\/i0.wp.com\/www.hubertus-schuetzenverein.de\/wp-content\/uploads\/2022\/08\/koenig_2022-scaled.jpg?resize=1400%2C800&ssl=1 4x"},"classes":[]},{"id":4092,"url":"https:\/\/www.hubertus-schuetzenverein.de\/?page_id=4092","url_meta":{"origin":3540,"position":3},"title":"2019","author":"Thorsten","date":"September 1, 2017","format":false,"excerpt":"Reiner Thale regiert den Kongo! Der Hubertus Sch\u00fctzenverein Salzbergen e. V. feierte vom 10.-12. August sein 54. Sch\u00fctzenfest. Der Samstag stand ganz im Zeichen eines z\u00fcnftigen Musikabends. Erst traf man sich mit Pastor Droste zu einem Wortgottesdienst, danach spielte die Spitzen- Liveband Holy Moly und brachte das Festzelt zum Beben.\u00a0\u2026","rel":"","context":"\u00c4hnlicher Beitrag","block_context":{"text":"\u00c4hnlicher Beitrag","link":""},"img":{"alt_text":"K\u00f6nigspaar Gudrun und Reiner Thale, Foto: Klaus G\u00f6dde","src":"https:\/\/i0.wp.com\/www.hubertus-schuetzenverein.de\/wp-content\/uploads\/2019\/11\/koenigspaar_2019-200x300.jpg?resize=350%2C200","width":350,"height":200},"classes":[]},{"id":3536,"url":"https:\/\/www.hubertus-schuetzenverein.de\/?page_id=3536","url_meta":{"origin":3540,"position":4},"title":"2007","author":"Thorsten","date":"Juni 29, 2017","format":false,"excerpt":"Pressebericht 2007 \u00a0 K\u00f6nig Rolf regiert! Der Hubertus \u2013 Sch\u00fctzenverein Salzbergen e. V. feierte vom 11.-13. August sein 42. Sch\u00fctzenfest. Der Samstag stand ganz im Zeichen der Jugend. Nachmittags beim Kindersch\u00fctzenfest gelang es Hannes Seggering die Kinderk\u00f6nigsw\u00fcrde zu erringen, Svenja Kestering wurde Kinderk\u00f6nigin. Abends traf sich die Jugend beim Tanz\u2026","rel":"","context":"\u00c4hnlicher Beitrag","block_context":{"text":"\u00c4hnlicher Beitrag","link":""},"img":{"alt_text":"v.l. Vorjahres K\u00f6nig Manfred Leschinski und Petra Leschinski + neuer K\u00f6nig Rolf Effner mit seiner Frau Angelika - Klaus G\u00f6dde \u00a9 2007","src":"https:\/\/i0.wp.com\/wordpress.hubertus-schuetzenverein.de\/wp-content\/uploads\/2017\/06\/presse2007-300x200.jpg?resize=350%2C200","width":350,"height":200},"classes":[]},{"id":8688,"url":"https:\/\/www.hubertus-schuetzenverein.de\/?page_id=8688","url_meta":{"origin":3540,"position":5},"title":"2024","author":"Thorsten","date":"August 19, 2024","format":false,"excerpt":"Pascal Elling neuer K\u00f6nig bei den Hubertus Sch\u00fctzen Der Hubertus Sch\u00fctzenverein Salzbergen e. V. feierte vom 10.-12. August sein 59. Sch\u00fctzenfest. Er\u00f6ffnet wurde das Sch\u00fctzenfest am Samstagabend wie \u00fcblich mit einem Wortgottesdienst durch Pastor Droste. Im Anschluss daran fand die gro\u00dfe Zeltparty mit dem DJ-Team \u201eXplosion\u201c statt, welches bis in\u2026","rel":"","context":"\u00c4hnlicher Beitrag","block_context":{"text":"\u00c4hnlicher Beitrag","link":""},"img":{"alt_text":"2024 - Pascal Elling und Helen K\u00fcnnemann","src":"https:\/\/i0.wp.com\/www.hubertus-schuetzenverein.de\/wp-content\/uploads\/2024\/08\/HubertusKoenigspaar_2024-scaled.jpg?resize=350%2C200","width":350,"height":200,"srcset":"https:\/\/i0.wp.com\/www.hubertus-schuetzenverein.de\/wp-content\/uploads\/2024\/08\/HubertusKoenigspaar_2024-scaled.jpg?resize=350%2C200 1x, https:\/\/i0.wp.com\/www.hubertus-schuetzenverein.de\/wp-content\/uploads\/2024\/08\/HubertusKoenigspaar_2024-scaled.jpg?resize=525%2C300 1.5x, https:\/\/i0.wp.com\/www.hubertus-schuetzenverein.de\/wp-content\/uploads\/2024\/08\/HubertusKoenigspaar_2024-scaled.jpg?resize=700%2C400 2x, https:\/\/i0.wp.com\/www.hubertus-schuetzenverein.de\/wp-content\/uploads\/2024\/08\/HubertusKoenigspaar_2024-scaled.jpg?resize=1050%2C600 3x, https:\/\/i0.wp.com\/www.hubertus-schuetzenverein.de\/wp-content\/uploads\/2024\/08\/HubertusKoenigspaar_2024-scaled.jpg?resize=1400%2C800 4x"},"classes":[]}],"_links":{"self":[{"href":"https:\/\/www.hubertus-schuetzenverein.de\/index.php?rest_route=\/wp\/v2\/pages\/3540","targetHints":{"allow":["GET"]}}],"collection":[{"href":"https:\/\/www.hubertus-schuetzenverein.de\/index.php?rest_route=\/wp\/v2\/pages"}],"about":[{"href":"https:\/\/www.hubertus-schuetzenverein.de\/index.php?rest_route=\/wp\/v2\/types\/page"}],"author":[{"embeddable":true,"href":"https:\/\/www.hubertus-schuetzenverein.de\/index.php?rest_route=\/wp\/v2\/users\/1"}],"replies":[{"embeddable":true,"href":"https:\/\/www.hubertus-schuetzenverein.de\/index.php?rest_route=%2Fwp%2Fv2%2Fcomments&post=3540"}],"version-history":[{"count":1,"href":"https:\/\/www.hubertus-schuetzenverein.de\/index.php?rest_route=\/wp\/v2\/pages\/3540\/revisions"}],"predecessor-version":[{"id":3541,"href":"https:\/\/www.hubertus-schuetzenverein.de\/index.php?rest_route=\/wp\/v2\/pages\/3540\/revisions\/3541"}],"up":[{"embeddable":true,"href":"https:\/\/www.hubertus-schuetzenverein.de\/index.php?rest_route=\/wp\/v2\/pages\/2458"}],"wp:attachment":[{"href":"https:\/\/www.hubertus-schuetzenverein.de\/index.php?rest_route=%2Fwp%2Fv2%2Fmedia&parent=3540"}],"curies":[{"name":"wp","href":"https:\/\/api.w.org\/{rel}","templated":true}]}}