{"id":3042,"date":"2017-06-28T08:48:21","date_gmt":"2017-06-28T08:48:21","guid":{"rendered":"http:\/\/wordpress.hubertus-schuetzenverein.de\/?page_id=3042"},"modified":"2023-11-09T08:26:12","modified_gmt":"2023-11-09T08:26:12","slug":"montagabend","status":"publish","type":"page","link":"https:\/\/www.hubertus-schuetzenverein.de\/?page_id=3042","title":{"rendered":"Montagabend"},"content":{"rendered":"<div class=\"swpm-post-not-logged-in-msg\">Sie m\u00fcssen sich anmelden, um diesen Inhalt einsehen zu k\u00f6nnen. Bitte <a class=\"swpm-login-link\" href=\"http:\/\/www.hubertus-schuetzenverein.de\/?page_id=8376\">Anmelden<\/a>. Kein Mitglied? <a href=\"http:\/\/www.hubertus-schuetzenverein.de\/?page_id=8376\">Werden Sie Mitglied bei uns<\/a><\/div>","protected":false},"excerpt":{"rendered":"<p>Sie m\u00fcssen sich anmelden, um diesen Inhalt einsehen zu k\u00f6nnen. Bitte Anmelden. Kein Mitglied? Werden Sie Mitglied bei uns<\/p>\n","protected":false},"author":1,"featured_media":0,"parent":861,"menu_order":0,"comment_status":"closed","ping_status":"closed","template":"","meta":{"jetpack_post_was_ever_published":false,"footnotes":""},"class_list":["post-3042","page","type-page","status-publish","hentry","entry"],"jetpack_sharing_enabled":true,"jetpack_shortlink":"https:\/\/wp.me\/P8RsoT-N4","jetpack-related-posts":[{"id":1113,"url":"https:\/\/www.hubertus-schuetzenverein.de\/?page_id=1113","url_meta":{"origin":3042,"position":0},"title":"Montagabend","author":"Thorsten","date":"Juni 22, 2017","format":false,"excerpt":"Montagabend 2011","rel":"","context":"\u00c4hnlicher Beitrag","block_context":{"text":"\u00c4hnlicher Beitrag","link":""},"img":{"alt_text":"","src":"https:\/\/i0.wp.com\/www.hubertus-schuetzenverein.de\/wp-content\/uploads\/2017\/06\/Sf-Montagabend-11-1.jpg?resize=350%2C200","width":350,"height":200},"classes":[]},{"id":1564,"url":"https:\/\/www.hubertus-schuetzenverein.de\/?page_id=1564","url_meta":{"origin":3042,"position":1},"title":"Montagabend","author":"Thorsten","date":"Juni 22, 2017","format":false,"excerpt":"","rel":"","context":"\u00c4hnlicher Beitrag","block_context":{"text":"\u00c4hnlicher Beitrag","link":""},"img":{"alt_text":"","src":"https:\/\/i0.wp.com\/www.hubertus-schuetzenverein.de\/wp-content\/uploads\/2017\/06\/Sf-Montagabend-12-1.jpg?resize=350%2C200","width":350,"height":200},"classes":[]},{"id":857,"url":"https:\/\/www.hubertus-schuetzenverein.de\/?page_id=857","url_meta":{"origin":3042,"position":2},"title":"Sch\u00fctzenfest 2012","author":"Thorsten","date":"Juni 22, 2017","format":false,"excerpt":"Sonntag Montagmorgen Montagabend","rel":"","context":"\u00c4hnlicher Beitrag","block_context":{"text":"\u00c4hnlicher Beitrag","link":""},"img":{"alt_text":"","src":"https:\/\/i0.wp.com\/www.hubertus-schuetzenverein.de\/wp-content\/uploads\/2017\/06\/Sf-Sonntag-12-1.jpg?resize=350%2C200","width":350,"height":200,"srcset":"https:\/\/i0.wp.com\/www.hubertus-schuetzenverein.de\/wp-content\/uploads\/2017\/06\/Sf-Sonntag-12-1.jpg?resize=350%2C200 1x, https:\/\/i0.wp.com\/www.hubertus-schuetzenverein.de\/wp-content\/uploads\/2017\/06\/Sf-Sonntag-12-1.jpg?resize=525%2C300 1.5x"},"classes":[]},{"id":861,"url":"https:\/\/www.hubertus-schuetzenverein.de\/?page_id=861","url_meta":{"origin":3042,"position":3},"title":"Sch\u00fctzenfest 2015","author":"Thorsten","date":"Juni 22, 2017","format":false,"excerpt":"Freitag Samstag Sonntag Montagmorgen Montagabend","rel":"","context":"\u00c4hnlicher Beitrag","block_context":{"text":"\u00c4hnlicher Beitrag","link":""},"img":{"alt_text":"","src":"https:\/\/i0.wp.com\/www.hubertus-schuetzenverein.de\/wp-content\/uploads\/2017\/06\/Sf-Freitag-15-1.jpg?resize=350%2C200","width":350,"height":200,"srcset":"https:\/\/i0.wp.com\/www.hubertus-schuetzenverein.de\/wp-content\/uploads\/2017\/06\/Sf-Freitag-15-1.jpg?resize=350%2C200 1x, https:\/\/i0.wp.com\/www.hubertus-schuetzenverein.de\/wp-content\/uploads\/2017\/06\/Sf-Freitag-15-1.jpg?resize=525%2C300 1.5x, https:\/\/i0.wp.com\/www.hubertus-schuetzenverein.de\/wp-content\/uploads\/2017\/06\/Sf-Freitag-15-1.jpg?resize=700%2C400 2x, https:\/\/i0.wp.com\/www.hubertus-schuetzenverein.de\/wp-content\/uploads\/2017\/06\/Sf-Freitag-15-1.jpg?resize=1050%2C600 3x"},"classes":[]},{"id":855,"url":"https:\/\/www.hubertus-schuetzenverein.de\/?page_id=855","url_meta":{"origin":3042,"position":4},"title":"Sch\u00fctzenfest 2011","author":"Thorsten","date":"Juni 22, 2017","format":false,"excerpt":"Kindersch\u00fctzenfest 2011 Wachesch\u00fctzenfest 2011 Sonntag 2011 Montagmorgen 2011 Montagabend 2011","rel":"","context":"\u00c4hnlicher Beitrag","block_context":{"text":"\u00c4hnlicher Beitrag","link":""},"img":{"alt_text":"","src":"https:\/\/i0.wp.com\/www.hubertus-schuetzenverein.de\/wp-content\/uploads\/2017\/06\/Kindersf-11-1.jpg?resize=350%2C200","width":350,"height":200,"srcset":"https:\/\/i0.wp.com\/www.hubertus-schuetzenverein.de\/wp-content\/uploads\/2017\/06\/Kindersf-11-1.jpg?resize=350%2C200 1x, https:\/\/i0.wp.com\/www.hubertus-schuetzenverein.de\/wp-content\/uploads\/2017\/06\/Kindersf-11-1.jpg?resize=525%2C300 1.5x"},"classes":[]},{"id":292,"url":"https:\/\/www.hubertus-schuetzenverein.de\/?page_id=292","url_meta":{"origin":3042,"position":5},"title":"2016","author":"Thorsten","date":"Juni 20, 2017","format":false,"excerpt":"Thomas Altevolmer ist der neue K\u00f6nig im Kongo Der Hubertus \u2013 Sch\u00fctzenverein Salzbergen e. V. feierte vom 13.-15. August sein 51. Sch\u00fctzenfest. Der Samstag stand ganz im Zeichen eines Wachejubelfestes. Die Kongo-Wache feierte ihr 25-j\u00e4hriges Bestehen. Hier gelang es Fabian Altevolmer der 3. Jugendsch\u00fctzenk\u00f6nig in Salzbergen zu werden. Am Sonntagnachmittag\u2026","rel":"","context":"\u00c4hnlicher Beitrag","block_context":{"text":"\u00c4hnlicher Beitrag","link":""},"img":{"alt_text":"Saskia Altemeyer und Fabian Altevolmer, Reinhild und Thomas Altevolmer, Helga und Hermann Struffert ","src":"https:\/\/i0.wp.com\/www.hubertus-schuetzenverein.de\/wp-content\/uploads\/2017\/06\/alle_koenige_2016-300x200.jpg?resize=350%2C200","width":350,"height":200},"classes":[]}],"_links":{"self":[{"href":"https:\/\/www.hubertus-schuetzenverein.de\/index.php?rest_route=\/wp\/v2\/pages\/3042","targetHints":{"allow":["GET"]}}],"collection":[{"href":"https:\/\/www.hubertus-schuetzenverein.de\/index.php?rest_route=\/wp\/v2\/pages"}],"about":[{"href":"https:\/\/www.hubertus-schuetzenverein.de\/index.php?rest_route=\/wp\/v2\/types\/page"}],"author":[{"embeddable":true,"href":"https:\/\/www.hubertus-schuetzenverein.de\/index.php?rest_route=\/wp\/v2\/users\/1"}],"replies":[{"embeddable":true,"href":"https:\/\/www.hubertus-schuetzenverein.de\/index.php?rest_route=%2Fwp%2Fv2%2Fcomments&post=3042"}],"version-history":[{"count":2,"href":"https:\/\/www.hubertus-schuetzenverein.de\/index.php?rest_route=\/wp\/v2\/pages\/3042\/revisions"}],"predecessor-version":[{"id":8552,"href":"https:\/\/www.hubertus-schuetzenverein.de\/index.php?rest_route=\/wp\/v2\/pages\/3042\/revisions\/8552"}],"up":[{"embeddable":true,"href":"https:\/\/www.hubertus-schuetzenverein.de\/index.php?rest_route=\/wp\/v2\/pages\/861"}],"wp:attachment":[{"href":"https:\/\/www.hubertus-schuetzenverein.de\/index.php?rest_route=%2Fwp%2Fv2%2Fmedia&parent=3042"}],"curies":[{"name":"wp","href":"https:\/\/api.w.org\/{rel}","templated":true}]}}