{"id":280,"date":"2017-06-20T16:17:28","date_gmt":"2017-06-20T16:17:28","guid":{"rendered":"http:\/\/wordpress.hubertus-schuetzenverein.de\/?page_id=280"},"modified":"2017-06-20T16:17:28","modified_gmt":"2017-06-20T16:17:28","slug":"die-entstehung-des-hubertus-schuetzenvereins","status":"publish","type":"page","link":"https:\/\/www.hubertus-schuetzenverein.de\/?page_id=280","title":{"rendered":"Die Entstehung des Hubertus-Sch\u00fctzenvereins"},"content":{"rendered":"<p>Entstehung 1965<\/p>\n<p>Im Jahre 1950 nahm eine unabwendbare Entwicklung in der Gemeinde Salzbergen ihren Lauf. Immer mehr M\u00e4nner von Salzbergen wollten sich nicht l\u00e4nger dem Zepter eines einzigen, uneingeschr\u00e4nkten Monarchen beugen, sie wollten ihren eigenen Regenten, f\u00fcr jeden Ortsteil einen. Es begann mit der Trennung der Hummeldorfer Sch\u00fctzen vom Sch\u00fctzenbund Steide \u2013 Hummeldorf 1950.<br \/>\nIm Jahre 1958 trennten sich der Ortsteil \u201eJammer\u201c und Neumehringen\u201c von den B\u00fcrgersch\u00fctzen ab und erkoren sich ihren eigenen Herrscher. Dann, im Jahre 1965 setzten sich die eigentlichen Gr\u00fcnder des Hubertus &#8211; Sch\u00fctzenverein Salzbergen Hermann M\u00f6ller, Ewald Schulte, Bernhard Kestering, Walter Willemsen und Bernhard Heufes in der Gastst\u00e4tte Willemsen zusammen, um den Grundstein f\u00fcr einen eigenen Sch\u00fctzenverein, f\u00fcr die Ortsteile Langenberg, Birkendorf, \u00d6chtel und Bruch zu legen.<br \/>\nZu Beginn des Jahres 1965 hatten sie mittels Postwurfsendungen, durch Plakate an Anschlags\u00e4ulen und Strommasten und im Besonderen durch Mund zu Mund Propaganda, f\u00fcr ihre Idee, einen Sch\u00fctzenverein zu gr\u00fcnden, geworben.Als die Initiatoren der Meinung waren, die zuk\u00fcnftige Beteiligung an einen neuen Sch\u00fctzenverein sei gro\u00df genug, eine Gr\u00fcndungsversammlung einzuberufen, setzten sie den Termin hierf\u00fcr fest.<br \/>\nAm 14. M\u00e4rz 1965 erschienen im Saal Willemsen ca. 120 M\u00e4nner, um an der Gr\u00fcndungsversammlung teilzunehmen und sich an Ort und Stelle f\u00fcr eine Mitgliedschaft zu entscheiden und die Beitrittserkl\u00e4rung zu unterzeichnen.<\/p>\n","protected":false},"excerpt":{"rendered":"<p>Entstehung 1965 Im Jahre 1950 nahm eine unabwendbare Entwicklung in der Gemeinde Salzbergen ihren Lauf. Immer mehr M\u00e4nner von Salzbergen wollten sich nicht l\u00e4nger dem Zepter eines einzigen, uneingeschr\u00e4nkten Monarchen beugen, sie wollten ihren eigenen Regenten, f\u00fcr jeden Ortsteil einen. Es begann mit der Trennung der Hummeldorfer Sch\u00fctzen vom Sch\u00fctzenbund Steide \u2013 Hummeldorf 1950. Im [&hellip;]<\/p>\n","protected":false},"author":1,"featured_media":0,"parent":258,"menu_order":8,"comment_status":"closed","ping_status":"closed","template":"","meta":{"jetpack_post_was_ever_published":false,"footnotes":""},"class_list":["post-280","page","type-page","status-publish","hentry","entry"],"jetpack_sharing_enabled":true,"jetpack_shortlink":"https:\/\/wp.me\/P8RsoT-4w","jetpack-related-posts":[{"id":282,"url":"https:\/\/www.hubertus-schuetzenverein.de\/?page_id=282","url_meta":{"origin":280,"position":0},"title":"Geschichtlicher \u00dcberblick \u00fcber den Ortsteil Langenberg","author":"Thorsten","date":"Juni 20, 2017","format":false,"excerpt":"Ein geschichtlicher \u00dcberblick \u00fcber den Ortsteil Bruch, Langenberg und die Bauernfamilie Buschan der D\u00fcnnstra\u00dfe von 1731 bis heute Obwohl Salzbergen bereits anno 1172 erstmals geschichtlich erw\u00e4hnt wird, ist \u00fcber den heutigen Ortsteil Langenberg nur wenig bekannt. Wir wissen lediglich, dass sich der Markengrund der Gemeinde wie folgt gliederte. Das etwas\u2026","rel":"","context":"\u00c4hnlicher Beitrag","block_context":{"text":"\u00c4hnlicher Beitrag","link":""},"img":{"alt_text":"","src":"","width":0,"height":0},"classes":[]},{"id":3565,"url":"https:\/\/www.hubertus-schuetzenverein.de\/?page_id=3565","url_meta":{"origin":280,"position":1},"title":"2015","author":"Thorsten","date":"Juni 30, 2017","format":false,"excerpt":"Am zweiten Wochenende im August konnte\u00a0der Hubertus-Sch\u00fctzenverein Salzbergen e.V. sein 50-j\u00e4hriges\u00a0Jubil\u00e4um mit einem gro\u00dfen Jubelfest begehen. Unter dem Motto \u201eJubeln im KONGO\u201c begann das Fest am Freitagabend mit einem Langenberger Abend im Festzelt. Zu Beginn wurde ein Wortgottesdienst mit Pastor Droste gefeiert. Dann begann das erste Kaiserschiessen des Vereins. Hier\u2026","rel":"","context":"\u00c4hnlicher Beitrag","block_context":{"text":"\u00c4hnlicher Beitrag","link":""},"img":{"alt_text":"K\u00f6nig Hermann mit seiner K\u00f6nigin Helga Struffert - \u00a9 Klaus G\u00f6dde 2015","src":"https:\/\/i0.wp.com\/wordpress.hubertus-schuetzenverein.de\/wp-content\/uploads\/2017\/06\/koenig_2015-177x300.jpg?resize=350%2C200","width":350,"height":200},"classes":[]},{"id":217,"url":"https:\/\/www.hubertus-schuetzenverein.de\/?page_id=217","url_meta":{"origin":280,"position":2},"title":"Datenschutz","author":"Thorsten","date":"Juni 18, 2017","format":false,"excerpt":"Datenschutzerkl\u00e4rung Wir freuen uns sehr \u00fcber Ihr Interesse an unserem Unternehmen. Datenschutz hat einen besonders hohen Stellenwert f\u00fcr die Gesch\u00e4ftsleitung der Hubertus-Sch\u00fctzenverein Salzbergen e.V.. Eine Nutzung der Internetseiten der Hubertus-Sch\u00fctzenverein Salzbergen e.V. ist grunds\u00e4tzlich ohne jede Angabe personenbezogener Daten m\u00f6glich. Sofern eine betroffene Person besondere Services unseres Unternehmens \u00fcber unsere\u2026","rel":"","context":"\u00c4hnlicher Beitrag","block_context":{"text":"\u00c4hnlicher Beitrag","link":""},"img":{"alt_text":"","src":"","width":0,"height":0},"classes":[]},{"id":3550,"url":"https:\/\/www.hubertus-schuetzenverein.de\/?page_id=3550","url_meta":{"origin":280,"position":3},"title":"2012","author":"Thorsten","date":"Juni 29, 2017","format":false,"excerpt":"Pressebericht 2012 Cichon ist neuer K\u00f6nig in Salzbergen Der Hubertus \u2013 Sch\u00fctzenverein Salzbergen e. V. feierte vom 11. \u2013 13. August sein 47. Sch\u00fctzenfest. Der Samstag stand ganz im Zeichen eines z\u00fcnftigen Musikabends. Man traf sich bei z\u00fcnftiger Blasmusik mit den Vechtetalmusikanten und weiter sp\u00e4ter mit \u201eFeeling\u201c zum ab rocken.\u2026","rel":"","context":"\u00c4hnlicher Beitrag","block_context":{"text":"\u00c4hnlicher Beitrag","link":""},"img":{"alt_text":"v. l. K\u00f6nig Bj\u00f6rn Cichon mit Conny Mahl und den Vorjahresk\u00f6nig Christoph Thiel mit K\u00f6nigin Sandra Sterzik - Klaus G\u00f6dde\u00a0\u00a9 2012","src":"https:\/\/i0.wp.com\/wordpress.hubertus-schuetzenverein.de\/wp-content\/uploads\/2017\/06\/presse2012-294x300.jpg?resize=350%2C200","width":350,"height":200},"classes":[]},{"id":2475,"url":"https:\/\/www.hubertus-schuetzenverein.de\/?page_id=2475","url_meta":{"origin":280,"position":4},"title":"2004","author":"Thorsten","date":"Juni 27, 2017","format":false,"excerpt":"Pressebericht 2004 Thomas Finzel Sch\u00fctzenk\u00f6nig in Salzbergen Der Hubertus-Sch\u00fctzenverein Salzbergen feierte vergangenes Wochenende sein Sch\u00fctzenfest. Samstagnachmittag beim Kindersch\u00fctzenfest gelang es Markus Dieckm\u00e4nnken als Nachfolger von Yannik Faller die Kinderk\u00f6nigsw\u00fcrde zu erringen, Tabea Sch\u00fcring wurde Kinderk\u00f6nigin. Am Sonntag pr\u00e4gte ein gro\u00dfer Festumzug das Geschehen. Neun Sch\u00fctzenbr\u00fcder erhielten eine Anstecknadel f\u00fcr 25\u2026","rel":"","context":"\u00c4hnlicher Beitrag","block_context":{"text":"\u00c4hnlicher Beitrag","link":""},"img":{"alt_text":"Kristina Menke und Thomas Finzel, + K\u00f6nigspaar 2003 Franz Kestering und Erna Schilling - Klaus G\u00f6dde \u00a9 2016","src":"https:\/\/i0.wp.com\/wordpress.hubertus-schuetzenverein.de\/wp-content\/uploads\/2017\/06\/presse2004-300x200.jpg?resize=350%2C200","width":350,"height":200},"classes":[]},{"id":9124,"url":"https:\/\/www.hubertus-schuetzenverein.de\/?page_id=9124","url_meta":{"origin":280,"position":5},"title":"Pressebericht Sch\u00fctzenfest 2025","author":"Thorsten","date":"August 14, 2025","format":false,"excerpt":"Niels Finke neuer K\u00f6nig des Hubertus Sch\u00fctzenvereins Der Hubertus Sch\u00fctzenverein Salzbergen e. V. feierte vom 09.-11. August sein 60. Sch\u00fctzenfest. Er\u00f6ffnet wurde das Sch\u00fctzenfest am Samstagabend wie \u00fcblich mit einem Wortgottesdienst durch Pastor Droste. Im Anschluss daran fand die gro\u00dfe Zeltparty mit dem DJ-Team \u201eXplosion\u201c statt, welches bis in die\u2026","rel":"","context":"\u00c4hnlicher Beitrag","block_context":{"text":"\u00c4hnlicher Beitrag","link":""},"img":{"alt_text":"2025 - Niels und Melanie Finke","src":"https:\/\/i0.wp.com\/www.hubertus-schuetzenverein.de\/wp-content\/uploads\/2025\/08\/HubertusKoenigspaar_2025-scaled.jpg?resize=350%2C200","width":350,"height":200,"srcset":"https:\/\/i0.wp.com\/www.hubertus-schuetzenverein.de\/wp-content\/uploads\/2025\/08\/HubertusKoenigspaar_2025-scaled.jpg?resize=350%2C200 1x, https:\/\/i0.wp.com\/www.hubertus-schuetzenverein.de\/wp-content\/uploads\/2025\/08\/HubertusKoenigspaar_2025-scaled.jpg?resize=525%2C300 1.5x, https:\/\/i0.wp.com\/www.hubertus-schuetzenverein.de\/wp-content\/uploads\/2025\/08\/HubertusKoenigspaar_2025-scaled.jpg?resize=700%2C400 2x, https:\/\/i0.wp.com\/www.hubertus-schuetzenverein.de\/wp-content\/uploads\/2025\/08\/HubertusKoenigspaar_2025-scaled.jpg?resize=1050%2C600 3x, https:\/\/i0.wp.com\/www.hubertus-schuetzenverein.de\/wp-content\/uploads\/2025\/08\/HubertusKoenigspaar_2025-scaled.jpg?resize=1400%2C800 4x"},"classes":[]}],"_links":{"self":[{"href":"https:\/\/www.hubertus-schuetzenverein.de\/index.php?rest_route=\/wp\/v2\/pages\/280","targetHints":{"allow":["GET"]}}],"collection":[{"href":"https:\/\/www.hubertus-schuetzenverein.de\/index.php?rest_route=\/wp\/v2\/pages"}],"about":[{"href":"https:\/\/www.hubertus-schuetzenverein.de\/index.php?rest_route=\/wp\/v2\/types\/page"}],"author":[{"embeddable":true,"href":"https:\/\/www.hubertus-schuetzenverein.de\/index.php?rest_route=\/wp\/v2\/users\/1"}],"replies":[{"embeddable":true,"href":"https:\/\/www.hubertus-schuetzenverein.de\/index.php?rest_route=%2Fwp%2Fv2%2Fcomments&post=280"}],"version-history":[{"count":1,"href":"https:\/\/www.hubertus-schuetzenverein.de\/index.php?rest_route=\/wp\/v2\/pages\/280\/revisions"}],"predecessor-version":[{"id":281,"href":"https:\/\/www.hubertus-schuetzenverein.de\/index.php?rest_route=\/wp\/v2\/pages\/280\/revisions\/281"}],"up":[{"embeddable":true,"href":"https:\/\/www.hubertus-schuetzenverein.de\/index.php?rest_route=\/wp\/v2\/pages\/258"}],"wp:attachment":[{"href":"https:\/\/www.hubertus-schuetzenverein.de\/index.php?rest_route=%2Fwp%2Fv2%2Fmedia&parent=280"}],"curies":[{"name":"wp","href":"https:\/\/api.w.org\/{rel}","templated":true}]}}