{"id":278,"date":"2017-06-20T16:16:28","date_gmt":"2017-06-20T16:16:28","guid":{"rendered":"http:\/\/wordpress.hubertus-schuetzenverein.de\/?page_id=278"},"modified":"2017-06-20T16:16:28","modified_gmt":"2017-06-20T16:16:28","slug":"gruenderversammlung","status":"publish","type":"page","link":"https:\/\/www.hubertus-schuetzenverein.de\/?page_id=278","title":{"rendered":"Gr\u00fcnderversammlung"},"content":{"rendered":"<p>Gr\u00fcnderversammlung am 14.03.1965<\/p>\n<p>Die Gr\u00fcndungsversammlung wurde durch Herrn Willemsen er\u00f6ffnet.<br \/>\nNach der Begr\u00fc\u00dfungsansprache ging die Versammlung zu Punkt 1 der Tagesordnung \u00fcber.<\/p>\n<p>Wahl des Vorstandes<br \/>\nW\u00e4hrend der Gr\u00fcndungsversammlung wurde unter dem Beifall von ca. 120 M\u00e4nnern und Jungm\u00e4nnern aus den Ortsteilen Langenberg, Birkendorf und Bruch und mittels gro\u00dfz\u00fcgiger Starthilfe, in Form etlicher Liter Freibier, seitens des zu\u00adk\u00fcnftigen Vereinswirtes, mit der einstimmigen Wahl von Hermann M\u00f6ller zum Vorsitzenden, der Sch\u00fctzenverein, noch ohne Namen, aus der Taufe gehoben.<br \/>\nNun schritt man unter der Regie des frischgebackenen 1. Vorsitzenden zun\u00e4chst zur Wahl der weiteren Vorstandsmitglieder.<\/p>\n<p>Stellv. Vorsitzender Willi Sch\u00fcring sen.<\/p>\n<p>Hauptkassierer Otto Mantel<\/p>\n<p>1. Schriftf\u00fchrer Bernhard F\u00fchner<\/p>\n<p>2. Schriftf\u00fchrer Alois Sch\u00fctte-Bruns<\/p>\n<p>2. Kassierer Ewald Schulte<\/p>\n<p>Beisitzer Bernhard Kestering<\/p>\n<p>Beisitzer Theodor Kunk<\/p>\n<p>Unterkassierer Hubert Egbers<\/p>\n<p>Unterkassierer Heinz Kopel<\/p>\n<p>Unterkassierer Aloys Horstkamp<\/p>\n<p>Unterkassierer Willi Lammers<\/p>\n<p>In seiner Er\u00f6ffnungsrede teilte Hermann M\u00f6ller mit, dass noch in diesem Jahr das Gr\u00fcndungssch\u00fctzenfest mit Fahnenweihe stattfinden solle.<\/p>\n<p>Das notwendige Gr\u00fcndungskapital<br \/>\nVorgesehen war eine Vereinsfahne, deren Seiten einerseits das recht bekannte Hubertuszeichen (Hirschgeweih mit Kreuz), andererseits das Wappen der Gemeinde zieren solle. Der Vorschlag, die 2. Seite der Vereinsfahne mit dem Wappen der Gemeinde zu versehen, wurde sp\u00e4ter verworfen und stattdessen, neben der Sch\u00fctzenscheitae, als Symbol der Wahlspruch der Sch\u00fctzen &#8222;Glaube &#8211; Sitte &#8211; Heimat&#8220; auf der 2. Fahnenseite festgehalten. Weiterhin sollten sieben H\u00fcte, sieben Koppel, drei S\u00e4bel, eine Kokarde, ein Diadem, eine Sch\u00e4rpe und diverse Schulterst\u00fccke beschafft werden.<\/p>\n<p>Die unternehmungslustigen Sch\u00fctzen hofften, dass die Vereinsfahne und die zus\u00e4tzlich zu beschaffenden Utensilien bis zu dem noch nicht festgelegten Termin des ersten Sch\u00fctzenfestes zur Verf\u00fcgung st\u00fcnden.<\/p>\n<p>Wahl des Offizierskorps<br \/>\nEin gro\u00dfes Lob den Uniformierten, Oberst Fritz Kleppe, Feldwebel Franz Diekm\u00e4nnken, Adjutant Heinz Piepel, Adjutant Heinz Walke,Fahnentr\u00e4ger Heinrich Temmen, Fahnentr\u00e4ger Hans Hormann, Fahnentr\u00e4ger Willi Siepker die sich ihre Uniformen, wei\u00dfe Hose mit Jackett privat ohne gro\u00dfen Kostenaufwand selbst zurechtschneidern wollten.<\/p>\n","protected":false},"excerpt":{"rendered":"<p>Gr\u00fcnderversammlung am 14.03.1965 Die Gr\u00fcndungsversammlung wurde durch Herrn Willemsen er\u00f6ffnet. Nach der Begr\u00fc\u00dfungsansprache ging die Versammlung zu Punkt 1 der Tagesordnung \u00fcber. Wahl des Vorstandes W\u00e4hrend der Gr\u00fcndungsversammlung wurde unter dem Beifall von ca. 120 M\u00e4nnern und Jungm\u00e4nnern aus den Ortsteilen Langenberg, Birkendorf und Bruch und mittels gro\u00dfz\u00fcgiger Starthilfe, in Form etlicher Liter Freibier, seitens [&hellip;]<\/p>\n","protected":false},"author":1,"featured_media":0,"parent":258,"menu_order":7,"comment_status":"closed","ping_status":"closed","template":"","meta":{"jetpack_post_was_ever_published":false,"footnotes":""},"class_list":["post-278","page","type-page","status-publish","hentry","entry"],"jetpack_sharing_enabled":true,"jetpack_shortlink":"https:\/\/wp.me\/P8RsoT-4u","jetpack-related-posts":[{"id":282,"url":"https:\/\/www.hubertus-schuetzenverein.de\/?page_id=282","url_meta":{"origin":278,"position":0},"title":"Geschichtlicher \u00dcberblick \u00fcber den Ortsteil Langenberg","author":"Thorsten","date":"Juni 20, 2017","format":false,"excerpt":"Ein geschichtlicher \u00dcberblick \u00fcber den Ortsteil Bruch, Langenberg und die Bauernfamilie Buschan der D\u00fcnnstra\u00dfe von 1731 bis heute Obwohl Salzbergen bereits anno 1172 erstmals geschichtlich erw\u00e4hnt wird, ist \u00fcber den heutigen Ortsteil Langenberg nur wenig bekannt. Wir wissen lediglich, dass sich der Markengrund der Gemeinde wie folgt gliederte. Das etwas\u2026","rel":"","context":"\u00c4hnlicher Beitrag","block_context":{"text":"\u00c4hnlicher Beitrag","link":""},"img":{"alt_text":"","src":"","width":0,"height":0},"classes":[]},{"id":276,"url":"https:\/\/www.hubertus-schuetzenverein.de\/?page_id=276","url_meta":{"origin":278,"position":1},"title":"Gr\u00fcndungssch\u00fctzenfest","author":"Thorsten","date":"Juni 20, 2017","format":false,"excerpt":"Gr\u00fcndungssch\u00fctzenfest vom 14. bis 16.08.1965 mit Fahnenweihe Chronologischer Verlauf Nach anstrengender und schwerer Arbeit, bedingt durch den Aufbau des Festzeltes, so wie herrichten des Festplatzes, wurden unsere Festtage am Abend des 4.08.65 um 20.00 Uhr durch einen \u00f6ffentlichen Ball eingeleitet. Am 15.08.65 fand dann unter der Schirmherrschaft von Landrat K\u00f6lscher\u2026","rel":"","context":"\u00c4hnlicher Beitrag","block_context":{"text":"\u00c4hnlicher Beitrag","link":""},"img":{"alt_text":"","src":"","width":0,"height":0},"classes":[]},{"id":3565,"url":"https:\/\/www.hubertus-schuetzenverein.de\/?page_id=3565","url_meta":{"origin":278,"position":2},"title":"2015","author":"Thorsten","date":"Juni 30, 2017","format":false,"excerpt":"Am zweiten Wochenende im August konnte\u00a0der Hubertus-Sch\u00fctzenverein Salzbergen e.V. sein 50-j\u00e4hriges\u00a0Jubil\u00e4um mit einem gro\u00dfen Jubelfest begehen. Unter dem Motto \u201eJubeln im KONGO\u201c begann das Fest am Freitagabend mit einem Langenberger Abend im Festzelt. Zu Beginn wurde ein Wortgottesdienst mit Pastor Droste gefeiert. Dann begann das erste Kaiserschiessen des Vereins. Hier\u2026","rel":"","context":"\u00c4hnlicher Beitrag","block_context":{"text":"\u00c4hnlicher Beitrag","link":""},"img":{"alt_text":"K\u00f6nig Hermann mit seiner K\u00f6nigin Helga Struffert - \u00a9 Klaus G\u00f6dde 2015","src":"https:\/\/i0.wp.com\/wordpress.hubertus-schuetzenverein.de\/wp-content\/uploads\/2017\/06\/koenig_2015-177x300.jpg?resize=350%2C200","width":350,"height":200},"classes":[]},{"id":274,"url":"https:\/\/www.hubertus-schuetzenverein.de\/?page_id=274","url_meta":{"origin":278,"position":3},"title":"Erinnerung an unser Gr\u00fcndungsmitglied","author":"Thorsten","date":"Juni 20, 2017","format":false,"excerpt":"Schon lange bevor der Hubertus-Sch\u00fctzenverein Salzbergen aus der Taufe gehoben wurde, hielt unser Gr\u00fcndungsmitglied Hermann M\u00f6ller an dem Gedanken fest, einen neuen Sch\u00fctzenverein zu gr\u00fcnden. Am 14.03.1965 war es dann soweit. Auf der Gr\u00fcndungsversammlung wurde Hermann M\u00f6ller einstimmig zum 1. Vorsitzenden gew\u00e4hlt. Dieses Amt hielt er bis zum Jahre 1975\u2026","rel":"","context":"\u00c4hnlicher Beitrag","block_context":{"text":"\u00c4hnlicher Beitrag","link":""},"img":{"alt_text":"","src":"","width":0,"height":0},"classes":[]},{"id":2481,"url":"https:\/\/www.hubertus-schuetzenverein.de\/?page_id=2481","url_meta":{"origin":278,"position":4},"title":"2005","author":"Thorsten","date":"Juni 27, 2017","format":false,"excerpt":"Pressebericht 2005 Thomas M\u00fclder: K\u00f6nig vom Langenberg Beim Kindersch\u00fctzenfest wurde Marco Thale Kindersch\u00fctzenk\u00f6nig, er w\u00e4hlte Sarah Altevolmer zur K\u00f6nigin. Sonntagnachmittag wurden f\u00fcnf Sch\u00fctzenbr\u00fcder f\u00fcr 25 Jahre Mitgliedschaft vom Vorsitzenden Manfred Leschinski geehrt. Nach dem Festumzug fand ein Plakettenschie\u00dfen statt, wobei in der Altersgruppe bis 35 Michael Busch Gold, Stefan Busch\u2026","rel":"","context":"\u00c4hnlicher Beitrag","block_context":{"text":"\u00c4hnlicher Beitrag","link":""},"img":{"alt_text":"Thomas und Barbara M\u00fclder + Vorjahresk\u00f6nigspaar Thomas Finzel und Kristina Menke im Vordergrund die Kinder des K\u00f6nigspaares - Klaus G\u00f6dde \u00a9 2016","src":"https:\/\/i0.wp.com\/wordpress.hubertus-schuetzenverein.de\/wp-content\/uploads\/2017\/06\/presse2005-300x200.jpg?resize=350%2C200","width":350,"height":200},"classes":[]},{"id":2471,"url":"https:\/\/www.hubertus-schuetzenverein.de\/?page_id=2471","url_meta":{"origin":278,"position":5},"title":"2003","author":"Thorsten","date":"Juni 26, 2017","format":false,"excerpt":"Pressebericht 2003 Franz Kestering wurde Sch\u00fctzenk\u00f6nig in Salzbergen Der Hubertus-Sch\u00fctzenverein Salzbergen rundete mit seinem Sch\u00fctzenfest wie in den letzten Jahren die zahlreichen Sch\u00fctzenfeste der Salzbergener Vereine in diesem Jahr ab. Sch\u00fctzenk\u00f6nig wurde Franz Kestering, Erna Schilling w\u00e4hlte er zur K\u00f6nigin. Sie \u00fcbernehmen die Regentschaft vom amtierenden K\u00f6nigspaar Thomas und Heike\u2026","rel":"","context":"\u00c4hnlicher Beitrag","block_context":{"text":"\u00c4hnlicher Beitrag","link":""},"img":{"alt_text":"","src":"https:\/\/i0.wp.com\/wordpress.hubertus-schuetzenverein.de\/wp-content\/uploads\/2017\/06\/presse2003-300x225.jpg?resize=350%2C200","width":350,"height":200},"classes":[]}],"_links":{"self":[{"href":"https:\/\/www.hubertus-schuetzenverein.de\/index.php?rest_route=\/wp\/v2\/pages\/278","targetHints":{"allow":["GET"]}}],"collection":[{"href":"https:\/\/www.hubertus-schuetzenverein.de\/index.php?rest_route=\/wp\/v2\/pages"}],"about":[{"href":"https:\/\/www.hubertus-schuetzenverein.de\/index.php?rest_route=\/wp\/v2\/types\/page"}],"author":[{"embeddable":true,"href":"https:\/\/www.hubertus-schuetzenverein.de\/index.php?rest_route=\/wp\/v2\/users\/1"}],"replies":[{"embeddable":true,"href":"https:\/\/www.hubertus-schuetzenverein.de\/index.php?rest_route=%2Fwp%2Fv2%2Fcomments&post=278"}],"version-history":[{"count":1,"href":"https:\/\/www.hubertus-schuetzenverein.de\/index.php?rest_route=\/wp\/v2\/pages\/278\/revisions"}],"predecessor-version":[{"id":279,"href":"https:\/\/www.hubertus-schuetzenverein.de\/index.php?rest_route=\/wp\/v2\/pages\/278\/revisions\/279"}],"up":[{"embeddable":true,"href":"https:\/\/www.hubertus-schuetzenverein.de\/index.php?rest_route=\/wp\/v2\/pages\/258"}],"wp:attachment":[{"href":"https:\/\/www.hubertus-schuetzenverein.de\/index.php?rest_route=%2Fwp%2Fv2%2Fmedia&parent=278"}],"curies":[{"name":"wp","href":"https:\/\/api.w.org\/{rel}","templated":true}]}}