{"id":274,"date":"2017-06-20T16:12:33","date_gmt":"2017-06-20T16:12:33","guid":{"rendered":"http:\/\/wordpress.hubertus-schuetzenverein.de\/?page_id=274"},"modified":"2017-06-20T16:12:33","modified_gmt":"2017-06-20T16:12:33","slug":"erinnerung-an-unser-gruendungsmitglied","status":"publish","type":"page","link":"https:\/\/www.hubertus-schuetzenverein.de\/?page_id=274","title":{"rendered":"Erinnerung an unser Gr\u00fcndungsmitglied"},"content":{"rendered":"<p>Schon lange bevor der Hubertus-Sch\u00fctzenverein Salzbergen aus der Taufe gehoben wurde, hielt unser Gr\u00fcndungsmitglied<br \/>\nHermann M\u00f6ller an dem Gedanken fest, einen neuen Sch\u00fctzenverein zu gr\u00fcnden. Am 14.03.1965 war es dann soweit. Auf der Gr\u00fcndungsversammlung wurde Hermann M\u00f6ller einstimmig zum 1. Vorsitzenden gew\u00e4hlt. Dieses Amt hielt er bis zum Jahre 1975 inne, um dann, an den bis dahin 2. Vorsitzenden Franz Reker, sein Amt, dass er 10 Jahre zum Wohle unseres Vereins, mit sehr gro\u00dfem pers\u00f6nlichen Einsatz ausgef\u00fcllt hatte, zu \u00fcbergeben.<br \/>\nNachdem er sein Amt niedergelegt hatte, wurde Hermann M\u00f6ller w\u00e4hrend der Generalversammlung zum Ehrenvorsitzenden des Hubertus-Sch\u00fctzenverein Salzbergen mit einstimmiger Mehrheit gew\u00e4hlt. Zum 80. Geburtstag, am 27.05.1982 wurde er dann auf eine besondere Art durch den amtierenden Vorstand geehrt. Der Vorstand und das Offizier-Korps suchten ihn zu Hause auf um ihm ein St\u00e4ndchen zu bringen und ihm einen Zinnteller mit Widmung f\u00fcr seine langj\u00e4hrige Vorstandsarbeit als Erinnerung zu \u00fcberreichen.<br \/>\nHermann M\u00f6ller bedankte sich mit einem z\u00fcnftigen Umtrunk. Am 14.08.1982 verstarb Hermann M\u00f6ller, wir werden ihm ein ehrendes Andenken bewahren.<\/p>\n","protected":false},"excerpt":{"rendered":"<p>Schon lange bevor der Hubertus-Sch\u00fctzenverein Salzbergen aus der Taufe gehoben wurde, hielt unser Gr\u00fcndungsmitglied Hermann M\u00f6ller an dem Gedanken fest, einen neuen Sch\u00fctzenverein zu gr\u00fcnden. Am 14.03.1965 war es dann soweit. Auf der Gr\u00fcndungsversammlung wurde Hermann M\u00f6ller einstimmig zum 1. Vorsitzenden gew\u00e4hlt. Dieses Amt hielt er bis zum Jahre 1975 inne, um dann, an den [&hellip;]<\/p>\n","protected":false},"author":1,"featured_media":0,"parent":258,"menu_order":5,"comment_status":"closed","ping_status":"closed","template":"","meta":{"jetpack_post_was_ever_published":false,"footnotes":""},"class_list":["post-274","page","type-page","status-publish","hentry","entry"],"jetpack_sharing_enabled":true,"jetpack_shortlink":"https:\/\/wp.me\/P8RsoT-4q","jetpack-related-posts":[{"id":3565,"url":"https:\/\/www.hubertus-schuetzenverein.de\/?page_id=3565","url_meta":{"origin":274,"position":0},"title":"2015","author":"Thorsten","date":"Juni 30, 2017","format":false,"excerpt":"Am zweiten Wochenende im August konnte\u00a0der Hubertus-Sch\u00fctzenverein Salzbergen e.V. sein 50-j\u00e4hriges\u00a0Jubil\u00e4um mit einem gro\u00dfen Jubelfest begehen. Unter dem Motto \u201eJubeln im KONGO\u201c begann das Fest am Freitagabend mit einem Langenberger Abend im Festzelt. Zu Beginn wurde ein Wortgottesdienst mit Pastor Droste gefeiert. Dann begann das erste Kaiserschiessen des Vereins. Hier\u2026","rel":"","context":"\u00c4hnlicher Beitrag","block_context":{"text":"\u00c4hnlicher Beitrag","link":""},"img":{"alt_text":"K\u00f6nig Hermann mit seiner K\u00f6nigin Helga Struffert - \u00a9 Klaus G\u00f6dde 2015","src":"https:\/\/i0.wp.com\/wordpress.hubertus-schuetzenverein.de\/wp-content\/uploads\/2017\/06\/koenig_2015-177x300.jpg?resize=350%2C200","width":350,"height":200},"classes":[]},{"id":272,"url":"https:\/\/www.hubertus-schuetzenverein.de\/?page_id=272","url_meta":{"origin":274,"position":1},"title":"Eine kostspielige Wette","author":"Thorsten","date":"Juni 20, 2017","format":false,"excerpt":"Am 10.08.1987 trug sich w\u00e4hrend des K\u00f6nigsschie\u00dfens auf dem Festplatz an der D\u00fcnnstra\u00dfe folgendes zu. Einige Jungsch\u00fctzen, man sprach von f\u00fcnf Kum\u00adpels, die gemeinsam durch Dick und D\u00fcnn gehen, hatten sich in den Kopf gesetzt, unbedingt den diesj\u00e4hrigen Sch\u00fctzenk\u00f6nig aus ihrer Clique zu stellen. So traf es dann zu, dass\u2026","rel":"","context":"\u00c4hnlicher Beitrag","block_context":{"text":"\u00c4hnlicher Beitrag","link":""},"img":{"alt_text":"","src":"","width":0,"height":0},"classes":[]},{"id":292,"url":"https:\/\/www.hubertus-schuetzenverein.de\/?page_id=292","url_meta":{"origin":274,"position":2},"title":"2016","author":"Thorsten","date":"Juni 20, 2017","format":false,"excerpt":"Thomas Altevolmer ist der neue K\u00f6nig im Kongo Der Hubertus \u2013 Sch\u00fctzenverein Salzbergen e. V. feierte vom 13.-15. August sein 51. Sch\u00fctzenfest. Der Samstag stand ganz im Zeichen eines Wachejubelfestes. Die Kongo-Wache feierte ihr 25-j\u00e4hriges Bestehen. Hier gelang es Fabian Altevolmer der 3. Jugendsch\u00fctzenk\u00f6nig in Salzbergen zu werden. Am Sonntagnachmittag\u2026","rel":"","context":"\u00c4hnlicher Beitrag","block_context":{"text":"\u00c4hnlicher Beitrag","link":""},"img":{"alt_text":"Saskia Altemeyer und Fabian Altevolmer, Reinhild und Thomas Altevolmer, Helga und Hermann Struffert ","src":"https:\/\/i0.wp.com\/www.hubertus-schuetzenverein.de\/wp-content\/uploads\/2017\/06\/alle_koenige_2016-300x200.jpg?resize=350%2C200","width":350,"height":200},"classes":[]},{"id":3553,"url":"https:\/\/www.hubertus-schuetzenverein.de\/?page_id=3553","url_meta":{"origin":274,"position":3},"title":"2013","author":"Thorsten","date":"Juni 29, 2017","format":false,"excerpt":"Pressbericht 2013 Der Hubertus \u2013 Sch\u00fctzenverein Salzbergen e. V. feierte vom 10. \u2013 12. August sein 48.Sch\u00fctzenfest. Der Samstag stand ganz im Zeichen eines z\u00fcnftigen Musikabends. Erst traf man sich mit Pastor Droste zu einem Wortgottesdienst danach spielte DJ SKYLINEMUSIC Hits vom Plattenteller und weiter sp\u00e4ter wurde abgerockt mit der\u2026","rel":"","context":"\u00c4hnlicher Beitrag","block_context":{"text":"\u00c4hnlicher Beitrag","link":""},"img":{"alt_text":"","src":"https:\/\/i0.wp.com\/wordpress.hubertus-schuetzenverein.de\/wp-content\/uploads\/2017\/06\/presse-2013-300x200.jpg?resize=350%2C200","width":350,"height":200},"classes":[]},{"id":3550,"url":"https:\/\/www.hubertus-schuetzenverein.de\/?page_id=3550","url_meta":{"origin":274,"position":4},"title":"2012","author":"Thorsten","date":"Juni 29, 2017","format":false,"excerpt":"Pressebericht 2012 Cichon ist neuer K\u00f6nig in Salzbergen Der Hubertus \u2013 Sch\u00fctzenverein Salzbergen e. V. feierte vom 11. \u2013 13. August sein 47. Sch\u00fctzenfest. Der Samstag stand ganz im Zeichen eines z\u00fcnftigen Musikabends. Man traf sich bei z\u00fcnftiger Blasmusik mit den Vechtetalmusikanten und weiter sp\u00e4ter mit \u201eFeeling\u201c zum ab rocken.\u2026","rel":"","context":"\u00c4hnlicher Beitrag","block_context":{"text":"\u00c4hnlicher Beitrag","link":""},"img":{"alt_text":"v. l. K\u00f6nig Bj\u00f6rn Cichon mit Conny Mahl und den Vorjahresk\u00f6nig Christoph Thiel mit K\u00f6nigin Sandra Sterzik - Klaus G\u00f6dde\u00a0\u00a9 2012","src":"https:\/\/i0.wp.com\/wordpress.hubertus-schuetzenverein.de\/wp-content\/uploads\/2017\/06\/presse2012-294x300.jpg?resize=350%2C200","width":350,"height":200},"classes":[]},{"id":2475,"url":"https:\/\/www.hubertus-schuetzenverein.de\/?page_id=2475","url_meta":{"origin":274,"position":5},"title":"2004","author":"Thorsten","date":"Juni 27, 2017","format":false,"excerpt":"Pressebericht 2004 Thomas Finzel Sch\u00fctzenk\u00f6nig in Salzbergen Der Hubertus-Sch\u00fctzenverein Salzbergen feierte vergangenes Wochenende sein Sch\u00fctzenfest. Samstagnachmittag beim Kindersch\u00fctzenfest gelang es Markus Dieckm\u00e4nnken als Nachfolger von Yannik Faller die Kinderk\u00f6nigsw\u00fcrde zu erringen, Tabea Sch\u00fcring wurde Kinderk\u00f6nigin. Am Sonntag pr\u00e4gte ein gro\u00dfer Festumzug das Geschehen. Neun Sch\u00fctzenbr\u00fcder erhielten eine Anstecknadel f\u00fcr 25\u2026","rel":"","context":"\u00c4hnlicher Beitrag","block_context":{"text":"\u00c4hnlicher Beitrag","link":""},"img":{"alt_text":"Kristina Menke und Thomas Finzel, + K\u00f6nigspaar 2003 Franz Kestering und Erna Schilling - Klaus G\u00f6dde \u00a9 2016","src":"https:\/\/i0.wp.com\/wordpress.hubertus-schuetzenverein.de\/wp-content\/uploads\/2017\/06\/presse2004-300x200.jpg?resize=350%2C200","width":350,"height":200},"classes":[]}],"_links":{"self":[{"href":"https:\/\/www.hubertus-schuetzenverein.de\/index.php?rest_route=\/wp\/v2\/pages\/274","targetHints":{"allow":["GET"]}}],"collection":[{"href":"https:\/\/www.hubertus-schuetzenverein.de\/index.php?rest_route=\/wp\/v2\/pages"}],"about":[{"href":"https:\/\/www.hubertus-schuetzenverein.de\/index.php?rest_route=\/wp\/v2\/types\/page"}],"author":[{"embeddable":true,"href":"https:\/\/www.hubertus-schuetzenverein.de\/index.php?rest_route=\/wp\/v2\/users\/1"}],"replies":[{"embeddable":true,"href":"https:\/\/www.hubertus-schuetzenverein.de\/index.php?rest_route=%2Fwp%2Fv2%2Fcomments&post=274"}],"version-history":[{"count":1,"href":"https:\/\/www.hubertus-schuetzenverein.de\/index.php?rest_route=\/wp\/v2\/pages\/274\/revisions"}],"predecessor-version":[{"id":275,"href":"https:\/\/www.hubertus-schuetzenverein.de\/index.php?rest_route=\/wp\/v2\/pages\/274\/revisions\/275"}],"up":[{"embeddable":true,"href":"https:\/\/www.hubertus-schuetzenverein.de\/index.php?rest_route=\/wp\/v2\/pages\/258"}],"wp:attachment":[{"href":"https:\/\/www.hubertus-schuetzenverein.de\/index.php?rest_route=%2Fwp%2Fv2%2Fmedia&parent=274"}],"curies":[{"name":"wp","href":"https:\/\/api.w.org\/{rel}","templated":true}]}}