{"id":272,"date":"2017-06-20T16:11:11","date_gmt":"2017-06-20T16:11:11","guid":{"rendered":"http:\/\/wordpress.hubertus-schuetzenverein.de\/?page_id=272"},"modified":"2017-06-20T16:11:23","modified_gmt":"2017-06-20T16:11:23","slug":"eine-kostspielige-wette","status":"publish","type":"page","link":"https:\/\/www.hubertus-schuetzenverein.de\/?page_id=272","title":{"rendered":"Eine kostspielige Wette"},"content":{"rendered":"<p>Am 10.08.1987 trug sich w\u00e4hrend des K\u00f6nigsschie\u00dfens auf dem Festplatz an der D\u00fcnnstra\u00dfe folgendes zu.<br \/>\nEinige Jungsch\u00fctzen, man sprach von f\u00fcnf Kum\u00adpels, die gemeinsam durch Dick und D\u00fcnn gehen, hatten sich in den Kopf gesetzt, unbedingt den diesj\u00e4hrigen Sch\u00fctzenk\u00f6nig aus ihrer Clique zu stellen. So traf es dann zu, dass unsere Jungsch\u00fctzen-Clique, als der Vogel auf seinem windigen Platz auf der Vogelstange bereits heftig zu schwanken begann, zum Rennen auf den K\u00f6nigstrohn ansetzten.<br \/>\nAu\u00dfer ihnen war noch August Ross in den Kampf um die K\u00f6nigsw\u00fcrde angetreten. Schuss f\u00fcr Schuss brachte den bereits stark de\u00adformierten und immer mehr schwankenden Vogel, auf seiner Vogelstange, dem Ziel des K\u00f6nigsschusses n\u00e4her. Es geschah dann um 12.50 Uhr MEZ, dass der Vogel mit seinen Fl\u00fcgeln wild um sich schlagend und dadurch ein starkes Rauschen erzeugend, von der Stange fiel und unser &#8222;M\u00f6chtegern-K\u00f6nig&#8220; f\u00fcr wenige Augenblicke die K\u00f6nigsw\u00fcrde auf sich vereinigen konnte. Dann jedoch schritt der Vorstand ein und sprach ein Machtwort. Herbert L\u00f6lver, gl\u00fccklich \u00fcber seinen K\u00f6nigsschuss, musste vom Vorstand vernehmen, dass er noch keine 3 Jahre Vereinsmitglied sei und ihm aus diesem Grunde die K\u00f6nigsw\u00fcrde aberkannt und er zur Zahlung von 50 Liter Bier verdonnert worden sei.<br \/>\nDie Clique brach in j\u00f6lendes Gel\u00e4chter aus, Herbert L\u00f6lver f\u00fcgte sich in sein Schicksal und seine Kumpels z\u00fcckten ihre Geldb\u00f6rsen und entrichteten den Obolus f\u00fcr das Fass Bier. Der Vogel wurde wieder aufgesetzt und wartete erneut, vom Wind zerzaust, in luftiger H\u00f6he auf den erl\u00f6senden K\u00f6nigsschuss. Um 13.05 Uhr MEZ st\u00fcrzte er dann abermals und erleichtert von seiner Vogelstange und offerierte dem Hubertus-Sch\u00fctzenverein Salzbergen einen w\u00fcrdigen K\u00f6nig. Ohne Einw\u00e4nde wurde der 23. K\u00f6nig des noch jungen Sch\u00fctzenvereins, Sch\u00fctzenbruder August Ross, zum K\u00f6nig proklamiert, der sogleich seine Ehefrau zur K\u00f6nigin erw\u00e4hlte und w\u00fcrdig bis zum n\u00e4chsten K\u00f6nigsschuss sein Amt wahrnahm.<\/p>\n","protected":false},"excerpt":{"rendered":"<p>Am 10.08.1987 trug sich w\u00e4hrend des K\u00f6nigsschie\u00dfens auf dem Festplatz an der D\u00fcnnstra\u00dfe folgendes zu. Einige Jungsch\u00fctzen, man sprach von f\u00fcnf Kum\u00adpels, die gemeinsam durch Dick und D\u00fcnn gehen, hatten sich in den Kopf gesetzt, unbedingt den diesj\u00e4hrigen Sch\u00fctzenk\u00f6nig aus ihrer Clique zu stellen. So traf es dann zu, dass unsere Jungsch\u00fctzen-Clique, als der Vogel [&hellip;]<\/p>\n","protected":false},"author":1,"featured_media":0,"parent":258,"menu_order":4,"comment_status":"closed","ping_status":"closed","template":"","meta":{"jetpack_post_was_ever_published":false,"footnotes":""},"class_list":["post-272","page","type-page","status-publish","hentry","entry"],"jetpack_sharing_enabled":true,"jetpack_shortlink":"https:\/\/wp.me\/P8RsoT-4o","jetpack-related-posts":[{"id":276,"url":"https:\/\/www.hubertus-schuetzenverein.de\/?page_id=276","url_meta":{"origin":272,"position":0},"title":"Gr\u00fcndungssch\u00fctzenfest","author":"Thorsten","date":"Juni 20, 2017","format":false,"excerpt":"Gr\u00fcndungssch\u00fctzenfest vom 14. bis 16.08.1965 mit Fahnenweihe Chronologischer Verlauf Nach anstrengender und schwerer Arbeit, bedingt durch den Aufbau des Festzeltes, so wie herrichten des Festplatzes, wurden unsere Festtage am Abend des 4.08.65 um 20.00 Uhr durch einen \u00f6ffentlichen Ball eingeleitet. Am 15.08.65 fand dann unter der Schirmherrschaft von Landrat K\u00f6lscher\u2026","rel":"","context":"\u00c4hnlicher Beitrag","block_context":{"text":"\u00c4hnlicher Beitrag","link":""},"img":{"alt_text":"","src":"","width":0,"height":0},"classes":[]},{"id":3536,"url":"https:\/\/www.hubertus-schuetzenverein.de\/?page_id=3536","url_meta":{"origin":272,"position":1},"title":"2007","author":"Thorsten","date":"Juni 29, 2017","format":false,"excerpt":"Pressebericht 2007 \u00a0 K\u00f6nig Rolf regiert! Der Hubertus \u2013 Sch\u00fctzenverein Salzbergen e. V. feierte vom 11.-13. August sein 42. Sch\u00fctzenfest. Der Samstag stand ganz im Zeichen der Jugend. Nachmittags beim Kindersch\u00fctzenfest gelang es Hannes Seggering die Kinderk\u00f6nigsw\u00fcrde zu erringen, Svenja Kestering wurde Kinderk\u00f6nigin. Abends traf sich die Jugend beim Tanz\u2026","rel":"","context":"\u00c4hnlicher Beitrag","block_context":{"text":"\u00c4hnlicher Beitrag","link":""},"img":{"alt_text":"v.l. Vorjahres K\u00f6nig Manfred Leschinski und Petra Leschinski + neuer K\u00f6nig Rolf Effner mit seiner Frau Angelika - Klaus G\u00f6dde \u00a9 2007","src":"https:\/\/i0.wp.com\/wordpress.hubertus-schuetzenverein.de\/wp-content\/uploads\/2017\/06\/presse2007-300x200.jpg?resize=350%2C200","width":350,"height":200},"classes":[]},{"id":2486,"url":"https:\/\/www.hubertus-schuetzenverein.de\/?page_id=2486","url_meta":{"origin":272,"position":2},"title":"2006","author":"Thorsten","date":"Juni 27, 2017","format":false,"excerpt":"Pressebericht 2006 K\u00f6nig Manfred regiert Der Hubertus-Sch\u00fctzenverein Salzbergen rundet mit seinem Sch\u00fctzenfest die zahlreichen Feste in diesem Jahr ab. Sch\u00fctzenk\u00f6nig wurde ManfredLeschinski, der seine Frau Petra zur K\u00f6nigin erkor. Kindersch\u00fctzenk\u00f6nig wurde Hendrik Schmackers, der Louisa Roters zur K\u00f6nigin erkor. Neben drei Ehrungen f\u00fcr 25-j\u00e4hrige Mitgliedschaft erhielt Manfred Wilde einen Orden\u2026","rel":"","context":"\u00c4hnlicher Beitrag","block_context":{"text":"\u00c4hnlicher Beitrag","link":""},"img":{"alt_text":"","src":"https:\/\/i0.wp.com\/wordpress.hubertus-schuetzenverein.de\/wp-content\/uploads\/2017\/06\/presse2006-225x300.jpg?resize=350%2C200","width":350,"height":200},"classes":[]},{"id":282,"url":"https:\/\/www.hubertus-schuetzenverein.de\/?page_id=282","url_meta":{"origin":272,"position":3},"title":"Geschichtlicher \u00dcberblick \u00fcber den Ortsteil Langenberg","author":"Thorsten","date":"Juni 20, 2017","format":false,"excerpt":"Ein geschichtlicher \u00dcberblick \u00fcber den Ortsteil Bruch, Langenberg und die Bauernfamilie Buschan der D\u00fcnnstra\u00dfe von 1731 bis heute Obwohl Salzbergen bereits anno 1172 erstmals geschichtlich erw\u00e4hnt wird, ist \u00fcber den heutigen Ortsteil Langenberg nur wenig bekannt. Wir wissen lediglich, dass sich der Markengrund der Gemeinde wie folgt gliederte. Das etwas\u2026","rel":"","context":"\u00c4hnlicher Beitrag","block_context":{"text":"\u00c4hnlicher Beitrag","link":""},"img":{"alt_text":"","src":"","width":0,"height":0},"classes":[]},{"id":3540,"url":"https:\/\/www.hubertus-schuetzenverein.de\/?page_id=3540","url_meta":{"origin":272,"position":4},"title":"2008","author":"Thorsten","date":"Juni 29, 2017","format":false,"excerpt":"Pressebericht 2008 Matthias B\u00fcnker neuer Sch\u00fctzenk\u00f6nig Der Hubertus-Sch\u00fctzenverein Salzbergen feierte vom 09. \u2013 11.08.2008 sein Sch\u00fctzenfest. Feldwebel Matthias B\u00fcnker konnte sich erfolgreich gegen die Mitbewerber durchsetzen und \u00fcbernahm die Regentschaft von Rolf Effner. Zur K\u00f6nigin erkor er seine Freundin Heike Th\u00fcnemann. Malte Kunk gelang es, die Kinderk\u00f6nigsw\u00fcrde zu erringen, Kinderk\u00f6nigin\u2026","rel":"","context":"\u00c4hnlicher Beitrag","block_context":{"text":"\u00c4hnlicher Beitrag","link":""},"img":{"alt_text":"","src":"https:\/\/i0.wp.com\/wordpress.hubertus-schuetzenverein.de\/wp-content\/uploads\/2017\/06\/presse2008-300x200.jpg?resize=350%2C200","width":350,"height":200},"classes":[]},{"id":3553,"url":"https:\/\/www.hubertus-schuetzenverein.de\/?page_id=3553","url_meta":{"origin":272,"position":5},"title":"2013","author":"Thorsten","date":"Juni 29, 2017","format":false,"excerpt":"Pressbericht 2013 Der Hubertus \u2013 Sch\u00fctzenverein Salzbergen e. V. feierte vom 10. \u2013 12. August sein 48.Sch\u00fctzenfest. Der Samstag stand ganz im Zeichen eines z\u00fcnftigen Musikabends. Erst traf man sich mit Pastor Droste zu einem Wortgottesdienst danach spielte DJ SKYLINEMUSIC Hits vom Plattenteller und weiter sp\u00e4ter wurde abgerockt mit der\u2026","rel":"","context":"\u00c4hnlicher Beitrag","block_context":{"text":"\u00c4hnlicher Beitrag","link":""},"img":{"alt_text":"","src":"https:\/\/i0.wp.com\/wordpress.hubertus-schuetzenverein.de\/wp-content\/uploads\/2017\/06\/presse-2013-300x200.jpg?resize=350%2C200","width":350,"height":200},"classes":[]}],"_links":{"self":[{"href":"https:\/\/www.hubertus-schuetzenverein.de\/index.php?rest_route=\/wp\/v2\/pages\/272","targetHints":{"allow":["GET"]}}],"collection":[{"href":"https:\/\/www.hubertus-schuetzenverein.de\/index.php?rest_route=\/wp\/v2\/pages"}],"about":[{"href":"https:\/\/www.hubertus-schuetzenverein.de\/index.php?rest_route=\/wp\/v2\/types\/page"}],"author":[{"embeddable":true,"href":"https:\/\/www.hubertus-schuetzenverein.de\/index.php?rest_route=\/wp\/v2\/users\/1"}],"replies":[{"embeddable":true,"href":"https:\/\/www.hubertus-schuetzenverein.de\/index.php?rest_route=%2Fwp%2Fv2%2Fcomments&post=272"}],"version-history":[{"count":1,"href":"https:\/\/www.hubertus-schuetzenverein.de\/index.php?rest_route=\/wp\/v2\/pages\/272\/revisions"}],"predecessor-version":[{"id":273,"href":"https:\/\/www.hubertus-schuetzenverein.de\/index.php?rest_route=\/wp\/v2\/pages\/272\/revisions\/273"}],"up":[{"embeddable":true,"href":"https:\/\/www.hubertus-schuetzenverein.de\/index.php?rest_route=\/wp\/v2\/pages\/258"}],"wp:attachment":[{"href":"https:\/\/www.hubertus-schuetzenverein.de\/index.php?rest_route=%2Fwp%2Fv2%2Fmedia&parent=272"}],"curies":[{"name":"wp","href":"https:\/\/api.w.org\/{rel}","templated":true}]}}