{"id":269,"date":"2017-06-20T16:09:27","date_gmt":"2017-06-20T16:09:27","guid":{"rendered":"http:\/\/wordpress.hubertus-schuetzenverein.de\/?page_id=269"},"modified":"2017-06-20T16:09:47","modified_gmt":"2017-06-20T16:09:47","slug":"gedenken","status":"publish","type":"page","link":"https:\/\/www.hubertus-schuetzenverein.de\/?page_id=269","title":{"rendered":"Gedenken"},"content":{"rendered":"<p><a href=\"https:\/\/i0.wp.com\/wordpress.hubertus-schuetzenverein.de\/wp-content\/uploads\/2017\/06\/volkstrauertag.jpg\"><img data-recalc-dims=\"1\" loading=\"lazy\" decoding=\"async\" class=\"alignleft size-medium wp-image-176\" src=\"https:\/\/i0.wp.com\/wordpress.hubertus-schuetzenverein.de\/wp-content\/uploads\/2017\/06\/volkstrauertag-300x200.jpg?resize=300%2C200\" alt=\"\" width=\"300\" height=\"200\" srcset=\"https:\/\/i0.wp.com\/www.hubertus-schuetzenverein.de\/wp-content\/uploads\/2017\/06\/volkstrauertag.jpg?resize=300%2C200&amp;ssl=1 300w, https:\/\/i0.wp.com\/www.hubertus-schuetzenverein.de\/wp-content\/uploads\/2017\/06\/volkstrauertag.jpg?w=600&amp;ssl=1 600w\" sizes=\"auto, (max-width: 300px) 100vw, 300px\" \/><\/a>Wir gedenken<br \/>\naller\u00a0verstorbenen\u00a0Sch\u00fctzenbr\u00fcder des<br \/>\nHubertus-Sch\u00fctzenverein Salzbergen e.V.<\/p>\n<p><strong>M\u00f6gen Sie in Frieden ruhen.<\/strong><\/p>\n","protected":false},"excerpt":{"rendered":"<p>Wir gedenken aller\u00a0verstorbenen\u00a0Sch\u00fctzenbr\u00fcder des Hubertus-Sch\u00fctzenverein Salzbergen e.V. M\u00f6gen Sie in Frieden ruhen.<\/p>\n","protected":false},"author":1,"featured_media":0,"parent":258,"menu_order":3,"comment_status":"closed","ping_status":"closed","template":"","meta":{"jetpack_post_was_ever_published":false,"footnotes":""},"class_list":["post-269","page","type-page","status-publish","hentry","entry"],"jetpack_sharing_enabled":true,"jetpack_shortlink":"https:\/\/wp.me\/P8RsoT-4l","jetpack-related-posts":[{"id":217,"url":"https:\/\/www.hubertus-schuetzenverein.de\/?page_id=217","url_meta":{"origin":269,"position":0},"title":"Datenschutz","author":"Thorsten","date":"Juni 18, 2017","format":false,"excerpt":"Datenschutzerkl\u00e4rung Wir freuen uns sehr \u00fcber Ihr Interesse an unserem Unternehmen. Datenschutz hat einen besonders hohen Stellenwert f\u00fcr die Gesch\u00e4ftsleitung der Hubertus-Sch\u00fctzenverein Salzbergen e.V.. Eine Nutzung der Internetseiten der Hubertus-Sch\u00fctzenverein Salzbergen e.V. ist grunds\u00e4tzlich ohne jede Angabe personenbezogener Daten m\u00f6glich. Sofern eine betroffene Person besondere Services unseres Unternehmens \u00fcber unsere\u2026","rel":"","context":"\u00c4hnlicher Beitrag","block_context":{"text":"\u00c4hnlicher Beitrag","link":""},"img":{"alt_text":"","src":"","width":0,"height":0},"classes":[]},{"id":4362,"url":"https:\/\/www.hubertus-schuetzenverein.de\/?page_id=4362","url_meta":{"origin":269,"position":1},"title":"Impressum","author":"Thorsten","date":"Mai 24, 2018","format":false,"excerpt":"Verantwortlich ist der Hubertus-Sch\u00fctzenverein Salzbergen e.V. Schnepfenweg 10 48499 Salzbergen Deutschland Tel.: +49 5976 940730 E-Mail: info@hubertus-schuetzenverein.de Website: www.hubertus-schuetzenverein.de Die Seiten werden gepflegt von Thorsten Veerkamp: webmaster (at) hubertus-schuetzenverein.de Unsere Datenschutzerkl\u00e4rung finden Sie\u00a0hier.","rel":"","context":"\u00c4hnlicher Beitrag","block_context":{"text":"\u00c4hnlicher Beitrag","link":""},"img":{"alt_text":"","src":"","width":0,"height":0},"classes":[]},{"id":280,"url":"https:\/\/www.hubertus-schuetzenverein.de\/?page_id=280","url_meta":{"origin":269,"position":2},"title":"Die Entstehung des Hubertus-Sch\u00fctzenvereins","author":"Thorsten","date":"Juni 20, 2017","format":false,"excerpt":"Entstehung 1965 Im Jahre 1950 nahm eine unabwendbare Entwicklung in der Gemeinde Salzbergen ihren Lauf. Immer mehr M\u00e4nner von Salzbergen wollten sich nicht l\u00e4nger dem Zepter eines einzigen, uneingeschr\u00e4nkten Monarchen beugen, sie wollten ihren eigenen Regenten, f\u00fcr jeden Ortsteil einen. Es begann mit der Trennung der Hummeldorfer Sch\u00fctzen vom Sch\u00fctzenbund\u2026","rel":"","context":"\u00c4hnlicher Beitrag","block_context":{"text":"\u00c4hnlicher Beitrag","link":""},"img":{"alt_text":"","src":"","width":0,"height":0},"classes":[]},{"id":276,"url":"https:\/\/www.hubertus-schuetzenverein.de\/?page_id=276","url_meta":{"origin":269,"position":3},"title":"Gr\u00fcndungssch\u00fctzenfest","author":"Thorsten","date":"Juni 20, 2017","format":false,"excerpt":"Gr\u00fcndungssch\u00fctzenfest vom 14. bis 16.08.1965 mit Fahnenweihe Chronologischer Verlauf Nach anstrengender und schwerer Arbeit, bedingt durch den Aufbau des Festzeltes, so wie herrichten des Festplatzes, wurden unsere Festtage am Abend des 4.08.65 um 20.00 Uhr durch einen \u00f6ffentlichen Ball eingeleitet. Am 15.08.65 fand dann unter der Schirmherrschaft von Landrat K\u00f6lscher\u2026","rel":"","context":"\u00c4hnlicher Beitrag","block_context":{"text":"\u00c4hnlicher Beitrag","link":""},"img":{"alt_text":"","src":"","width":0,"height":0},"classes":[]},{"id":274,"url":"https:\/\/www.hubertus-schuetzenverein.de\/?page_id=274","url_meta":{"origin":269,"position":4},"title":"Erinnerung an unser Gr\u00fcndungsmitglied","author":"Thorsten","date":"Juni 20, 2017","format":false,"excerpt":"Schon lange bevor der Hubertus-Sch\u00fctzenverein Salzbergen aus der Taufe gehoben wurde, hielt unser Gr\u00fcndungsmitglied Hermann M\u00f6ller an dem Gedanken fest, einen neuen Sch\u00fctzenverein zu gr\u00fcnden. Am 14.03.1965 war es dann soweit. Auf der Gr\u00fcndungsversammlung wurde Hermann M\u00f6ller einstimmig zum 1. Vorsitzenden gew\u00e4hlt. Dieses Amt hielt er bis zum Jahre 1975\u2026","rel":"","context":"\u00c4hnlicher Beitrag","block_context":{"text":"\u00c4hnlicher Beitrag","link":""},"img":{"alt_text":"","src":"","width":0,"height":0},"classes":[]},{"id":2475,"url":"https:\/\/www.hubertus-schuetzenverein.de\/?page_id=2475","url_meta":{"origin":269,"position":5},"title":"2004","author":"Thorsten","date":"Juni 27, 2017","format":false,"excerpt":"Pressebericht 2004 Thomas Finzel Sch\u00fctzenk\u00f6nig in Salzbergen Der Hubertus-Sch\u00fctzenverein Salzbergen feierte vergangenes Wochenende sein Sch\u00fctzenfest. Samstagnachmittag beim Kindersch\u00fctzenfest gelang es Markus Dieckm\u00e4nnken als Nachfolger von Yannik Faller die Kinderk\u00f6nigsw\u00fcrde zu erringen, Tabea Sch\u00fcring wurde Kinderk\u00f6nigin. Am Sonntag pr\u00e4gte ein gro\u00dfer Festumzug das Geschehen. Neun Sch\u00fctzenbr\u00fcder erhielten eine Anstecknadel f\u00fcr 25\u2026","rel":"","context":"\u00c4hnlicher Beitrag","block_context":{"text":"\u00c4hnlicher Beitrag","link":""},"img":{"alt_text":"Kristina Menke und Thomas Finzel, + K\u00f6nigspaar 2003 Franz Kestering und Erna Schilling - Klaus G\u00f6dde \u00a9 2016","src":"https:\/\/i0.wp.com\/wordpress.hubertus-schuetzenverein.de\/wp-content\/uploads\/2017\/06\/presse2004-300x200.jpg?resize=350%2C200","width":350,"height":200},"classes":[]}],"_links":{"self":[{"href":"https:\/\/www.hubertus-schuetzenverein.de\/index.php?rest_route=\/wp\/v2\/pages\/269","targetHints":{"allow":["GET"]}}],"collection":[{"href":"https:\/\/www.hubertus-schuetzenverein.de\/index.php?rest_route=\/wp\/v2\/pages"}],"about":[{"href":"https:\/\/www.hubertus-schuetzenverein.de\/index.php?rest_route=\/wp\/v2\/types\/page"}],"author":[{"embeddable":true,"href":"https:\/\/www.hubertus-schuetzenverein.de\/index.php?rest_route=\/wp\/v2\/users\/1"}],"replies":[{"embeddable":true,"href":"https:\/\/www.hubertus-schuetzenverein.de\/index.php?rest_route=%2Fwp%2Fv2%2Fcomments&post=269"}],"version-history":[{"count":2,"href":"https:\/\/www.hubertus-schuetzenverein.de\/index.php?rest_route=\/wp\/v2\/pages\/269\/revisions"}],"predecessor-version":[{"id":271,"href":"https:\/\/www.hubertus-schuetzenverein.de\/index.php?rest_route=\/wp\/v2\/pages\/269\/revisions\/271"}],"up":[{"embeddable":true,"href":"https:\/\/www.hubertus-schuetzenverein.de\/index.php?rest_route=\/wp\/v2\/pages\/258"}],"wp:attachment":[{"href":"https:\/\/www.hubertus-schuetzenverein.de\/index.php?rest_route=%2Fwp%2Fv2%2Fmedia&parent=269"}],"curies":[{"name":"wp","href":"https:\/\/api.w.org\/{rel}","templated":true}]}}