{"id":258,"date":"2017-06-20T16:00:59","date_gmt":"2017-06-20T16:00:59","guid":{"rendered":"http:\/\/wordpress.hubertus-schuetzenverein.de\/?page_id=258"},"modified":"2017-06-20T16:02:29","modified_gmt":"2017-06-20T16:02:29","slug":"verein","status":"publish","type":"page","link":"https:\/\/www.hubertus-schuetzenverein.de\/?page_id=258","title":{"rendered":"Verein"},"content":{"rendered":"","protected":false},"excerpt":{"rendered":"","protected":false},"author":1,"featured_media":0,"parent":0,"menu_order":3,"comment_status":"closed","ping_status":"closed","template":"","meta":{"jetpack_post_was_ever_published":false,"footnotes":""},"class_list":["post-258","page","type-page","status-publish","hentry","entry"],"jetpack_sharing_enabled":true,"jetpack_shortlink":"https:\/\/wp.me\/P8RsoT-4a","jetpack-related-posts":[{"id":260,"url":"https:\/\/www.hubertus-schuetzenverein.de\/?page_id=260","url_meta":{"origin":258,"position":0},"title":"Beitrittserkl\u00e4rung","author":"Thorsten","date":"Juni 20, 2017","format":false,"excerpt":"Bitte die Beitrittserkl\u00e4rung\u00a0ausdrucken und ausgef\u00fcllt bei Thomas M\u00fclder oder Daniel Thien abgeben.","rel":"","context":"\u00c4hnlicher Beitrag","block_context":{"text":"\u00c4hnlicher Beitrag","link":""},"img":{"alt_text":"","src":"https:\/\/i0.wp.com\/wordpress.hubertus-schuetzenverein.de\/wp-content\/uploads\/2017\/06\/download-button-large-300x108.png?resize=350%2C200","width":350,"height":200},"classes":[]},{"id":269,"url":"https:\/\/www.hubertus-schuetzenverein.de\/?page_id=269","url_meta":{"origin":258,"position":1},"title":"Gedenken","author":"Thorsten","date":"Juni 20, 2017","format":false,"excerpt":"Wir gedenken aller\u00a0verstorbenen\u00a0Sch\u00fctzenbr\u00fcder des Hubertus-Sch\u00fctzenverein Salzbergen e.V. M\u00f6gen Sie in Frieden ruhen.","rel":"","context":"\u00c4hnlicher Beitrag","block_context":{"text":"\u00c4hnlicher Beitrag","link":""},"img":{"alt_text":"","src":"https:\/\/i0.wp.com\/wordpress.hubertus-schuetzenverein.de\/wp-content\/uploads\/2017\/06\/volkstrauertag-300x200.jpg?resize=350%2C200","width":350,"height":200},"classes":[]},{"id":267,"url":"https:\/\/www.hubertus-schuetzenverein.de\/?page_id=267","url_meta":{"origin":258,"position":2},"title":"Kontakt","author":"Thorsten","date":"Juni 20, 2017","format":false,"excerpt":"Thomas M\u00fclder Schnepfenweg 10 48499 Salzbergen Tel.: +49 (05976) 940730 Mail: thomas.muelder@hubertus-schuetzenverein.de Matthias R\u00f6ttering Bextener Str. 12 48499 Salzbergen Tel.: +49 176 23905490 Mail: matthias.roettering@hubertus-schuetzenverein.de","rel":"","context":"\u00c4hnlicher Beitrag","block_context":{"text":"\u00c4hnlicher Beitrag","link":""},"img":{"alt_text":"","src":"","width":0,"height":0},"classes":[]},{"id":262,"url":"https:\/\/www.hubertus-schuetzenverein.de\/?page_id=262","url_meta":{"origin":258,"position":3},"title":"Was kann ich Wo erledigen!","author":"Thorsten","date":"Juni 20, 2017","format":false,"excerpt":"BeitrittThomas M\u00fclder \/ Daniel ThienKinder anmeldenThorsten VeerkampHut, Krawatte, FederDaniel ThienBankverbindung \u00e4ndernDaniel ThienAdresse \u00e4ndernDaniel ThienF\u00e4hnchen zum Strasse schm\u00fcckenMatthias R\u00f6tteringLaufzettel bestellenThorsten VeerkampAllgemeine Info und TermineWebseite im Bereich Infos","rel":"","context":"\u00c4hnlicher Beitrag","block_context":{"text":"\u00c4hnlicher Beitrag","link":""},"img":{"alt_text":"","src":"","width":0,"height":0},"classes":[]},{"id":274,"url":"https:\/\/www.hubertus-schuetzenverein.de\/?page_id=274","url_meta":{"origin":258,"position":4},"title":"Erinnerung an unser Gr\u00fcndungsmitglied","author":"Thorsten","date":"Juni 20, 2017","format":false,"excerpt":"Schon lange bevor der Hubertus-Sch\u00fctzenverein Salzbergen aus der Taufe gehoben wurde, hielt unser Gr\u00fcndungsmitglied Hermann M\u00f6ller an dem Gedanken fest, einen neuen Sch\u00fctzenverein zu gr\u00fcnden. Am 14.03.1965 war es dann soweit. Auf der Gr\u00fcndungsversammlung wurde Hermann M\u00f6ller einstimmig zum 1. Vorsitzenden gew\u00e4hlt. Dieses Amt hielt er bis zum Jahre 1975\u2026","rel":"","context":"\u00c4hnlicher Beitrag","block_context":{"text":"\u00c4hnlicher Beitrag","link":""},"img":{"alt_text":"","src":"","width":0,"height":0},"classes":[]},{"id":280,"url":"https:\/\/www.hubertus-schuetzenverein.de\/?page_id=280","url_meta":{"origin":258,"position":5},"title":"Die Entstehung des Hubertus-Sch\u00fctzenvereins","author":"Thorsten","date":"Juni 20, 2017","format":false,"excerpt":"Entstehung 1965 Im Jahre 1950 nahm eine unabwendbare Entwicklung in der Gemeinde Salzbergen ihren Lauf. Immer mehr M\u00e4nner von Salzbergen wollten sich nicht l\u00e4nger dem Zepter eines einzigen, uneingeschr\u00e4nkten Monarchen beugen, sie wollten ihren eigenen Regenten, f\u00fcr jeden Ortsteil einen. Es begann mit der Trennung der Hummeldorfer Sch\u00fctzen vom Sch\u00fctzenbund\u2026","rel":"","context":"\u00c4hnlicher Beitrag","block_context":{"text":"\u00c4hnlicher Beitrag","link":""},"img":{"alt_text":"","src":"","width":0,"height":0},"classes":[]}],"_links":{"self":[{"href":"https:\/\/www.hubertus-schuetzenverein.de\/index.php?rest_route=\/wp\/v2\/pages\/258","targetHints":{"allow":["GET"]}}],"collection":[{"href":"https:\/\/www.hubertus-schuetzenverein.de\/index.php?rest_route=\/wp\/v2\/pages"}],"about":[{"href":"https:\/\/www.hubertus-schuetzenverein.de\/index.php?rest_route=\/wp\/v2\/types\/page"}],"author":[{"embeddable":true,"href":"https:\/\/www.hubertus-schuetzenverein.de\/index.php?rest_route=\/wp\/v2\/users\/1"}],"replies":[{"embeddable":true,"href":"https:\/\/www.hubertus-schuetzenverein.de\/index.php?rest_route=%2Fwp%2Fv2%2Fcomments&post=258"}],"version-history":[{"count":1,"href":"https:\/\/www.hubertus-schuetzenverein.de\/index.php?rest_route=\/wp\/v2\/pages\/258\/revisions"}],"predecessor-version":[{"id":259,"href":"https:\/\/www.hubertus-schuetzenverein.de\/index.php?rest_route=\/wp\/v2\/pages\/258\/revisions\/259"}],"wp:attachment":[{"href":"https:\/\/www.hubertus-schuetzenverein.de\/index.php?rest_route=%2Fwp%2Fv2%2Fmedia&parent=258"}],"curies":[{"name":"wp","href":"https:\/\/api.w.org\/{rel}","templated":true}]}}