{"id":2486,"date":"2017-06-27T12:05:09","date_gmt":"2017-06-27T12:05:09","guid":{"rendered":"http:\/\/wordpress.hubertus-schuetzenverein.de\/?page_id=2486"},"modified":"2017-06-29T05:19:53","modified_gmt":"2017-06-29T05:19:53","slug":"2006-2","status":"publish","type":"page","link":"https:\/\/www.hubertus-schuetzenverein.de\/?page_id=2486","title":{"rendered":"2006"},"content":{"rendered":"<h2>Pressebericht 2006<\/h2>\n<figure id=\"attachment_164\" aria-describedby=\"caption-attachment-164\" style=\"width: 225px\" class=\"wp-caption alignright\"><a href=\"https:\/\/i0.wp.com\/wordpress.hubertus-schuetzenverein.de\/wp-content\/uploads\/2017\/06\/presse2006.jpg\"><img data-recalc-dims=\"1\" loading=\"lazy\" decoding=\"async\" class=\"wp-image-164 size-medium\" src=\"https:\/\/i0.wp.com\/wordpress.hubertus-schuetzenverein.de\/wp-content\/uploads\/2017\/06\/presse2006-225x300.jpg?resize=225%2C300\" alt=\"\" width=\"225\" height=\"300\" srcset=\"https:\/\/i0.wp.com\/www.hubertus-schuetzenverein.de\/wp-content\/uploads\/2017\/06\/presse2006.jpg?resize=225%2C300&amp;ssl=1 225w, https:\/\/i0.wp.com\/www.hubertus-schuetzenverein.de\/wp-content\/uploads\/2017\/06\/presse2006.jpg?w=281&amp;ssl=1 281w\" sizes=\"auto, (max-width: 225px) 100vw, 225px\" \/><\/a><figcaption id=\"caption-attachment-164\" class=\"wp-caption-text\">Manfred und Petra Leschinski + Vorjahrespaar Thomas und Barbara M\u00fcder &#8211;\u00a0Thomas Scheepers \u00a9 2006<\/figcaption><\/figure>\n<p>K\u00f6nig Manfred regiert<\/p>\n<p>Der Hubertus-Sch\u00fctzenverein Salzbergen rundet mit seinem Sch\u00fctzenfest die zahlreichen Feste in diesem Jahr ab. Sch\u00fctzenk\u00f6nig wurde ManfredLeschinski, der seine Frau Petra zur K\u00f6nigin erkor. Kindersch\u00fctzenk\u00f6nig wurde Hendrik Schmackers, der Louisa Roters zur K\u00f6nigin erkor. Neben drei Ehrungen f\u00fcr 25-j\u00e4hrige Mitgliedschaft erhielt Manfred Wilde einen Orden f\u00fcr 25 Jahre Schie\u00dfwartt\u00e4tigkeit.<\/p>\n<h2>Jahresr\u00fcckblick 2006<\/h2>\n<ol>\n<li>Die Doppelkopfturniere wurden in diesem Jahr am 07.03.2006 und 30.03.2006 in der Gastst\u00e4tte Lammers ausgetragen. Ihrem spielerischen Geschick und der Tagesform entsprechend konnten die Teilnehmer erneut attraktive Preise gewinnen. Die Nase vorn hatten J\u00fcrgen Kestering bzw. Hubert Reckers.<\/li>\n<li>Die Radtour \u201eFahrt ins Blaue\u201c f\u00fchrte uns in diesem Jahr am 03.06.2006 bei ordentlichem Wetter durch das Salzbergener Umland. In gewohnter Weise erfreuten sich die zahlreichen Teilnehmer der sch\u00f6nen Tour und dem gelungenem Abschluss mit W\u00fcrstchen und Pommes auf dem Festplatz in Steide.<\/li>\n<li>Den H\u00f6hepunkt des Jahres, unser Sch\u00fctzenfest, feierten wir in der Zeit vom 12.08.2006 bis 15.08.2006 auf dem Festplatz an der D\u00fcnnstra\u00dfe. Am Samstagnachmittag starteten unsere Kleinen mit dem Kindersch\u00fctzenfest. Bei durchwachsendem Wetter boten sich den kleinen Sch\u00fctzen viele Attraktionen. Kindersch\u00fctzenk\u00f6nig wurde Hendrik Schmackers, zur K\u00f6nigin w\u00e4hlte er Luisa Roters. Schweren Herzens mussten die Kinder mit Ihren Eltern gegen Abend wie in jedem Jahr den Jugendlichen platz machen. Weit \u00fcber 1000 G\u00e4ste feierten mit der Band \u201eStarlights\u201c ein tolles Fest, das erst in den fr\u00fchen Morgenstunden enden wollte. Am Sonntag traf man sich nachmittags zum Festumzug an der Gastst\u00e4tte Lammers. In diesem Jahr konnten 3 Vereinsmitglieder auf eine 25-j\u00e4hrige Mitgliedschaft zur\u00fcckblicken und wurden entsprechend geehrt. Anschlie\u00dfend erfreuten sich die zahlreichen G\u00e4ste bei Kaffee und Kuchen der gro\u00dfen Tombola. F\u00fcr die musikalische Untermahlung sorgte erneut hervorragend der Musikverein Salzbergen. Mit dem D\u00e4mmerschoppen klang der Sonntag aus. Am Montagmorgen fanden sich 165 Sch\u00fctzen am Festplatz ein, um den gemeinsamen Kirchgang anzutreten. Nach der Kranzniederlegung und dem kurzen Stopp beim Gemeindedirektor ging es auf direktem Weg zur\u00fcck zum Festplatz, um das von den K\u00f6nigsnachbarsfreuen bereitete Fr\u00fchst\u00fcck einzunehmen. Kr\u00e4ftig gest\u00e4rkt konnte so zum ersten Highlight des Tages, dem K\u00f6nigsschie\u00dfen, \u00fcbergegangen werden. Zun\u00e4chst ergab sich hierbei ein gewohntes Bild: der Vogel wehrte sich tatkr\u00e4ftig, ja es hatte fast den Anschein, er w\u00fcrde den gezielten Sch\u00fcssen ausweichen. Aber nat\u00fcrlich konnte das nicht gut f\u00fcr den Vogel ausgehen. Zur Freude aller erl\u00f6ste unser Vorsitzender Manfred Leschinski die gespannten G\u00e4ste mit einem zielsicheren Schuss und errang somit die K\u00f6nigsw\u00fcrde 2006. Selbstverst\u00e4ndlich erkor er unverz\u00fcglich seine Frau Petra zur K\u00f6nigin. Wer am Abend zum Ausholen unseres neuen K\u00f6nigspaares seinen Regenschirm vergessen hatte, musste schmerzlich feststellen, dass es im Kongo leider auch keine Wettergarantie gib. Dem K\u00f6nigsball mit den \u201eBlack Horses\u201c tat das schlechte Wetter jedoch keinen Abbruch. Im Gegenteil, getanzt, gerockt und gefeiert wurde bis zum fr\u00fchen Morgen.<\/li>\n<li>Mit den traditionellen Kehraus beim Festwirt Richard Mahl endete das Sch\u00fctzenfest am Dienstag.<\/li>\n<\/ol>\n","protected":false},"excerpt":{"rendered":"<p>Pressebericht 2006 K\u00f6nig Manfred regiert Der Hubertus-Sch\u00fctzenverein Salzbergen rundet mit seinem Sch\u00fctzenfest die zahlreichen Feste in diesem Jahr ab. Sch\u00fctzenk\u00f6nig wurde ManfredLeschinski, der seine Frau Petra zur K\u00f6nigin erkor. Kindersch\u00fctzenk\u00f6nig wurde Hendrik Schmackers, der Louisa Roters zur K\u00f6nigin erkor. Neben drei Ehrungen f\u00fcr 25-j\u00e4hrige Mitgliedschaft erhielt Manfred Wilde einen Orden f\u00fcr 25 Jahre Schie\u00dfwartt\u00e4tigkeit. Jahresr\u00fcckblick [&hellip;]<\/p>\n","protected":false},"author":1,"featured_media":0,"parent":2458,"menu_order":0,"comment_status":"closed","ping_status":"closed","template":"","meta":{"jetpack_post_was_ever_published":false,"footnotes":""},"class_list":["post-2486","page","type-page","status-publish","hentry","entry"],"jetpack_sharing_enabled":true,"jetpack_shortlink":"https:\/\/wp.me\/P8RsoT-E6","jetpack-related-posts":[{"id":2471,"url":"https:\/\/www.hubertus-schuetzenverein.de\/?page_id=2471","url_meta":{"origin":2486,"position":0},"title":"2003","author":"Thorsten","date":"Juni 26, 2017","format":false,"excerpt":"Pressebericht 2003 Franz Kestering wurde Sch\u00fctzenk\u00f6nig in Salzbergen Der Hubertus-Sch\u00fctzenverein Salzbergen rundete mit seinem Sch\u00fctzenfest wie in den letzten Jahren die zahlreichen Sch\u00fctzenfeste der Salzbergener Vereine in diesem Jahr ab. Sch\u00fctzenk\u00f6nig wurde Franz Kestering, Erna Schilling w\u00e4hlte er zur K\u00f6nigin. Sie \u00fcbernehmen die Regentschaft vom amtierenden K\u00f6nigspaar Thomas und Heike\u2026","rel":"","context":"\u00c4hnlicher Beitrag","block_context":{"text":"\u00c4hnlicher Beitrag","link":""},"img":{"alt_text":"","src":"https:\/\/i0.wp.com\/wordpress.hubertus-schuetzenverein.de\/wp-content\/uploads\/2017\/06\/presse2003-300x225.jpg?resize=350%2C200","width":350,"height":200},"classes":[]},{"id":2481,"url":"https:\/\/www.hubertus-schuetzenverein.de\/?page_id=2481","url_meta":{"origin":2486,"position":1},"title":"2005","author":"Thorsten","date":"Juni 27, 2017","format":false,"excerpt":"Pressebericht 2005 Thomas M\u00fclder: K\u00f6nig vom Langenberg Beim Kindersch\u00fctzenfest wurde Marco Thale Kindersch\u00fctzenk\u00f6nig, er w\u00e4hlte Sarah Altevolmer zur K\u00f6nigin. Sonntagnachmittag wurden f\u00fcnf Sch\u00fctzenbr\u00fcder f\u00fcr 25 Jahre Mitgliedschaft vom Vorsitzenden Manfred Leschinski geehrt. Nach dem Festumzug fand ein Plakettenschie\u00dfen statt, wobei in der Altersgruppe bis 35 Michael Busch Gold, Stefan Busch\u2026","rel":"","context":"\u00c4hnlicher Beitrag","block_context":{"text":"\u00c4hnlicher Beitrag","link":""},"img":{"alt_text":"Thomas und Barbara M\u00fclder + Vorjahresk\u00f6nigspaar Thomas Finzel und Kristina Menke im Vordergrund die Kinder des K\u00f6nigspaares - Klaus G\u00f6dde \u00a9 2016","src":"https:\/\/i0.wp.com\/wordpress.hubertus-schuetzenverein.de\/wp-content\/uploads\/2017\/06\/presse2005-300x200.jpg?resize=350%2C200","width":350,"height":200},"classes":[]},{"id":3536,"url":"https:\/\/www.hubertus-schuetzenverein.de\/?page_id=3536","url_meta":{"origin":2486,"position":2},"title":"2007","author":"Thorsten","date":"Juni 29, 2017","format":false,"excerpt":"Pressebericht 2007 \u00a0 K\u00f6nig Rolf regiert! Der Hubertus \u2013 Sch\u00fctzenverein Salzbergen e. V. feierte vom 11.-13. August sein 42. Sch\u00fctzenfest. Der Samstag stand ganz im Zeichen der Jugend. Nachmittags beim Kindersch\u00fctzenfest gelang es Hannes Seggering die Kinderk\u00f6nigsw\u00fcrde zu erringen, Svenja Kestering wurde Kinderk\u00f6nigin. Abends traf sich die Jugend beim Tanz\u2026","rel":"","context":"\u00c4hnlicher Beitrag","block_context":{"text":"\u00c4hnlicher Beitrag","link":""},"img":{"alt_text":"v.l. Vorjahres K\u00f6nig Manfred Leschinski und Petra Leschinski + neuer K\u00f6nig Rolf Effner mit seiner Frau Angelika - Klaus G\u00f6dde \u00a9 2007","src":"https:\/\/i0.wp.com\/wordpress.hubertus-schuetzenverein.de\/wp-content\/uploads\/2017\/06\/presse2007-300x200.jpg?resize=350%2C200","width":350,"height":200},"classes":[]},{"id":3553,"url":"https:\/\/www.hubertus-schuetzenverein.de\/?page_id=3553","url_meta":{"origin":2486,"position":3},"title":"2013","author":"Thorsten","date":"Juni 29, 2017","format":false,"excerpt":"Pressbericht 2013 Der Hubertus \u2013 Sch\u00fctzenverein Salzbergen e. V. feierte vom 10. \u2013 12. August sein 48.Sch\u00fctzenfest. Der Samstag stand ganz im Zeichen eines z\u00fcnftigen Musikabends. Erst traf man sich mit Pastor Droste zu einem Wortgottesdienst danach spielte DJ SKYLINEMUSIC Hits vom Plattenteller und weiter sp\u00e4ter wurde abgerockt mit der\u2026","rel":"","context":"\u00c4hnlicher Beitrag","block_context":{"text":"\u00c4hnlicher Beitrag","link":""},"img":{"alt_text":"","src":"https:\/\/i0.wp.com\/wordpress.hubertus-schuetzenverein.de\/wp-content\/uploads\/2017\/06\/presse-2013-300x200.jpg?resize=350%2C200","width":350,"height":200},"classes":[]},{"id":2475,"url":"https:\/\/www.hubertus-schuetzenverein.de\/?page_id=2475","url_meta":{"origin":2486,"position":4},"title":"2004","author":"Thorsten","date":"Juni 27, 2017","format":false,"excerpt":"Pressebericht 2004 Thomas Finzel Sch\u00fctzenk\u00f6nig in Salzbergen Der Hubertus-Sch\u00fctzenverein Salzbergen feierte vergangenes Wochenende sein Sch\u00fctzenfest. Samstagnachmittag beim Kindersch\u00fctzenfest gelang es Markus Dieckm\u00e4nnken als Nachfolger von Yannik Faller die Kinderk\u00f6nigsw\u00fcrde zu erringen, Tabea Sch\u00fcring wurde Kinderk\u00f6nigin. Am Sonntag pr\u00e4gte ein gro\u00dfer Festumzug das Geschehen. Neun Sch\u00fctzenbr\u00fcder erhielten eine Anstecknadel f\u00fcr 25\u2026","rel":"","context":"\u00c4hnlicher Beitrag","block_context":{"text":"\u00c4hnlicher Beitrag","link":""},"img":{"alt_text":"Kristina Menke und Thomas Finzel, + K\u00f6nigspaar 2003 Franz Kestering und Erna Schilling - Klaus G\u00f6dde \u00a9 2016","src":"https:\/\/i0.wp.com\/wordpress.hubertus-schuetzenverein.de\/wp-content\/uploads\/2017\/06\/presse2004-300x200.jpg?resize=350%2C200","width":350,"height":200},"classes":[]},{"id":3540,"url":"https:\/\/www.hubertus-schuetzenverein.de\/?page_id=3540","url_meta":{"origin":2486,"position":5},"title":"2008","author":"Thorsten","date":"Juni 29, 2017","format":false,"excerpt":"Pressebericht 2008 Matthias B\u00fcnker neuer Sch\u00fctzenk\u00f6nig Der Hubertus-Sch\u00fctzenverein Salzbergen feierte vom 09. \u2013 11.08.2008 sein Sch\u00fctzenfest. Feldwebel Matthias B\u00fcnker konnte sich erfolgreich gegen die Mitbewerber durchsetzen und \u00fcbernahm die Regentschaft von Rolf Effner. Zur K\u00f6nigin erkor er seine Freundin Heike Th\u00fcnemann. Malte Kunk gelang es, die Kinderk\u00f6nigsw\u00fcrde zu erringen, Kinderk\u00f6nigin\u2026","rel":"","context":"\u00c4hnlicher Beitrag","block_context":{"text":"\u00c4hnlicher Beitrag","link":""},"img":{"alt_text":"","src":"https:\/\/i0.wp.com\/wordpress.hubertus-schuetzenverein.de\/wp-content\/uploads\/2017\/06\/presse2008-300x200.jpg?resize=350%2C200","width":350,"height":200},"classes":[]}],"_links":{"self":[{"href":"https:\/\/www.hubertus-schuetzenverein.de\/index.php?rest_route=\/wp\/v2\/pages\/2486","targetHints":{"allow":["GET"]}}],"collection":[{"href":"https:\/\/www.hubertus-schuetzenverein.de\/index.php?rest_route=\/wp\/v2\/pages"}],"about":[{"href":"https:\/\/www.hubertus-schuetzenverein.de\/index.php?rest_route=\/wp\/v2\/types\/page"}],"author":[{"embeddable":true,"href":"https:\/\/www.hubertus-schuetzenverein.de\/index.php?rest_route=\/wp\/v2\/users\/1"}],"replies":[{"embeddable":true,"href":"https:\/\/www.hubertus-schuetzenverein.de\/index.php?rest_route=%2Fwp%2Fv2%2Fcomments&post=2486"}],"version-history":[{"count":1,"href":"https:\/\/www.hubertus-schuetzenverein.de\/index.php?rest_route=\/wp\/v2\/pages\/2486\/revisions"}],"predecessor-version":[{"id":2487,"href":"https:\/\/www.hubertus-schuetzenverein.de\/index.php?rest_route=\/wp\/v2\/pages\/2486\/revisions\/2487"}],"up":[{"embeddable":true,"href":"https:\/\/www.hubertus-schuetzenverein.de\/index.php?rest_route=\/wp\/v2\/pages\/2458"}],"wp:attachment":[{"href":"https:\/\/www.hubertus-schuetzenverein.de\/index.php?rest_route=%2Fwp%2Fv2%2Fmedia&parent=2486"}],"curies":[{"name":"wp","href":"https:\/\/api.w.org\/{rel}","templated":true}]}}