{"id":2475,"date":"2017-06-27T10:54:38","date_gmt":"2017-06-27T10:54:38","guid":{"rendered":"http:\/\/wordpress.hubertus-schuetzenverein.de\/?page_id=2475"},"modified":"2017-06-29T05:20:34","modified_gmt":"2017-06-29T05:20:34","slug":"2004-2","status":"publish","type":"page","link":"https:\/\/www.hubertus-schuetzenverein.de\/?page_id=2475","title":{"rendered":"2004"},"content":{"rendered":"<h2>Pressebericht 2004<\/h2>\n<figure id=\"attachment_162\" aria-describedby=\"caption-attachment-162\" style=\"width: 300px\" class=\"wp-caption alignright\"><a href=\"https:\/\/i0.wp.com\/wordpress.hubertus-schuetzenverein.de\/wp-content\/uploads\/2017\/06\/presse2004.jpg\"><img data-recalc-dims=\"1\" loading=\"lazy\" decoding=\"async\" class=\"wp-image-162 size-medium\" src=\"https:\/\/i0.wp.com\/wordpress.hubertus-schuetzenverein.de\/wp-content\/uploads\/2017\/06\/presse2004-300x200.jpg?resize=300%2C200\" alt=\"Kristina Menke und Thomas Finzel, + K\u00f6nigspaar 2003 Franz Kestering und Erna Schilling - Klaus G\u00f6dde \u00a9 2016\" width=\"300\" height=\"200\" srcset=\"https:\/\/i0.wp.com\/www.hubertus-schuetzenverein.de\/wp-content\/uploads\/2017\/06\/presse2004.jpg?resize=300%2C200&amp;ssl=1 300w, https:\/\/i0.wp.com\/www.hubertus-schuetzenverein.de\/wp-content\/uploads\/2017\/06\/presse2004.jpg?w=562&amp;ssl=1 562w\" sizes=\"auto, (max-width: 300px) 100vw, 300px\" \/><\/a><figcaption id=\"caption-attachment-162\" class=\"wp-caption-text\">Kristina Menke und Thomas Finzel, + K\u00f6nigspaar 2003 Franz Kestering und Erna Schilling &#8211; Klaus G\u00f6dde \u00a9 2016<\/figcaption><\/figure>\n<p>Thomas Finzel Sch\u00fctzenk\u00f6nig in Salzbergen<\/p>\n<p>Der Hubertus-Sch\u00fctzenverein Salzbergen feierte vergangenes Wochenende sein Sch\u00fctzenfest. Samstagnachmittag beim Kindersch\u00fctzenfest gelang es Markus Dieckm\u00e4nnken als Nachfolger von Yannik Faller die Kinderk\u00f6nigsw\u00fcrde zu erringen, Tabea Sch\u00fcring wurde Kinderk\u00f6nigin. Am Sonntag pr\u00e4gte ein gro\u00dfer Festumzug das Geschehen. Neun Sch\u00fctzenbr\u00fcder erhielten eine Anstecknadel f\u00fcr 25 Jahre Mitgliedschaft. Beim Plakettenschie\u00dfen &#8211; Altersgruppe bis 35 Jahre &#8211; errangen Gold: Marco Thien, Silber: Michael Busch, Bronze: Thorsten Veerkamp. Altersgruppe \u00fcber 35 Jahre: Gold: Hermann Struffert, Silber: J\u00fcrgen Korthaneberg, Bronze: Ingo Piepel. Am Montag stand das Vogelschie\u00dfen im Mittelpunkt. Thomas Finzel war der gl\u00fcckliche Sch\u00fctze und \u00fcbernahm die Regentschaft von Franz Kestering. Zur K\u00f6nigin erkor er seine Freundin Kristina Menke.<\/p>\n<h2>Jahresr\u00fcckblick 2004<\/h2>\n<ol>\n<li>Beim Ortspokalturnier am 28.02.2004 belegte die 1. Mannschaft mit J\u00fcrgen Kestering, Georg Reckers und Andreas Reckers einen tollen 2. Platz (294,1 Ringe). Auch die 2. Mannschaft um Manfred Wilde, Stefan Kaiser und Franz Reckers sicherte sich mit einer hervorragenden Leistung den 3. Platz (293,9 Ringe). Zus\u00e4tzlich sicherte sich Franz Reckers mit 101,5 Ringen den Titel des besten Einzelsch\u00fctzen.<\/li>\n<li>Die Doppelkopfturniere fanden in diesem Jahr am 03.03.2004 und 25.03.2004 statt und waren wie immer gut besucht.<\/li>\n<li>Am 04.06.2004 waren wir vom Sch\u00fctzenverein Holsten-Bexten zum Jubelfest geladen. Bei tollem Wetter und reger Beteiligung wurde ein rauschendes Fest gefeiert.<\/li>\n<li>Wegen des tollen Festes am Vortag gestaltete sich die Radtour \u201eFahrt ins Blaue\u201c am 05.06.2004 f\u00fcr manch einen ein wenig problematisch. Doch nicht zuletzt wegen des hervorragenden Wetters, der sch\u00f6nen Tour und dem gelungenen Abschluss bei W\u00fcrstchen und Pommes wurde dieser Tag erneut zu einem der Highlights.<\/li>\n<li>Das diesj\u00e4hrige Sch\u00fctzenfest feierten wir auf dem Festplatz an der D\u00fcnnstra\u00dfe vom 07.08. bis 09.08.2004. Am Samstagnachmittag starteten unsere J\u00fcngsten bei gutem Wetter mit dem Kindersch\u00fctzenfest. Eltern und Kinder machten jedoch zum Abend hin Platz f\u00fcr die Jugendlichen, die zusammen mit der Band Finity bis in den fr\u00fchen Morgen ein rauschendes Fest feierten. Rund 1100 verkaufte Eintrittskarten und noch mehr G\u00e4ste beweisen: der Abend war ein voller Erfolg! Das Antreten zum Festumzug am Sonntag fand wie gewohnt beim Festwirt Richard Mahl statt. Dort wurden zun\u00e4chst 10 Sch\u00fctzenbr\u00fcder f\u00fcr ihre 25-j\u00e4hrige Mitgliedschaft geehrt. Anschlie\u00dfend fand eine gro\u00dfe Tombola bei reichlich Kaffee und Kuchen statt. F\u00fcr die musikalische Untermalung sorgte erneut der Musikverein Salzbergen. Mit dem D\u00e4mmerschoppen klang der Sonntag aus. Am Montagmorgen fanden sich 160 Sch\u00fctzen am Festplatz ein, um den gemeinsamen Kirchgang anzutreten. Nach der Kranzniederlegung und dem kurzen \u201eauftanken\u201c beim Gemeindedirektor ging es zur\u00fcck zum Festzelt, um das von den K\u00f6nigsnachbarsfrauen vorbereitete Fr\u00fchst\u00fcck einzunehmen. Frisch gest\u00e4rkt konnte so zum eigentlichen H\u00f6hepunkt, dem K\u00f6nigs- und Plakettenschie\u00dfen \u00fcbergegangen werden. Obwohl Werner Schulze-Erdel nicht engagiert wurde, entwickelte sich das K\u00f6nigsschie\u00dfen zum spannenden Familienduell, in dem Thomas Finzel letztlich die Nase vorn hatte. Direkt nach dem K\u00f6nigsschuss erkor er seine Verlobte Christina zur K\u00f6nigin. Beim K\u00f6nigsball war die Stimmung mit den \u201eHeartsbeats\u201c riesig. Getanzt wurde bis in den fr\u00fchen Morgen.<\/li>\n<li>Das Sch\u00fctzenfest endete am Dienstag mit dem traditionellen Kehraus beim Festwirt Richard Mahl.<\/li>\n<\/ol>\n","protected":false},"excerpt":{"rendered":"<p>Pressebericht 2004 Thomas Finzel Sch\u00fctzenk\u00f6nig in Salzbergen Der Hubertus-Sch\u00fctzenverein Salzbergen feierte vergangenes Wochenende sein Sch\u00fctzenfest. Samstagnachmittag beim Kindersch\u00fctzenfest gelang es Markus Dieckm\u00e4nnken als Nachfolger von Yannik Faller die Kinderk\u00f6nigsw\u00fcrde zu erringen, Tabea Sch\u00fcring wurde Kinderk\u00f6nigin. Am Sonntag pr\u00e4gte ein gro\u00dfer Festumzug das Geschehen. Neun Sch\u00fctzenbr\u00fcder erhielten eine Anstecknadel f\u00fcr 25 Jahre Mitgliedschaft. Beim Plakettenschie\u00dfen &#8211; [&hellip;]<\/p>\n","protected":false},"author":1,"featured_media":0,"parent":2458,"menu_order":0,"comment_status":"closed","ping_status":"closed","template":"","meta":{"jetpack_post_was_ever_published":false,"footnotes":""},"class_list":["post-2475","page","type-page","status-publish","hentry","entry"],"jetpack_sharing_enabled":true,"jetpack_shortlink":"https:\/\/wp.me\/P8RsoT-DV","jetpack-related-posts":[{"id":2481,"url":"https:\/\/www.hubertus-schuetzenverein.de\/?page_id=2481","url_meta":{"origin":2475,"position":0},"title":"2005","author":"Thorsten","date":"Juni 27, 2017","format":false,"excerpt":"Pressebericht 2005 Thomas M\u00fclder: K\u00f6nig vom Langenberg Beim Kindersch\u00fctzenfest wurde Marco Thale Kindersch\u00fctzenk\u00f6nig, er w\u00e4hlte Sarah Altevolmer zur K\u00f6nigin. Sonntagnachmittag wurden f\u00fcnf Sch\u00fctzenbr\u00fcder f\u00fcr 25 Jahre Mitgliedschaft vom Vorsitzenden Manfred Leschinski geehrt. Nach dem Festumzug fand ein Plakettenschie\u00dfen statt, wobei in der Altersgruppe bis 35 Michael Busch Gold, Stefan Busch\u2026","rel":"","context":"\u00c4hnlicher Beitrag","block_context":{"text":"\u00c4hnlicher Beitrag","link":""},"img":{"alt_text":"Thomas und Barbara M\u00fclder + Vorjahresk\u00f6nigspaar Thomas Finzel und Kristina Menke im Vordergrund die Kinder des K\u00f6nigspaares - Klaus G\u00f6dde \u00a9 2016","src":"https:\/\/i0.wp.com\/wordpress.hubertus-schuetzenverein.de\/wp-content\/uploads\/2017\/06\/presse2005-300x200.jpg?resize=350%2C200","width":350,"height":200},"classes":[]},{"id":8688,"url":"https:\/\/www.hubertus-schuetzenverein.de\/?page_id=8688","url_meta":{"origin":2475,"position":1},"title":"2024","author":"Thorsten","date":"August 19, 2024","format":false,"excerpt":"Pascal Elling neuer K\u00f6nig bei den Hubertus Sch\u00fctzen Der Hubertus Sch\u00fctzenverein Salzbergen e. V. feierte vom 10.-12. August sein 59. Sch\u00fctzenfest. Er\u00f6ffnet wurde das Sch\u00fctzenfest am Samstagabend wie \u00fcblich mit einem Wortgottesdienst durch Pastor Droste. Im Anschluss daran fand die gro\u00dfe Zeltparty mit dem DJ-Team \u201eXplosion\u201c statt, welches bis in\u2026","rel":"","context":"\u00c4hnlicher Beitrag","block_context":{"text":"\u00c4hnlicher Beitrag","link":""},"img":{"alt_text":"2024 - Pascal Elling und Helen K\u00fcnnemann","src":"https:\/\/i0.wp.com\/www.hubertus-schuetzenverein.de\/wp-content\/uploads\/2024\/08\/HubertusKoenigspaar_2024-scaled.jpg?resize=350%2C200","width":350,"height":200,"srcset":"https:\/\/i0.wp.com\/www.hubertus-schuetzenverein.de\/wp-content\/uploads\/2024\/08\/HubertusKoenigspaar_2024-scaled.jpg?resize=350%2C200 1x, https:\/\/i0.wp.com\/www.hubertus-schuetzenverein.de\/wp-content\/uploads\/2024\/08\/HubertusKoenigspaar_2024-scaled.jpg?resize=525%2C300 1.5x, https:\/\/i0.wp.com\/www.hubertus-schuetzenverein.de\/wp-content\/uploads\/2024\/08\/HubertusKoenigspaar_2024-scaled.jpg?resize=700%2C400 2x, https:\/\/i0.wp.com\/www.hubertus-schuetzenverein.de\/wp-content\/uploads\/2024\/08\/HubertusKoenigspaar_2024-scaled.jpg?resize=1050%2C600 3x, https:\/\/i0.wp.com\/www.hubertus-schuetzenverein.de\/wp-content\/uploads\/2024\/08\/HubertusKoenigspaar_2024-scaled.jpg?resize=1400%2C800 4x"},"classes":[]},{"id":3565,"url":"https:\/\/www.hubertus-schuetzenverein.de\/?page_id=3565","url_meta":{"origin":2475,"position":2},"title":"2015","author":"Thorsten","date":"Juni 30, 2017","format":false,"excerpt":"Am zweiten Wochenende im August konnte\u00a0der Hubertus-Sch\u00fctzenverein Salzbergen e.V. sein 50-j\u00e4hriges\u00a0Jubil\u00e4um mit einem gro\u00dfen Jubelfest begehen. Unter dem Motto \u201eJubeln im KONGO\u201c begann das Fest am Freitagabend mit einem Langenberger Abend im Festzelt. Zu Beginn wurde ein Wortgottesdienst mit Pastor Droste gefeiert. Dann begann das erste Kaiserschiessen des Vereins. Hier\u2026","rel":"","context":"\u00c4hnlicher Beitrag","block_context":{"text":"\u00c4hnlicher Beitrag","link":""},"img":{"alt_text":"K\u00f6nig Hermann mit seiner K\u00f6nigin Helga Struffert - \u00a9 Klaus G\u00f6dde 2015","src":"https:\/\/i0.wp.com\/wordpress.hubertus-schuetzenverein.de\/wp-content\/uploads\/2017\/06\/koenig_2015-177x300.jpg?resize=350%2C200","width":350,"height":200},"classes":[]},{"id":7693,"url":"https:\/\/www.hubertus-schuetzenverein.de\/?page_id=7693","url_meta":{"origin":2475,"position":3},"title":"2022","author":"Thorsten","date":"August 23, 2022","format":false,"excerpt":"Olaf Nega neuer K\u00f6nig bei den Hubertus Sch\u00fctzen\u00a0 Der Hubertus Sch\u00fctzenverein Salzbergen e. V. feierte vom 13.-15. August sein 57. Sch\u00fctzenfest. Er\u00f6ffnet wurde das Sch\u00fctzenfest am Samstagabend mit einem Wortgottesdienst durch Pastor Droste. Im Anschluss daran spielte die Party-Band 6th Avenue und brachte das Festzelt zum Beben.\u00a0 Folgende Sch\u00fctzenbr\u00fcder wurden\u2026","rel":"","context":"\u00c4hnlicher Beitrag","block_context":{"text":"\u00c4hnlicher Beitrag","link":""},"img":{"alt_text":"2022 - Yvonne und Olaf Nega, Foto: Klaus G\u00f6dde","src":"https:\/\/i0.wp.com\/www.hubertus-schuetzenverein.de\/wp-content\/uploads\/2022\/08\/koenig_2022-scaled.jpg?resize=350%2C200&ssl=1","width":350,"height":200,"srcset":"https:\/\/i0.wp.com\/www.hubertus-schuetzenverein.de\/wp-content\/uploads\/2022\/08\/koenig_2022-scaled.jpg?resize=350%2C200&ssl=1 1x, https:\/\/i0.wp.com\/www.hubertus-schuetzenverein.de\/wp-content\/uploads\/2022\/08\/koenig_2022-scaled.jpg?resize=525%2C300&ssl=1 1.5x, https:\/\/i0.wp.com\/www.hubertus-schuetzenverein.de\/wp-content\/uploads\/2022\/08\/koenig_2022-scaled.jpg?resize=700%2C400&ssl=1 2x, https:\/\/i0.wp.com\/www.hubertus-schuetzenverein.de\/wp-content\/uploads\/2022\/08\/koenig_2022-scaled.jpg?resize=1050%2C600&ssl=1 3x, https:\/\/i0.wp.com\/www.hubertus-schuetzenverein.de\/wp-content\/uploads\/2022\/08\/koenig_2022-scaled.jpg?resize=1400%2C800&ssl=1 4x"},"classes":[]},{"id":2460,"url":"https:\/\/www.hubertus-schuetzenverein.de\/?page_id=2460","url_meta":{"origin":2475,"position":4},"title":"2002","author":"Thorsten","date":"Juni 26, 2017","format":false,"excerpt":"Pressebericht 2002 Thomas Scheepers regiert in Salzbergen Der Hubertus-Sch\u00fctzenverein Salzbergen e.V. rundete mit seinem Sch\u00fctzenfest die zahlreichen Sch\u00fctzenfeste der Salzbergener Vereine in diesem Jahr ab. Sch\u00fctzenk\u00f6nig wurde Thomas Scheepers, seine Frau Heike w\u00e4hlte er zur K\u00f6nigin. Sie \u00fcbernehmen die Regentschaft vom amtierenden K\u00f6nigspaar Norbert und Jutta Lauel. Kindersch\u00fctzenk\u00f6nig wurde Michael\u2026","rel":"","context":"\u00c4hnlicher Beitrag","block_context":{"text":"\u00c4hnlicher Beitrag","link":""},"img":{"alt_text":"K\u00f6nigspaar Heike und Thomas Scheepers und Vorjahresk\u00f6nigspaar Jutta und Norbert Lauel - Klaus G\u00f6dde \u00a9 2016","src":"https:\/\/i0.wp.com\/wordpress.hubertus-schuetzenverein.de\/wp-content\/uploads\/2017\/06\/presse2002-300x225.jpg?resize=350%2C200","width":350,"height":200},"classes":[]},{"id":49,"url":"https:\/\/www.hubertus-schuetzenverein.de\/?page_id=49","url_meta":{"origin":2475,"position":5},"title":"Historie der K\u00f6nigspaare (1965-heute)","author":"Thorsten","date":"Juni 15, 2017","format":false,"excerpt":"2025 - Niels und Melanie Finke 2024 - Pascal Elling und Helen K\u00fcnnemann 2023 - Jonas Thiel und Diana Melnik 2022 - Yvonne und Olaf Nega 2019 - Gudrun und Reiner Thale 2018 - Mareike Egbers & Matthias R\u00f6ttering 2017 - Bianka & J\u00f6rg Sch\u00fcring 2016 - Reinhild & Thomas\u2026","rel":"","context":"\u00c4hnlicher Beitrag","block_context":{"text":"\u00c4hnlicher Beitrag","link":""},"img":{"alt_text":"2025 - Niels und Melanie Finke","src":"https:\/\/i0.wp.com\/www.hubertus-schuetzenverein.de\/wp-content\/uploads\/2025\/08\/HubertusKoenigspaar_2025-scaled.jpg?resize=350%2C200","width":350,"height":200,"srcset":"https:\/\/i0.wp.com\/www.hubertus-schuetzenverein.de\/wp-content\/uploads\/2025\/08\/HubertusKoenigspaar_2025-scaled.jpg?resize=350%2C200 1x, https:\/\/i0.wp.com\/www.hubertus-schuetzenverein.de\/wp-content\/uploads\/2025\/08\/HubertusKoenigspaar_2025-scaled.jpg?resize=525%2C300 1.5x, https:\/\/i0.wp.com\/www.hubertus-schuetzenverein.de\/wp-content\/uploads\/2025\/08\/HubertusKoenigspaar_2025-scaled.jpg?resize=700%2C400 2x, https:\/\/i0.wp.com\/www.hubertus-schuetzenverein.de\/wp-content\/uploads\/2025\/08\/HubertusKoenigspaar_2025-scaled.jpg?resize=1050%2C600 3x, https:\/\/i0.wp.com\/www.hubertus-schuetzenverein.de\/wp-content\/uploads\/2025\/08\/HubertusKoenigspaar_2025-scaled.jpg?resize=1400%2C800 4x"},"classes":[]}],"_links":{"self":[{"href":"https:\/\/www.hubertus-schuetzenverein.de\/index.php?rest_route=\/wp\/v2\/pages\/2475","targetHints":{"allow":["GET"]}}],"collection":[{"href":"https:\/\/www.hubertus-schuetzenverein.de\/index.php?rest_route=\/wp\/v2\/pages"}],"about":[{"href":"https:\/\/www.hubertus-schuetzenverein.de\/index.php?rest_route=\/wp\/v2\/types\/page"}],"author":[{"embeddable":true,"href":"https:\/\/www.hubertus-schuetzenverein.de\/index.php?rest_route=\/wp\/v2\/users\/1"}],"replies":[{"embeddable":true,"href":"https:\/\/www.hubertus-schuetzenverein.de\/index.php?rest_route=%2Fwp%2Fv2%2Fcomments&post=2475"}],"version-history":[{"count":5,"href":"https:\/\/www.hubertus-schuetzenverein.de\/index.php?rest_route=\/wp\/v2\/pages\/2475\/revisions"}],"predecessor-version":[{"id":2480,"href":"https:\/\/www.hubertus-schuetzenverein.de\/index.php?rest_route=\/wp\/v2\/pages\/2475\/revisions\/2480"}],"up":[{"embeddable":true,"href":"https:\/\/www.hubertus-schuetzenverein.de\/index.php?rest_route=\/wp\/v2\/pages\/2458"}],"wp:attachment":[{"href":"https:\/\/www.hubertus-schuetzenverein.de\/index.php?rest_route=%2Fwp%2Fv2%2Fmedia&parent=2475"}],"curies":[{"name":"wp","href":"https:\/\/api.w.org\/{rel}","templated":true}]}}