{"id":224,"date":"2017-06-18T14:31:07","date_gmt":"2017-06-18T14:31:07","guid":{"rendered":"http:\/\/wordpress.hubertus-schuetzenverein.de\/?page_id=224"},"modified":"2017-06-18T14:31:55","modified_gmt":"2017-06-18T14:31:55","slug":"schuetzenfest","status":"publish","type":"page","link":"https:\/\/www.hubertus-schuetzenverein.de\/?page_id=224","title":{"rendered":"Sch\u00fctzenfest"},"content":{"rendered":"","protected":false},"excerpt":{"rendered":"","protected":false},"author":1,"featured_media":0,"parent":0,"menu_order":4,"comment_status":"closed","ping_status":"closed","template":"","meta":{"jetpack_post_was_ever_published":false,"footnotes":""},"class_list":["post-224","page","type-page","status-publish","hentry","entry"],"jetpack_sharing_enabled":true,"jetpack_shortlink":"https:\/\/wp.me\/P8RsoT-3C","jetpack-related-posts":[{"id":595,"url":"https:\/\/www.hubertus-schuetzenverein.de\/?page_id=595","url_meta":{"origin":224,"position":0},"title":"Fotos","author":"Thorsten","date":"Juni 22, 2017","format":false,"excerpt":"Fahrt ins Blaue Sch\u00fctzenfest 2025 Sch\u00fctzenfest 2024 Sch\u00fctzenfest 2023 Sch\u00fctzenfest 2022 Sch\u00fctzenfest 2019 Sch\u00fctzenfest 2018 Sch\u00fctzenfest 2017 Sch\u00fctzenfest 2016 Sch\u00fctzenfest 2015 Sch\u00fctzenfest 2014 Sch\u00fctzenfest 2013 Sch\u00fctzenfest 2012 Sch\u00fctzenfest 2011 Winterwanderung Generalversammlung","rel":"","context":"\u00c4hnlicher Beitrag","block_context":{"text":"\u00c4hnlicher Beitrag","link":""},"img":{"alt_text":"","src":"https:\/\/i0.wp.com\/www.hubertus-schuetzenverein.de\/wp-content\/uploads\/2017\/06\/Fahrt-ins-Blaue-11-6-1.jpg?resize=350%2C200","width":350,"height":200,"srcset":"https:\/\/i0.wp.com\/www.hubertus-schuetzenverein.de\/wp-content\/uploads\/2017\/06\/Fahrt-ins-Blaue-11-6-1.jpg?resize=350%2C200 1x, https:\/\/i0.wp.com\/www.hubertus-schuetzenverein.de\/wp-content\/uploads\/2017\/06\/Fahrt-ins-Blaue-11-6-1.jpg?resize=525%2C300 1.5x"},"classes":[]},{"id":1395,"url":"https:\/\/www.hubertus-schuetzenverein.de\/?page_id=1395","url_meta":{"origin":224,"position":1},"title":"Sch\u00fctzenfest 2014","author":"Thorsten","date":"Juni 22, 2017","format":false,"excerpt":"Sonntag Montag","rel":"","context":"\u00c4hnlicher Beitrag","block_context":{"text":"\u00c4hnlicher Beitrag","link":""},"img":{"alt_text":"","src":"https:\/\/i0.wp.com\/www.hubertus-schuetzenverein.de\/wp-content\/uploads\/2017\/06\/Sf-Sonntag-14-1.jpg?resize=350%2C200","width":350,"height":200,"srcset":"https:\/\/i0.wp.com\/www.hubertus-schuetzenverein.de\/wp-content\/uploads\/2017\/06\/Sf-Sonntag-14-1.jpg?resize=350%2C200 1x, https:\/\/i0.wp.com\/www.hubertus-schuetzenverein.de\/wp-content\/uploads\/2017\/06\/Sf-Sonntag-14-1.jpg?resize=525%2C300 1.5x, https:\/\/i0.wp.com\/www.hubertus-schuetzenverein.de\/wp-content\/uploads\/2017\/06\/Sf-Sonntag-14-1.jpg?resize=700%2C400 2x"},"classes":[]},{"id":2213,"url":"https:\/\/www.hubertus-schuetzenverein.de\/?page_id=2213","url_meta":{"origin":224,"position":2},"title":"Sonntag","author":"Thorsten","date":"Juni 22, 2017","format":false,"excerpt":"Sch\u00fctzenfest 2014","rel":"","context":"\u00c4hnlicher Beitrag","block_context":{"text":"\u00c4hnlicher Beitrag","link":""},"img":{"alt_text":"","src":"https:\/\/i0.wp.com\/www.hubertus-schuetzenverein.de\/wp-content\/uploads\/2017\/06\/Sf-Sonntag-14-1.jpg?resize=350%2C200","width":350,"height":200,"srcset":"https:\/\/i0.wp.com\/www.hubertus-schuetzenverein.de\/wp-content\/uploads\/2017\/06\/Sf-Sonntag-14-1.jpg?resize=350%2C200 1x, https:\/\/i0.wp.com\/www.hubertus-schuetzenverein.de\/wp-content\/uploads\/2017\/06\/Sf-Sonntag-14-1.jpg?resize=525%2C300 1.5x, https:\/\/i0.wp.com\/www.hubertus-schuetzenverein.de\/wp-content\/uploads\/2017\/06\/Sf-Sonntag-14-1.jpg?resize=700%2C400 2x"},"classes":[]},{"id":2352,"url":"https:\/\/www.hubertus-schuetzenverein.de\/?page_id=2352","url_meta":{"origin":224,"position":3},"title":"Montag","author":"Thorsten","date":"Juni 22, 2017","format":false,"excerpt":"","rel":"","context":"\u00c4hnlicher Beitrag","block_context":{"text":"\u00c4hnlicher Beitrag","link":""},"img":{"alt_text":"","src":"https:\/\/i0.wp.com\/www.hubertus-schuetzenverein.de\/wp-content\/uploads\/2017\/06\/Sf-Montag-14-1.jpg?resize=350%2C200","width":350,"height":200,"srcset":"https:\/\/i0.wp.com\/www.hubertus-schuetzenverein.de\/wp-content\/uploads\/2017\/06\/Sf-Montag-14-1.jpg?resize=350%2C200 1x, https:\/\/i0.wp.com\/www.hubertus-schuetzenverein.de\/wp-content\/uploads\/2017\/06\/Sf-Montag-14-1.jpg?resize=525%2C300 1.5x, https:\/\/i0.wp.com\/www.hubertus-schuetzenverein.de\/wp-content\/uploads\/2017\/06\/Sf-Montag-14-1.jpg?resize=700%2C400 2x"},"classes":[]},{"id":8708,"url":"https:\/\/www.hubertus-schuetzenverein.de\/?page_id=8708","url_meta":{"origin":224,"position":4},"title":"Sch\u00fctzenfest 2024","author":"Thorsten","date":"September 3, 2024","format":false,"excerpt":"Sonntag Montag","rel":"","context":"\u00c4hnlicher Beitrag","block_context":{"text":"\u00c4hnlicher Beitrag","link":""},"img":{"alt_text":"","src":"https:\/\/i0.wp.com\/www.hubertus-schuetzenverein.de\/wp-content\/uploads\/2024\/09\/sonntag24_011.jpg?resize=350%2C200","width":350,"height":200,"srcset":"https:\/\/i0.wp.com\/www.hubertus-schuetzenverein.de\/wp-content\/uploads\/2024\/09\/sonntag24_011.jpg?resize=350%2C200 1x, https:\/\/i0.wp.com\/www.hubertus-schuetzenverein.de\/wp-content\/uploads\/2024\/09\/sonntag24_011.jpg?resize=525%2C300 1.5x, https:\/\/i0.wp.com\/www.hubertus-schuetzenverein.de\/wp-content\/uploads\/2024\/09\/sonntag24_011.jpg?resize=700%2C400 2x, https:\/\/i0.wp.com\/www.hubertus-schuetzenverein.de\/wp-content\/uploads\/2024\/09\/sonntag24_011.jpg?resize=1050%2C600 3x, https:\/\/i0.wp.com\/www.hubertus-schuetzenverein.de\/wp-content\/uploads\/2024\/09\/sonntag24_011.jpg?resize=1400%2C800 4x"},"classes":[]},{"id":3612,"url":"https:\/\/www.hubertus-schuetzenverein.de\/?page_id=3612","url_meta":{"origin":224,"position":5},"title":"Sch\u00fctzenfest 2017","author":"Thorsten","date":"August 16, 2017","format":false,"excerpt":"Sonntag Montag","rel":"","context":"\u00c4hnlicher Beitrag","block_context":{"text":"\u00c4hnlicher Beitrag","link":""},"img":{"alt_text":"","src":"https:\/\/i0.wp.com\/www.hubertus-schuetzenverein.de\/wp-content\/uploads\/2017\/08\/Sf-Sonntag-17-4.jpg?resize=350%2C200","width":350,"height":200,"srcset":"https:\/\/i0.wp.com\/www.hubertus-schuetzenverein.de\/wp-content\/uploads\/2017\/08\/Sf-Sonntag-17-4.jpg?resize=350%2C200 1x, https:\/\/i0.wp.com\/www.hubertus-schuetzenverein.de\/wp-content\/uploads\/2017\/08\/Sf-Sonntag-17-4.jpg?resize=525%2C300 1.5x, https:\/\/i0.wp.com\/www.hubertus-schuetzenverein.de\/wp-content\/uploads\/2017\/08\/Sf-Sonntag-17-4.jpg?resize=700%2C400 2x, https:\/\/i0.wp.com\/www.hubertus-schuetzenverein.de\/wp-content\/uploads\/2017\/08\/Sf-Sonntag-17-4.jpg?resize=1050%2C600 3x"},"classes":[]}],"_links":{"self":[{"href":"https:\/\/www.hubertus-schuetzenverein.de\/index.php?rest_route=\/wp\/v2\/pages\/224","targetHints":{"allow":["GET"]}}],"collection":[{"href":"https:\/\/www.hubertus-schuetzenverein.de\/index.php?rest_route=\/wp\/v2\/pages"}],"about":[{"href":"https:\/\/www.hubertus-schuetzenverein.de\/index.php?rest_route=\/wp\/v2\/types\/page"}],"author":[{"embeddable":true,"href":"https:\/\/www.hubertus-schuetzenverein.de\/index.php?rest_route=\/wp\/v2\/users\/1"}],"replies":[{"embeddable":true,"href":"https:\/\/www.hubertus-schuetzenverein.de\/index.php?rest_route=%2Fwp%2Fv2%2Fcomments&post=224"}],"version-history":[{"count":1,"href":"https:\/\/www.hubertus-schuetzenverein.de\/index.php?rest_route=\/wp\/v2\/pages\/224\/revisions"}],"predecessor-version":[{"id":225,"href":"https:\/\/www.hubertus-schuetzenverein.de\/index.php?rest_route=\/wp\/v2\/pages\/224\/revisions\/225"}],"wp:attachment":[{"href":"https:\/\/www.hubertus-schuetzenverein.de\/index.php?rest_route=%2Fwp%2Fv2%2Fmedia&parent=224"}],"curies":[{"name":"wp","href":"https:\/\/api.w.org\/{rel}","templated":true}]}}