{"id":207,"date":"2017-06-18T13:25:59","date_gmt":"2017-06-18T13:25:59","guid":{"rendered":"http:\/\/wordpress.hubertus-schuetzenverein.de\/?page_id=207"},"modified":"2023-10-27T08:52:50","modified_gmt":"2023-10-27T08:52:50","slug":"vorstand-2","status":"publish","type":"page","link":"https:\/\/www.hubertus-schuetzenverein.de\/?page_id=207","title":{"rendered":"Vorstand"},"content":{"rendered":"<div class=\"wp-block-image is-style-default\">\n<figure class=\"aligncenter size-large is-resized\"><a href=\"https:\/\/i0.wp.com\/www.hubertus-schuetzenverein.de\/wp-content\/uploads\/2023\/10\/oberst-1.jpg\"><img data-recalc-dims=\"1\" loading=\"lazy\" decoding=\"async\" src=\"https:\/\/i0.wp.com\/www.hubertus-schuetzenverein.de\/wp-content\/uploads\/2023\/10\/oberst-1.jpg?resize=225%2C328\" alt=\"Oberst - Andreas Stein\" class=\"wp-image-8470\" style=\"object-fit:cover;width:225px;height:328px\" width=\"225\" height=\"328\"\/><\/a><figcaption class=\"wp-element-caption\">Oberst &#8211; Andreas Stein<\/figcaption><\/figure>\n<\/div>\n\n\n<figure class=\"wp-block-gallery has-nested-images columns-5 is-cropped wp-block-gallery-1 is-layout-flex wp-block-gallery-is-layout-flex\">\n<figure class=\"wp-block-image size-large\"><a href=\"https:\/\/i0.wp.com\/www.hubertus-schuetzenverein.de\/wp-content\/uploads\/2023\/10\/1_vs-1.jpg\"><img data-recalc-dims=\"1\" loading=\"lazy\" decoding=\"async\" width=\"745\" height=\"1024\" data-id=\"8458\" src=\"https:\/\/i0.wp.com\/www.hubertus-schuetzenverein.de\/wp-content\/uploads\/2023\/10\/1_vs-1.jpg?resize=745%2C1024\" alt=\"1. Vorsitzender Thomas M\u00fclder\" class=\"wp-image-8458\" srcset=\"https:\/\/i0.wp.com\/www.hubertus-schuetzenverein.de\/wp-content\/uploads\/2023\/10\/1_vs-1.jpg?resize=745%2C1024&amp;ssl=1 745w, https:\/\/i0.wp.com\/www.hubertus-schuetzenverein.de\/wp-content\/uploads\/2023\/10\/1_vs-1.jpg?resize=218%2C300&amp;ssl=1 218w, https:\/\/i0.wp.com\/www.hubertus-schuetzenverein.de\/wp-content\/uploads\/2023\/10\/1_vs-1.jpg?resize=768%2C1056&amp;ssl=1 768w, https:\/\/i0.wp.com\/www.hubertus-schuetzenverein.de\/wp-content\/uploads\/2023\/10\/1_vs-1.jpg?w=1000&amp;ssl=1 1000w\" sizes=\"auto, (max-width: 745px) 100vw, 745px\" \/><\/a><figcaption class=\"wp-element-caption\">1. Vorsitzender Thomas M\u00fclder<\/figcaption><\/figure>\n\n\n\n<figure class=\"wp-block-image size-large\"><a href=\"https:\/\/i0.wp.com\/www.hubertus-schuetzenverein.de\/wp-content\/uploads\/2023\/10\/2_vs-1.jpg\"><img data-recalc-dims=\"1\" loading=\"lazy\" decoding=\"async\" width=\"745\" height=\"1024\" data-id=\"8463\" src=\"https:\/\/i0.wp.com\/www.hubertus-schuetzenverein.de\/wp-content\/uploads\/2023\/10\/2_vs-1.jpg?resize=745%2C1024\" alt=\"2. Vorsitzender Matthias R\u00f6ttering\" class=\"wp-image-8463\" srcset=\"https:\/\/i0.wp.com\/www.hubertus-schuetzenverein.de\/wp-content\/uploads\/2023\/10\/2_vs-1.jpg?resize=745%2C1024&amp;ssl=1 745w, https:\/\/i0.wp.com\/www.hubertus-schuetzenverein.de\/wp-content\/uploads\/2023\/10\/2_vs-1.jpg?resize=218%2C300&amp;ssl=1 218w, https:\/\/i0.wp.com\/www.hubertus-schuetzenverein.de\/wp-content\/uploads\/2023\/10\/2_vs-1.jpg?resize=768%2C1056&amp;ssl=1 768w, https:\/\/i0.wp.com\/www.hubertus-schuetzenverein.de\/wp-content\/uploads\/2023\/10\/2_vs-1.jpg?w=1000&amp;ssl=1 1000w\" sizes=\"auto, (max-width: 745px) 100vw, 745px\" \/><\/a><figcaption class=\"wp-element-caption\">2. Vorsitzender Matthias R\u00f6ttering<\/figcaption><\/figure>\n\n\n\n<figure class=\"wp-block-image size-large\"><a href=\"https:\/\/i0.wp.com\/www.hubertus-schuetzenverein.de\/wp-content\/uploads\/2023\/10\/1_kass-1.jpg\"><img data-recalc-dims=\"1\" loading=\"lazy\" decoding=\"async\" width=\"745\" height=\"1024\" data-id=\"8456\" src=\"https:\/\/i0.wp.com\/www.hubertus-schuetzenverein.de\/wp-content\/uploads\/2023\/10\/1_kass-1.jpg?resize=745%2C1024\" alt=\"1. Kassenwart Daniel Thien\" class=\"wp-image-8456\" srcset=\"https:\/\/i0.wp.com\/www.hubertus-schuetzenverein.de\/wp-content\/uploads\/2023\/10\/1_kass-1.jpg?resize=745%2C1024&amp;ssl=1 745w, https:\/\/i0.wp.com\/www.hubertus-schuetzenverein.de\/wp-content\/uploads\/2023\/10\/1_kass-1.jpg?resize=218%2C300&amp;ssl=1 218w, https:\/\/i0.wp.com\/www.hubertus-schuetzenverein.de\/wp-content\/uploads\/2023\/10\/1_kass-1.jpg?resize=768%2C1056&amp;ssl=1 768w, https:\/\/i0.wp.com\/www.hubertus-schuetzenverein.de\/wp-content\/uploads\/2023\/10\/1_kass-1.jpg?w=1000&amp;ssl=1 1000w\" sizes=\"auto, (max-width: 745px) 100vw, 745px\" \/><\/a><figcaption class=\"wp-element-caption\">1. Kassenwart Daniel Thien<\/figcaption><\/figure>\n\n\n\n<figure class=\"wp-block-image size-large\"><a href=\"https:\/\/i0.wp.com\/www.hubertus-schuetzenverein.de\/wp-content\/uploads\/2023\/10\/2_kass-1.jpg\"><img data-recalc-dims=\"1\" loading=\"lazy\" decoding=\"async\" width=\"745\" height=\"1024\" data-id=\"8461\" src=\"https:\/\/i0.wp.com\/www.hubertus-schuetzenverein.de\/wp-content\/uploads\/2023\/10\/2_kass-1.jpg?resize=745%2C1024\" alt=\"2. Kassenwart Andre Elling\" class=\"wp-image-8461\" srcset=\"https:\/\/i0.wp.com\/www.hubertus-schuetzenverein.de\/wp-content\/uploads\/2023\/10\/2_kass-1.jpg?resize=745%2C1024&amp;ssl=1 745w, https:\/\/i0.wp.com\/www.hubertus-schuetzenverein.de\/wp-content\/uploads\/2023\/10\/2_kass-1.jpg?resize=218%2C300&amp;ssl=1 218w, https:\/\/i0.wp.com\/www.hubertus-schuetzenverein.de\/wp-content\/uploads\/2023\/10\/2_kass-1.jpg?resize=768%2C1056&amp;ssl=1 768w, https:\/\/i0.wp.com\/www.hubertus-schuetzenverein.de\/wp-content\/uploads\/2023\/10\/2_kass-1.jpg?w=1000&amp;ssl=1 1000w\" sizes=\"auto, (max-width: 745px) 100vw, 745px\" \/><\/a><figcaption class=\"wp-element-caption\">2. Kassenwart Andre Elling<\/figcaption><\/figure>\n\n\n\n<figure class=\"wp-block-image size-large\"><a href=\"https:\/\/i0.wp.com\/www.hubertus-schuetzenverein.de\/wp-content\/uploads\/2023\/10\/1_schrift-1.jpg\"><img data-recalc-dims=\"1\" loading=\"lazy\" decoding=\"async\" width=\"745\" height=\"1024\" data-id=\"8457\" src=\"https:\/\/i0.wp.com\/www.hubertus-schuetzenverein.de\/wp-content\/uploads\/2023\/10\/1_schrift-1.jpg?resize=745%2C1024\" alt=\"1. Schriftf\u00fchrer Thorsten Veerkamp\" class=\"wp-image-8457\" srcset=\"https:\/\/i0.wp.com\/www.hubertus-schuetzenverein.de\/wp-content\/uploads\/2023\/10\/1_schrift-1.jpg?resize=745%2C1024&amp;ssl=1 745w, https:\/\/i0.wp.com\/www.hubertus-schuetzenverein.de\/wp-content\/uploads\/2023\/10\/1_schrift-1.jpg?resize=218%2C300&amp;ssl=1 218w, https:\/\/i0.wp.com\/www.hubertus-schuetzenverein.de\/wp-content\/uploads\/2023\/10\/1_schrift-1.jpg?resize=768%2C1056&amp;ssl=1 768w, https:\/\/i0.wp.com\/www.hubertus-schuetzenverein.de\/wp-content\/uploads\/2023\/10\/1_schrift-1.jpg?w=1000&amp;ssl=1 1000w\" sizes=\"auto, (max-width: 745px) 100vw, 745px\" \/><\/a><figcaption class=\"wp-element-caption\">1. Schriftf\u00fchrer Thorsten Veerkamp<\/figcaption><\/figure>\n\n\n\n<figure class=\"wp-block-image size-large\"><a href=\"https:\/\/i0.wp.com\/www.hubertus-schuetzenverein.de\/wp-content\/uploads\/2023\/10\/2_schrift-1.jpg\"><img data-recalc-dims=\"1\" loading=\"lazy\" decoding=\"async\" width=\"744\" height=\"1024\" data-id=\"8462\" src=\"https:\/\/i0.wp.com\/www.hubertus-schuetzenverein.de\/wp-content\/uploads\/2023\/10\/2_schrift-1.jpg?resize=744%2C1024\" alt=\"2. Schriftf\u00fchrer Steffen Elfert\" class=\"wp-image-8462\" srcset=\"https:\/\/i0.wp.com\/www.hubertus-schuetzenverein.de\/wp-content\/uploads\/2023\/10\/2_schrift-1.jpg?resize=744%2C1024&amp;ssl=1 744w, https:\/\/i0.wp.com\/www.hubertus-schuetzenverein.de\/wp-content\/uploads\/2023\/10\/2_schrift-1.jpg?resize=218%2C300&amp;ssl=1 218w, https:\/\/i0.wp.com\/www.hubertus-schuetzenverein.de\/wp-content\/uploads\/2023\/10\/2_schrift-1.jpg?resize=768%2C1057&amp;ssl=1 768w, https:\/\/i0.wp.com\/www.hubertus-schuetzenverein.de\/wp-content\/uploads\/2023\/10\/2_schrift-1.jpg?w=1000&amp;ssl=1 1000w\" sizes=\"auto, (max-width: 744px) 100vw, 744px\" \/><\/a><figcaption class=\"wp-element-caption\">2. Schriftf\u00fchrer Steffen Elfert<\/figcaption><\/figure>\n\n\n\n<figure class=\"wp-block-image size-large\"><a href=\"https:\/\/i0.wp.com\/www.hubertus-schuetzenverein.de\/wp-content\/uploads\/2023\/10\/1_beisitzer-1.jpg\"><img data-recalc-dims=\"1\" loading=\"lazy\" decoding=\"async\" width=\"744\" height=\"1024\" data-id=\"8455\" src=\"https:\/\/i0.wp.com\/www.hubertus-schuetzenverein.de\/wp-content\/uploads\/2023\/10\/1_beisitzer-1.jpg?resize=744%2C1024\" alt=\"1. Beisitzer Michael B\u00fcnker\" class=\"wp-image-8455\" srcset=\"https:\/\/i0.wp.com\/www.hubertus-schuetzenverein.de\/wp-content\/uploads\/2023\/10\/1_beisitzer-1.jpg?resize=744%2C1024&amp;ssl=1 744w, https:\/\/i0.wp.com\/www.hubertus-schuetzenverein.de\/wp-content\/uploads\/2023\/10\/1_beisitzer-1.jpg?resize=218%2C300&amp;ssl=1 218w, https:\/\/i0.wp.com\/www.hubertus-schuetzenverein.de\/wp-content\/uploads\/2023\/10\/1_beisitzer-1.jpg?resize=768%2C1057&amp;ssl=1 768w, https:\/\/i0.wp.com\/www.hubertus-schuetzenverein.de\/wp-content\/uploads\/2023\/10\/1_beisitzer-1.jpg?w=1000&amp;ssl=1 1000w\" sizes=\"auto, (max-width: 744px) 100vw, 744px\" \/><\/a><figcaption class=\"wp-element-caption\">1. Beisitzer Michael B\u00fcnker<\/figcaption><\/figure>\n\n\n\n<figure class=\"wp-block-image size-large\"><a href=\"https:\/\/i0.wp.com\/www.hubertus-schuetzenverein.de\/wp-content\/uploads\/2023\/10\/2_beisitzer-1.jpg\"><img data-recalc-dims=\"1\" loading=\"lazy\" decoding=\"async\" width=\"744\" height=\"1024\" data-id=\"8459\" src=\"https:\/\/i0.wp.com\/www.hubertus-schuetzenverein.de\/wp-content\/uploads\/2023\/10\/2_beisitzer-1.jpg?resize=744%2C1024\" alt=\"2. Beisitzer Matthias B\u00fcnker\" class=\"wp-image-8459\" srcset=\"https:\/\/i0.wp.com\/www.hubertus-schuetzenverein.de\/wp-content\/uploads\/2023\/10\/2_beisitzer-1.jpg?resize=744%2C1024&amp;ssl=1 744w, https:\/\/i0.wp.com\/www.hubertus-schuetzenverein.de\/wp-content\/uploads\/2023\/10\/2_beisitzer-1.jpg?resize=218%2C300&amp;ssl=1 218w, https:\/\/i0.wp.com\/www.hubertus-schuetzenverein.de\/wp-content\/uploads\/2023\/10\/2_beisitzer-1.jpg?resize=768%2C1057&amp;ssl=1 768w, https:\/\/i0.wp.com\/www.hubertus-schuetzenverein.de\/wp-content\/uploads\/2023\/10\/2_beisitzer-1.jpg?w=1000&amp;ssl=1 1000w\" sizes=\"auto, (max-width: 744px) 100vw, 744px\" \/><\/a><figcaption class=\"wp-element-caption\">2. Beisitzer Matthias B\u00fcnker<\/figcaption><\/figure>\n\n\n\n<figure class=\"wp-block-image size-full\"><a href=\"https:\/\/i0.wp.com\/www.hubertus-schuetzenverein.de\/wp-content\/uploads\/2018\/01\/matthias_buenker.png\"><img data-recalc-dims=\"1\" loading=\"lazy\" decoding=\"async\" width=\"207\" height=\"288\" data-id=\"4168\" src=\"https:\/\/i0.wp.com\/www.hubertus-schuetzenverein.de\/wp-content\/uploads\/2018\/01\/matthias_buenker.png?resize=207%2C288\" alt=\"1. Jugendvertreter Marco Thale\" class=\"wp-image-4168\"\/><\/a><figcaption class=\"wp-element-caption\">1. Jugendvertreter Marco Thale<\/figcaption><\/figure>\n\n\n\n<figure class=\"wp-block-image size-large\"><a href=\"https:\/\/i0.wp.com\/www.hubertus-schuetzenverein.de\/wp-content\/uploads\/2023\/10\/2_jugend-1.jpg\"><img data-recalc-dims=\"1\" loading=\"lazy\" decoding=\"async\" width=\"744\" height=\"1024\" data-id=\"8460\" src=\"https:\/\/i0.wp.com\/www.hubertus-schuetzenverein.de\/wp-content\/uploads\/2023\/10\/2_jugend-1.jpg?resize=744%2C1024\" alt=\"2. Jugendvertreter Mathis K\u00fcthe\" class=\"wp-image-8460\" srcset=\"https:\/\/i0.wp.com\/www.hubertus-schuetzenverein.de\/wp-content\/uploads\/2023\/10\/2_jugend-1.jpg?resize=744%2C1024&amp;ssl=1 744w, https:\/\/i0.wp.com\/www.hubertus-schuetzenverein.de\/wp-content\/uploads\/2023\/10\/2_jugend-1.jpg?resize=218%2C300&amp;ssl=1 218w, https:\/\/i0.wp.com\/www.hubertus-schuetzenverein.de\/wp-content\/uploads\/2023\/10\/2_jugend-1.jpg?resize=768%2C1057&amp;ssl=1 768w, https:\/\/i0.wp.com\/www.hubertus-schuetzenverein.de\/wp-content\/uploads\/2023\/10\/2_jugend-1.jpg?w=1000&amp;ssl=1 1000w\" sizes=\"auto, (max-width: 744px) 100vw, 744px\" \/><\/a><figcaption class=\"wp-element-caption\">2. Jugendvertreter Mathis K\u00fcthe<\/figcaption><\/figure>\n<\/figure>\n","protected":false},"excerpt":{"rendered":"","protected":false},"author":1,"featured_media":0,"parent":0,"menu_order":5,"comment_status":"closed","ping_status":"closed","template":"","meta":{"jetpack_post_was_ever_published":false,"footnotes":""},"class_list":["post-207","page","type-page","status-publish","hentry","entry"],"jetpack_sharing_enabled":true,"jetpack_shortlink":"https:\/\/wp.me\/P8RsoT-3l","jetpack-related-posts":[{"id":9124,"url":"https:\/\/www.hubertus-schuetzenverein.de\/?page_id=9124","url_meta":{"origin":207,"position":0},"title":"Pressebericht Sch\u00fctzenfest 2025","author":"Thorsten","date":"August 14, 2025","format":false,"excerpt":"Niels Finke neuer K\u00f6nig des Hubertus Sch\u00fctzenvereins Der Hubertus Sch\u00fctzenverein Salzbergen e. V. feierte vom 09.-11. August sein 60. Sch\u00fctzenfest. Er\u00f6ffnet wurde das Sch\u00fctzenfest am Samstagabend wie \u00fcblich mit einem Wortgottesdienst durch Pastor Droste. Im Anschluss daran fand die gro\u00dfe Zeltparty mit dem DJ-Team \u201eXplosion\u201c statt, welches bis in die\u2026","rel":"","context":"\u00c4hnlicher Beitrag","block_context":{"text":"\u00c4hnlicher Beitrag","link":""},"img":{"alt_text":"2025 - Niels und Melanie Finke","src":"https:\/\/i0.wp.com\/www.hubertus-schuetzenverein.de\/wp-content\/uploads\/2025\/08\/HubertusKoenigspaar_2025-scaled.jpg?resize=350%2C200","width":350,"height":200,"srcset":"https:\/\/i0.wp.com\/www.hubertus-schuetzenverein.de\/wp-content\/uploads\/2025\/08\/HubertusKoenigspaar_2025-scaled.jpg?resize=350%2C200 1x, https:\/\/i0.wp.com\/www.hubertus-schuetzenverein.de\/wp-content\/uploads\/2025\/08\/HubertusKoenigspaar_2025-scaled.jpg?resize=525%2C300 1.5x, https:\/\/i0.wp.com\/www.hubertus-schuetzenverein.de\/wp-content\/uploads\/2025\/08\/HubertusKoenigspaar_2025-scaled.jpg?resize=700%2C400 2x, https:\/\/i0.wp.com\/www.hubertus-schuetzenverein.de\/wp-content\/uploads\/2025\/08\/HubertusKoenigspaar_2025-scaled.jpg?resize=1050%2C600 3x, https:\/\/i0.wp.com\/www.hubertus-schuetzenverein.de\/wp-content\/uploads\/2025\/08\/HubertusKoenigspaar_2025-scaled.jpg?resize=1400%2C800 4x"},"classes":[]},{"id":3561,"url":"https:\/\/www.hubertus-schuetzenverein.de\/?page_id=3561","url_meta":{"origin":207,"position":1},"title":"2014","author":"Thorsten","date":"Juni 29, 2017","format":false,"excerpt":"Prinz Karneval jetzt auch Sch\u00fctzenk\u00f6nig Der Hubertus \u2013 Sch\u00fctzenverein Salzbergen e. V. feierte vom 09.-11. August sein j\u00e4hrliches Sch\u00fctzenfest. Der Samstag stand ganz im Zeichen eines z\u00fcnftigen Musikabends. Erst traf man sich mit Pastor Droste zu einem Wortgottesdienst danach spielte DJ SKYLINEMUSIC Hits vom Plattenteller und weiter sp\u00e4ter wurde abgerocktmit\u2026","rel":"","context":"\u00c4hnlicher Beitrag","block_context":{"text":"\u00c4hnlicher Beitrag","link":""},"img":{"alt_text":"K\u00f6nig Andreas und seine K\u00f6nigin Claudia Stein - Klaus G\u00f6dde \u00a92014 ","src":"https:\/\/i0.wp.com\/wordpress.hubertus-schuetzenverein.de\/wp-content\/uploads\/2017\/06\/Koenig_2014-200x300.jpg?resize=350%2C200","width":350,"height":200},"classes":[]},{"id":3565,"url":"https:\/\/www.hubertus-schuetzenverein.de\/?page_id=3565","url_meta":{"origin":207,"position":2},"title":"2015","author":"Thorsten","date":"Juni 30, 2017","format":false,"excerpt":"Am zweiten Wochenende im August konnte\u00a0der Hubertus-Sch\u00fctzenverein Salzbergen e.V. sein 50-j\u00e4hriges\u00a0Jubil\u00e4um mit einem gro\u00dfen Jubelfest begehen. Unter dem Motto \u201eJubeln im KONGO\u201c begann das Fest am Freitagabend mit einem Langenberger Abend im Festzelt. Zu Beginn wurde ein Wortgottesdienst mit Pastor Droste gefeiert. Dann begann das erste Kaiserschiessen des Vereins. Hier\u2026","rel":"","context":"\u00c4hnlicher Beitrag","block_context":{"text":"\u00c4hnlicher Beitrag","link":""},"img":{"alt_text":"K\u00f6nig Hermann mit seiner K\u00f6nigin Helga Struffert - \u00a9 Klaus G\u00f6dde 2015","src":"https:\/\/i0.wp.com\/wordpress.hubertus-schuetzenverein.de\/wp-content\/uploads\/2017\/06\/koenig_2015-177x300.jpg?resize=350%2C200","width":350,"height":200},"classes":[]},{"id":7693,"url":"https:\/\/www.hubertus-schuetzenverein.de\/?page_id=7693","url_meta":{"origin":207,"position":3},"title":"2022","author":"Thorsten","date":"August 23, 2022","format":false,"excerpt":"Olaf Nega neuer K\u00f6nig bei den Hubertus Sch\u00fctzen\u00a0 Der Hubertus Sch\u00fctzenverein Salzbergen e. V. feierte vom 13.-15. August sein 57. Sch\u00fctzenfest. Er\u00f6ffnet wurde das Sch\u00fctzenfest am Samstagabend mit einem Wortgottesdienst durch Pastor Droste. Im Anschluss daran spielte die Party-Band 6th Avenue und brachte das Festzelt zum Beben.\u00a0 Folgende Sch\u00fctzenbr\u00fcder wurden\u2026","rel":"","context":"\u00c4hnlicher Beitrag","block_context":{"text":"\u00c4hnlicher Beitrag","link":""},"img":{"alt_text":"2022 - Yvonne und Olaf Nega, Foto: Klaus G\u00f6dde","src":"https:\/\/i0.wp.com\/www.hubertus-schuetzenverein.de\/wp-content\/uploads\/2022\/08\/koenig_2022-scaled.jpg?resize=350%2C200&ssl=1","width":350,"height":200,"srcset":"https:\/\/i0.wp.com\/www.hubertus-schuetzenverein.de\/wp-content\/uploads\/2022\/08\/koenig_2022-scaled.jpg?resize=350%2C200&ssl=1 1x, https:\/\/i0.wp.com\/www.hubertus-schuetzenverein.de\/wp-content\/uploads\/2022\/08\/koenig_2022-scaled.jpg?resize=525%2C300&ssl=1 1.5x, https:\/\/i0.wp.com\/www.hubertus-schuetzenverein.de\/wp-content\/uploads\/2022\/08\/koenig_2022-scaled.jpg?resize=700%2C400&ssl=1 2x, https:\/\/i0.wp.com\/www.hubertus-schuetzenverein.de\/wp-content\/uploads\/2022\/08\/koenig_2022-scaled.jpg?resize=1050%2C600&ssl=1 3x, https:\/\/i0.wp.com\/www.hubertus-schuetzenverein.de\/wp-content\/uploads\/2022\/08\/koenig_2022-scaled.jpg?resize=1400%2C800&ssl=1 4x"},"classes":[]},{"id":292,"url":"https:\/\/www.hubertus-schuetzenverein.de\/?page_id=292","url_meta":{"origin":207,"position":4},"title":"2016","author":"Thorsten","date":"Juni 20, 2017","format":false,"excerpt":"Thomas Altevolmer ist der neue K\u00f6nig im Kongo Der Hubertus \u2013 Sch\u00fctzenverein Salzbergen e. V. feierte vom 13.-15. August sein 51. Sch\u00fctzenfest. Der Samstag stand ganz im Zeichen eines Wachejubelfestes. Die Kongo-Wache feierte ihr 25-j\u00e4hriges Bestehen. Hier gelang es Fabian Altevolmer der 3. Jugendsch\u00fctzenk\u00f6nig in Salzbergen zu werden. Am Sonntagnachmittag\u2026","rel":"","context":"\u00c4hnlicher Beitrag","block_context":{"text":"\u00c4hnlicher Beitrag","link":""},"img":{"alt_text":"Saskia Altemeyer und Fabian Altevolmer, Reinhild und Thomas Altevolmer, Helga und Hermann Struffert ","src":"https:\/\/i0.wp.com\/www.hubertus-schuetzenverein.de\/wp-content\/uploads\/2017\/06\/alle_koenige_2016-300x200.jpg?resize=350%2C200","width":350,"height":200},"classes":[]},{"id":3545,"url":"https:\/\/www.hubertus-schuetzenverein.de\/?page_id=3545","url_meta":{"origin":207,"position":5},"title":"2010","author":"Thorsten","date":"Juni 29, 2017","format":false,"excerpt":"Pressebericht 2010 Klaus Becke ist K\u00f6nig in Salzbergen Neuer K\u00f6nig des Hubertus-Sch\u00fctzenvereins Salzbergen ist Klaus Becke. Er \u00fcbernahm die Regentschaft vom Vorjahresk\u00f6nig Helmut Siepker. Beim Kindersch\u00fctzenfest holte Eric Kre\u00dfner die Kinderk\u00f6nigsw\u00fcrde, Juliane M\u00fclder wurde Kinderk\u00f6nigin. Am Sonntagnachmittag wurden Andreas Stein, Heinz Haumer, J\u00fcrgen Kestering und Andreas Kestering f\u00fcr 25 Jahre\u2026","rel":"","context":"\u00c4hnlicher Beitrag","block_context":{"text":"\u00c4hnlicher Beitrag","link":""},"img":{"alt_text":"v.l. Vorjahresk\u00f6nig Helmut und Karola Siepker + Klaus Becke und Heike Humpack - Andreas Sattler \u00a9 2010","src":"https:\/\/i0.wp.com\/wordpress.hubertus-schuetzenverein.de\/wp-content\/uploads\/2017\/06\/presse2010-300x200.jpg?resize=350%2C200","width":350,"height":200},"classes":[]}],"_links":{"self":[{"href":"https:\/\/www.hubertus-schuetzenverein.de\/index.php?rest_route=\/wp\/v2\/pages\/207","targetHints":{"allow":["GET"]}}],"collection":[{"href":"https:\/\/www.hubertus-schuetzenverein.de\/index.php?rest_route=\/wp\/v2\/pages"}],"about":[{"href":"https:\/\/www.hubertus-schuetzenverein.de\/index.php?rest_route=\/wp\/v2\/types\/page"}],"author":[{"embeddable":true,"href":"https:\/\/www.hubertus-schuetzenverein.de\/index.php?rest_route=\/wp\/v2\/users\/1"}],"replies":[{"embeddable":true,"href":"https:\/\/www.hubertus-schuetzenverein.de\/index.php?rest_route=%2Fwp%2Fv2%2Fcomments&post=207"}],"version-history":[{"count":24,"href":"https:\/\/www.hubertus-schuetzenverein.de\/index.php?rest_route=\/wp\/v2\/pages\/207\/revisions"}],"predecessor-version":[{"id":8474,"href":"https:\/\/www.hubertus-schuetzenverein.de\/index.php?rest_route=\/wp\/v2\/pages\/207\/revisions\/8474"}],"wp:attachment":[{"href":"https:\/\/www.hubertus-schuetzenverein.de\/index.php?rest_route=%2Fwp%2Fv2%2Fmedia&parent=207"}],"curies":[{"name":"wp","href":"https:\/\/api.w.org\/{rel}","templated":true}]}}