{"id":183,"date":"2017-06-18T11:57:14","date_gmt":"2017-06-18T11:57:14","guid":{"rendered":"http:\/\/wordpress.hubertus-schuetzenverein.de\/?page_id=183"},"modified":"2025-08-14T04:38:02","modified_gmt":"2025-08-14T04:38:02","slug":"home","status":"publish","type":"page","link":"https:\/\/www.hubertus-schuetzenverein.de\/","title":{"rendered":"Home"},"content":{"rendered":"\n<h2 class=\"wp-block-heading has-text-align-center\">K\u00f6nig 2025<\/h2>\n\n\n<div class=\"wp-block-image is-style-default\">\n<figure class=\"aligncenter size-large\"><img data-recalc-dims=\"1\" loading=\"lazy\" decoding=\"async\" width=\"683\" height=\"1024\" src=\"https:\/\/i0.wp.com\/www.hubertus-schuetzenverein.de\/wp-content\/uploads\/2025\/08\/HubertusKoenigspaar_2025-683x1024.jpg?resize=683%2C1024&#038;ssl=1\" alt=\"\" class=\"wp-image-9119\" srcset=\"https:\/\/i0.wp.com\/www.hubertus-schuetzenverein.de\/wp-content\/uploads\/2025\/08\/HubertusKoenigspaar_2025-scaled.jpg?resize=683%2C1024&amp;ssl=1 683w, https:\/\/i0.wp.com\/www.hubertus-schuetzenverein.de\/wp-content\/uploads\/2025\/08\/HubertusKoenigspaar_2025-scaled.jpg?resize=200%2C300&amp;ssl=1 200w, https:\/\/i0.wp.com\/www.hubertus-schuetzenverein.de\/wp-content\/uploads\/2025\/08\/HubertusKoenigspaar_2025-scaled.jpg?resize=768%2C1152&amp;ssl=1 768w, https:\/\/i0.wp.com\/www.hubertus-schuetzenverein.de\/wp-content\/uploads\/2025\/08\/HubertusKoenigspaar_2025-scaled.jpg?resize=1024%2C1536&amp;ssl=1 1024w, https:\/\/i0.wp.com\/www.hubertus-schuetzenverein.de\/wp-content\/uploads\/2025\/08\/HubertusKoenigspaar_2025-scaled.jpg?resize=1365%2C2048&amp;ssl=1 1365w, https:\/\/i0.wp.com\/www.hubertus-schuetzenverein.de\/wp-content\/uploads\/2025\/08\/HubertusKoenigspaar_2025-scaled.jpg?w=1707&amp;ssl=1 1707w\" sizes=\"auto, (max-width: 683px) 100vw, 683px\" \/><figcaption class=\"wp-element-caption\">Niels und Melanie Finke<\/figcaption><\/figure>\n<\/div>\n\n\n<p><\/p>\n","protected":false},"excerpt":{"rendered":"<p>K\u00f6nig 2025<\/p>\n","protected":false},"author":1,"featured_media":0,"parent":0,"menu_order":0,"comment_status":"closed","ping_status":"closed","template":"","meta":{"jetpack_post_was_ever_published":false,"footnotes":""},"class_list":["post-183","page","type-page","status-publish","hentry","entry"],"jetpack_sharing_enabled":true,"jetpack_shortlink":"https:\/\/wp.me\/P8RsoT-2X","jetpack-related-posts":[{"id":9124,"url":"https:\/\/www.hubertus-schuetzenverein.de\/?page_id=9124","url_meta":{"origin":183,"position":0},"title":"Pressebericht Sch\u00fctzenfest 2025","author":"Thorsten","date":"August 14, 2025","format":false,"excerpt":"Niels Finke neuer K\u00f6nig des Hubertus Sch\u00fctzenvereins Der Hubertus Sch\u00fctzenverein Salzbergen e. V. feierte vom 09.-11. August sein 60. Sch\u00fctzenfest. Er\u00f6ffnet wurde das Sch\u00fctzenfest am Samstagabend wie \u00fcblich mit einem Wortgottesdienst durch Pastor Droste. Im Anschluss daran fand die gro\u00dfe Zeltparty mit dem DJ-Team \u201eXplosion\u201c statt, welches bis in die\u2026","rel":"","context":"\u00c4hnlicher Beitrag","block_context":{"text":"\u00c4hnlicher Beitrag","link":""},"img":{"alt_text":"2025 - Niels und Melanie Finke","src":"https:\/\/i0.wp.com\/www.hubertus-schuetzenverein.de\/wp-content\/uploads\/2025\/08\/HubertusKoenigspaar_2025-scaled.jpg?resize=350%2C200","width":350,"height":200,"srcset":"https:\/\/i0.wp.com\/www.hubertus-schuetzenverein.de\/wp-content\/uploads\/2025\/08\/HubertusKoenigspaar_2025-scaled.jpg?resize=350%2C200 1x, https:\/\/i0.wp.com\/www.hubertus-schuetzenverein.de\/wp-content\/uploads\/2025\/08\/HubertusKoenigspaar_2025-scaled.jpg?resize=525%2C300 1.5x, https:\/\/i0.wp.com\/www.hubertus-schuetzenverein.de\/wp-content\/uploads\/2025\/08\/HubertusKoenigspaar_2025-scaled.jpg?resize=700%2C400 2x, https:\/\/i0.wp.com\/www.hubertus-schuetzenverein.de\/wp-content\/uploads\/2025\/08\/HubertusKoenigspaar_2025-scaled.jpg?resize=1050%2C600 3x, https:\/\/i0.wp.com\/www.hubertus-schuetzenverein.de\/wp-content\/uploads\/2025\/08\/HubertusKoenigspaar_2025-scaled.jpg?resize=1400%2C800 4x"},"classes":[]},{"id":294,"url":"https:\/\/www.hubertus-schuetzenverein.de\/?page_id=294","url_meta":{"origin":183,"position":1},"title":"Unser K\u00f6nigspaar 2025","author":"Thorsten","date":"Juni 20, 2017","format":false,"excerpt":"2025 - Niels und Melanie Finke","rel":"","context":"\u00c4hnlicher Beitrag","block_context":{"text":"\u00c4hnlicher Beitrag","link":""},"img":{"alt_text":"2025 - Niels und Melanie Finke","src":"https:\/\/i0.wp.com\/www.hubertus-schuetzenverein.de\/wp-content\/uploads\/2025\/08\/HubertusKoenigspaar_2025-scaled.jpg?resize=350%2C200&ssl=1","width":350,"height":200,"srcset":"https:\/\/i0.wp.com\/www.hubertus-schuetzenverein.de\/wp-content\/uploads\/2025\/08\/HubertusKoenigspaar_2025-scaled.jpg?resize=350%2C200&ssl=1 1x, https:\/\/i0.wp.com\/www.hubertus-schuetzenverein.de\/wp-content\/uploads\/2025\/08\/HubertusKoenigspaar_2025-scaled.jpg?resize=525%2C300&ssl=1 1.5x, https:\/\/i0.wp.com\/www.hubertus-schuetzenverein.de\/wp-content\/uploads\/2025\/08\/HubertusKoenigspaar_2025-scaled.jpg?resize=700%2C400&ssl=1 2x, https:\/\/i0.wp.com\/www.hubertus-schuetzenverein.de\/wp-content\/uploads\/2025\/08\/HubertusKoenigspaar_2025-scaled.jpg?resize=1050%2C600&ssl=1 3x, https:\/\/i0.wp.com\/www.hubertus-schuetzenverein.de\/wp-content\/uploads\/2025\/08\/HubertusKoenigspaar_2025-scaled.jpg?resize=1400%2C800&ssl=1 4x"},"classes":[]},{"id":49,"url":"https:\/\/www.hubertus-schuetzenverein.de\/?page_id=49","url_meta":{"origin":183,"position":2},"title":"Historie der K\u00f6nigspaare (1965-heute)","author":"Thorsten","date":"Juni 15, 2017","format":false,"excerpt":"2025 - Niels und Melanie Finke 2024 - Pascal Elling und Helen K\u00fcnnemann 2023 - Jonas Thiel und Diana Melnik 2022 - Yvonne und Olaf Nega 2019 - Gudrun und Reiner Thale 2018 - Mareike Egbers & Matthias R\u00f6ttering 2017 - Bianka & J\u00f6rg Sch\u00fcring 2016 - Reinhild & Thomas\u2026","rel":"","context":"\u00c4hnlicher Beitrag","block_context":{"text":"\u00c4hnlicher Beitrag","link":""},"img":{"alt_text":"2025 - Niels und Melanie Finke","src":"https:\/\/i0.wp.com\/www.hubertus-schuetzenverein.de\/wp-content\/uploads\/2025\/08\/HubertusKoenigspaar_2025-scaled.jpg?resize=350%2C200","width":350,"height":200,"srcset":"https:\/\/i0.wp.com\/www.hubertus-schuetzenverein.de\/wp-content\/uploads\/2025\/08\/HubertusKoenigspaar_2025-scaled.jpg?resize=350%2C200 1x, https:\/\/i0.wp.com\/www.hubertus-schuetzenverein.de\/wp-content\/uploads\/2025\/08\/HubertusKoenigspaar_2025-scaled.jpg?resize=525%2C300 1.5x, https:\/\/i0.wp.com\/www.hubertus-schuetzenverein.de\/wp-content\/uploads\/2025\/08\/HubertusKoenigspaar_2025-scaled.jpg?resize=700%2C400 2x, https:\/\/i0.wp.com\/www.hubertus-schuetzenverein.de\/wp-content\/uploads\/2025\/08\/HubertusKoenigspaar_2025-scaled.jpg?resize=1050%2C600 3x, https:\/\/i0.wp.com\/www.hubertus-schuetzenverein.de\/wp-content\/uploads\/2025\/08\/HubertusKoenigspaar_2025-scaled.jpg?resize=1400%2C800 4x"},"classes":[]},{"id":272,"url":"https:\/\/www.hubertus-schuetzenverein.de\/?page_id=272","url_meta":{"origin":183,"position":3},"title":"Eine kostspielige Wette","author":"Thorsten","date":"Juni 20, 2017","format":false,"excerpt":"Am 10.08.1987 trug sich w\u00e4hrend des K\u00f6nigsschie\u00dfens auf dem Festplatz an der D\u00fcnnstra\u00dfe folgendes zu. Einige Jungsch\u00fctzen, man sprach von f\u00fcnf Kum\u00adpels, die gemeinsam durch Dick und D\u00fcnn gehen, hatten sich in den Kopf gesetzt, unbedingt den diesj\u00e4hrigen Sch\u00fctzenk\u00f6nig aus ihrer Clique zu stellen. So traf es dann zu, dass\u2026","rel":"","context":"\u00c4hnlicher Beitrag","block_context":{"text":"\u00c4hnlicher Beitrag","link":""},"img":{"alt_text":"","src":"","width":0,"height":0},"classes":[]},{"id":292,"url":"https:\/\/www.hubertus-schuetzenverein.de\/?page_id=292","url_meta":{"origin":183,"position":4},"title":"2016","author":"Thorsten","date":"Juni 20, 2017","format":false,"excerpt":"Thomas Altevolmer ist der neue K\u00f6nig im Kongo Der Hubertus \u2013 Sch\u00fctzenverein Salzbergen e. V. feierte vom 13.-15. August sein 51. Sch\u00fctzenfest. Der Samstag stand ganz im Zeichen eines Wachejubelfestes. Die Kongo-Wache feierte ihr 25-j\u00e4hriges Bestehen. Hier gelang es Fabian Altevolmer der 3. Jugendsch\u00fctzenk\u00f6nig in Salzbergen zu werden. Am Sonntagnachmittag\u2026","rel":"","context":"\u00c4hnlicher Beitrag","block_context":{"text":"\u00c4hnlicher Beitrag","link":""},"img":{"alt_text":"Saskia Altemeyer und Fabian Altevolmer, Reinhild und Thomas Altevolmer, Helga und Hermann Struffert ","src":"https:\/\/i0.wp.com\/www.hubertus-schuetzenverein.de\/wp-content\/uploads\/2017\/06\/alle_koenige_2016-300x200.jpg?resize=350%2C200","width":350,"height":200},"classes":[]},{"id":3536,"url":"https:\/\/www.hubertus-schuetzenverein.de\/?page_id=3536","url_meta":{"origin":183,"position":5},"title":"2007","author":"Thorsten","date":"Juni 29, 2017","format":false,"excerpt":"Pressebericht 2007 \u00a0 K\u00f6nig Rolf regiert! Der Hubertus \u2013 Sch\u00fctzenverein Salzbergen e. V. feierte vom 11.-13. August sein 42. Sch\u00fctzenfest. Der Samstag stand ganz im Zeichen der Jugend. Nachmittags beim Kindersch\u00fctzenfest gelang es Hannes Seggering die Kinderk\u00f6nigsw\u00fcrde zu erringen, Svenja Kestering wurde Kinderk\u00f6nigin. Abends traf sich die Jugend beim Tanz\u2026","rel":"","context":"\u00c4hnlicher Beitrag","block_context":{"text":"\u00c4hnlicher Beitrag","link":""},"img":{"alt_text":"v.l. Vorjahres K\u00f6nig Manfred Leschinski und Petra Leschinski + neuer K\u00f6nig Rolf Effner mit seiner Frau Angelika - Klaus G\u00f6dde \u00a9 2007","src":"https:\/\/i0.wp.com\/wordpress.hubertus-schuetzenverein.de\/wp-content\/uploads\/2017\/06\/presse2007-300x200.jpg?resize=350%2C200","width":350,"height":200},"classes":[]}],"_links":{"self":[{"href":"https:\/\/www.hubertus-schuetzenverein.de\/index.php?rest_route=\/wp\/v2\/pages\/183","targetHints":{"allow":["GET"]}}],"collection":[{"href":"https:\/\/www.hubertus-schuetzenverein.de\/index.php?rest_route=\/wp\/v2\/pages"}],"about":[{"href":"https:\/\/www.hubertus-schuetzenverein.de\/index.php?rest_route=\/wp\/v2\/types\/page"}],"author":[{"embeddable":true,"href":"https:\/\/www.hubertus-schuetzenverein.de\/index.php?rest_route=\/wp\/v2\/users\/1"}],"replies":[{"embeddable":true,"href":"https:\/\/www.hubertus-schuetzenverein.de\/index.php?rest_route=%2Fwp%2Fv2%2Fcomments&post=183"}],"version-history":[{"count":129,"href":"https:\/\/www.hubertus-schuetzenverein.de\/index.php?rest_route=\/wp\/v2\/pages\/183\/revisions"}],"predecessor-version":[{"id":9122,"href":"https:\/\/www.hubertus-schuetzenverein.de\/index.php?rest_route=\/wp\/v2\/pages\/183\/revisions\/9122"}],"wp:attachment":[{"href":"https:\/\/www.hubertus-schuetzenverein.de\/index.php?rest_route=%2Fwp%2Fv2%2Fmedia&parent=183"}],"curies":[{"name":"wp","href":"https:\/\/api.w.org\/{rel}","templated":true}]}}